{"id":215162,"date":"2023-04-18T13:05:58","date_gmt":"2023-04-18T12:05:58","guid":{"rendered":"https:\/\/glownaturalliving.com\/winkel\/unkategorisiert\/plastikfreie-bambus-wattestaebchen\/"},"modified":"2026-01-15T13:42:24","modified_gmt":"2026-01-15T12:42:24","slug":"plastikfreie-bambus-wattestaebchen","status":"publish","type":"product","link":"https:\/\/glownaturalliving.com\/de\/winkel\/pflege\/pflege-produkte\/plastikfreie-bambus-wattestaebchen\/","title":{"rendered":"Kunststofffreie Bambus-Wattest\u00e4bchen"},"content":{"rendered":"<p>Diese Bambuswattest\u00e4bchen sind zu 100% biologisch abbaubar und eine gro\u00dfartige Alternative zu Wattest\u00e4bchen aus Kunststoff.<\/p>\n<p>Die Box besteht aus recyceltem Karton und ist wie die Wattest\u00e4bchen vollst\u00e4ndig biologisch abbaubar.<\/p>\n<p>100 St\u00fcck in einer Schachtel<\/p>\n<ul>\n<li>Hergestellt aus nachhaltigem Bambus<\/li>\n<li>Biologisch abbaubar<\/li>\n<li>Plastikfreier Versand<\/li>\n<\/ul>\n<p>Alle Bambusprodukte von Elicious, einschlie\u00dflich dieser plastikfreien Bambus-Wattest\u00e4bchen, werden alle aus 100% biologisch angebautem Bambus handgefertigt und mit einem nat\u00fcrlichen Lack auf pflanzlicher Basis veredelt. Dies macht es auch einfach, sauber zu halten.<\/p>\n<p>Wenn Sie nachhaltigere Produkte in Ihr Zuhause bringen m\u00f6chten, ist Bambus eine gute Option, die Sie in Betracht ziehen sollten. Dieses Material ist sehr vielseitig und kann verwendet werden, um Kunststoff, Papier und Holz f\u00fcr verschiedene Haushaltsgegenst\u00e4nde zu ersetzen.<\/p>\n<p>Bambus ist eine immergr\u00fcne Grasart, die mit einer unglaublichen Geschwindigkeit w\u00e4chst. Sie erreicht ihre volle H\u00f6he in 3 bis 4 Monaten. Vergleichen Sie das mit einem Baum, der 30 oder mehr Jahre braucht, um vollst\u00e4ndig zu reifen. Die Bambuspflanze kann leicht gef\u00e4llt und neu gepflanzt werden. Dar\u00fcber hinaus verursacht die j\u00e4hrliche Ernte keine Sch\u00e4den am Boden oder an der Umgebung.<\/p>\n<p>Bambus w\u00e4chst nicht nur schnell, sondern nimmt auch doppelt so viel Kohlendioxid auf wie B\u00e4ume und produziert 30% mehr Sauerstoff als die meisten Pflanzen und B\u00e4ume.<\/p>\n<p>Als verwertbarer Rohstoff ist Bambus beeindruckend stark. Indigene V\u00f6lker verwenden Bambus seit jeher f\u00fcr Ger\u00fcste, strukturelle Verst\u00e4rkung, M\u00f6bel, Musikinstrumente, Schmuck und trinken sogar Tee daraus. Fast alles aus der Bambuspflanze kann verwendet werden.<\/p>\n<p><strong>Zutaten<\/strong><\/p>\n<p>Bambus, Bio-Baumwolle<\/p>\n<p><strong>\u00dcber Elicious<\/strong><\/p>\n<p>Elicious steht f\u00fcr nachhaltige, umweltfreundliche Produkte, die bezahlbar sind. Unsere Produkte werden aus gesunden Zutaten hergestellt, die immer klar gekennzeichnet sind. Sie sind frei von Parabenen, Sulfaten, giftigen Chemikalien und unn\u00f6tigen Zusatzstoffen \u2013 schlicht und einfach.<\/p>\n","protected":false},"excerpt":{"rendered":"<p>Diese plastikfreien Bambus-Wattest\u00e4bchen bestehen aus nachhaltigem Bambus und ungebleichter Bio-Baumwolle. Die St\u00e4bchen dieser Wattest\u00e4bchen sind aus Bambus gefertigt und einfach zu bedienen.<\/p>\n","protected":false},"featured_media":215160,"comment_status":"open","ping_status":"closed","template":"","meta":{"_acf_changed":false},"product_cat":[4604,8687,9290],"product_tag":[],"berocket_brand":[9839],"class_list":["post-215162","product","type-product","status-publish","has-post-thumbnail","hentry","product_cat-neu","product_cat-pflege","product_cat-pflege-produkte","product_shipping_class-pakket-de","berocket_brand-elicious"],"acf":[],"aioseo_notices":[],"_links":{"self":[{"href":"https:\/\/glownaturalliving.com\/de\/wp-json\/wp\/v2\/product\/215162","targetHints":{"allow":["GET"]}}],"collection":[{"href":"https:\/\/glownaturalliving.com\/de\/wp-json\/wp\/v2\/product"}],"about":[{"href":"https:\/\/glownaturalliving.com\/de\/wp-json\/wp\/v2\/types\/product"}],"replies":[{"embeddable":true,"href":"https:\/\/glownaturalliving.com\/de\/wp-json\/wp\/v2\/comments?post=215162"}],"wp:featuredmedia":[{"embeddable":true,"href":"https:\/\/glownaturalliving.com\/de\/wp-json\/wp\/v2\/media\/215160"}],"wp:attachment":[{"href":"https:\/\/glownaturalliving.com\/de\/wp-json\/wp\/v2\/media?parent=215162"}],"wp:term":[{"taxonomy":"product_cat","embeddable":true,"href":"https:\/\/glownaturalliving.com\/de\/wp-json\/wp\/v2\/product_cat?post=215162"},{"taxonomy":"product_tag","embeddable":true,"href":"https:\/\/glownaturalliving.com\/de\/wp-json\/wp\/v2\/product_tag?post=215162"},{"taxonomy":"berocket_brand","embeddable":true,"href":"https:\/\/glownaturalliving.com\/de\/wp-json\/wp\/v2\/berocket_brand?post=215162"}],"curies":[{"name":"wp","href":"https:\/\/api.w.org\/{rel}","templated":true}]}}