{"id":215533,"date":"2023-04-30T09:48:01","date_gmt":"2023-04-30T08:48:01","guid":{"rendered":"https:\/\/glownaturalliving.com\/winkel\/unkategorisiert\/himalayan-salzlampe-natur-klumpen-2-3-kg\/"},"modified":"2025-11-16T09:11:55","modified_gmt":"2025-11-16T08:11:55","slug":"himalayan-salzlampe-natur-klumpen-2-3-kg","status":"publish","type":"product","link":"https:\/\/glownaturalliving.com\/de\/winkel\/geschenk\/fuer-sie\/himalayan-salzlampe-natur-klumpen-2-3-kg\/","title":{"rendered":"Himalaya-Salzlampe nat\u00fcrliches Trockenfutter 2-3 kg"},"content":{"rendered":"<p>Diese sch\u00f6ne Lampe wird aus Salz aus dem Himalaya hergestellt. Es gibt ein sch\u00f6nes atmosph\u00e4risches Licht, tr\u00e4gt aber auch zu einer guten Luftqualit\u00e4t im Haus bei.<\/p>\n<p>Wenn das Salz von der Lampe erhitzt wird, emittiert es negative Ionen, was f\u00fcr eine bessere Luftqualit\u00e4t im Raum sorgt.<\/p>\n<p>Ionen sind elektrisch geladene Molek\u00fcle oder Atome. Die Anreicherung der Luft mit negativen Ionen wirkt sich positiv auf die Gesundheit aus. Zum Vergleich: Kennen Sie das wunderbare Gef\u00fchl bei einem Waldspaziergang? Das Gef\u00fchl, viel freier und tiefer atmen zu k\u00f6nnen? Denn im Wald oder an einem Wasserfall sind etwa 50.000 negative Sauerstoffionen pro cm\u00b3 in der Luft vorhanden. In den Bergen oder am Meer gibt es ca. 5000 pro cm\u00b3, entlang der Stra\u00dfe nur 100-200 pro cm\u00b3 und im Haus nur 40-50 negative Ionen pro cm\u00b3. Es ist auch keine schlechte Idee, eine sch\u00f6ne Salzlampe auf Ihren Schreibtisch im B\u00fcro zu stellen, da die geringste Anzahl negativer Ionen in einem B\u00fcroraum mit Klimaanlage zu finden ist. Diese betragen nur 0-25 pro cm\u00b3.<\/p>\n<p>Einige Vorteile der Anreicherung der Luft mit negativen Ionen sind:<\/p>\n<ul>\n<li>Freier atmen k\u00f6nnen<\/li>\n<li>weniger Erm\u00fcdungsbeschwerden<\/li>\n<li>weniger Kopfschmerzen<\/li>\n<li>Es f\u00f6rdert die Funktion aller Organe, die Verdauung und erh\u00f6ht den Stoffwechsel, da das Einatmen ionisierter Luft f\u00fcr eine h\u00f6here Sauerstoffkonzentration im Blut sorgt<\/li>\n<\/ul>\n<p>Positive Ionen in der Luft werden durch Hausstaub, elektrische Ger\u00e4te und elektrische Strahlung von beispielsweise Mobiltelefonen, Computern und drahtlosen Modems verursacht. Zu viele positive Ionen in der Luft k\u00f6nnen dazu f\u00fchren, dass Sie sich unwohl f\u00fchlen. Es k\u00f6nnten dann Beschwerden auftreten wie: Kopfschmerzen, M\u00fcdigkeit, ein trockener Hals, eine verstopfte Nase, ein grippe\u00e4hnliches Gef\u00fchl und Schlaflosigkeit. Sie k\u00f6nnen auch mehr Gef\u00fchle von Stress, Nervosit\u00e4t, Reizbarkeit und sogar Depressionen aufgrund eines \u00dcberschusses an positiven Ionen erleben. Durch die Erh\u00f6hung der negativen Ionen in einem Raum erh\u00f6ht sich Ihr Widerstand, Sie f\u00fchlen sich ausgeruhter und fitter und Ihre Konzentrationsf\u00e4higkeit verbessert sich. Negative Ionen f\u00f6rdern die Lebensfreude, sodass Sie sich viel fr\u00f6hlicher f\u00fchlen.<\/p>\n<p>Die negativen Ionen, die die Salzlampe verteilt, k\u00f6nnen auch Staub aus der Luft entfernen, der Allergien verursacht. Da die negativen Ionen verklumpen und daher schwerer werden, steigen sie ab und nehmen die Staubpartikel ab, die Bakterien, Keime und Viren tragen. Beim Staubsaugen und Wischen s\u00e4ubern Sie dann alle Partikel. Pollen, Pilze und die Verschmutzung durch Tabakrauch gehen ebenfalls zur\u00fcck. Die Lampe wirkt sich daher positiv auf Menschen mit Allergien, Asthma, Bronchitis und COPD aus.<\/p>\n<p>Die Salzlampe emittiert nur dann negative Ionen, wenn sie durch das Licht erhitzt wird. Es ist daher am besten, es so weit wie m\u00f6glich einzuschalten, da ein \u00dcberschuss an negativen Ionen keinen Schaden anrichten kann.<\/p>\n<p>Die Lampe wird standardm\u00e4\u00dfig mit einer Gl\u00fchlampe geliefert. Da es hei\u00df wird, verbreitet die Lampe negative Ionen. Die Lampe hat diesen Effekt nicht, wenn Sie die Himalaya-Salzlampe mit einer LED-Lampe verwenden. Die Lampe hat jedoch immer noch eine luftreinigende Funktion, da sie Feuchtigkeitsmolek\u00fcle anzieht. Die Feuchtigkeitsmolek\u00fcle tragen Staubpartikel, Schmutz, Pollen, Pilze und Verschmutzungen durch Tabakrauch. Es wird daher empfohlen, die Lampe regelm\u00e4\u00dfig mit einem weichen Tuch abzuwischen.<\/p>\n<p>Kommt mit Strom und Gl\u00fchbirne.<\/p>\n","protected":false},"excerpt":{"rendered":"<p>Diese sch\u00f6ne Lampe wird aus Salz aus dem Himalaya hergestellt. Es gibt ein sch\u00f6nes atmosph\u00e4risches Licht, tr\u00e4gt aber auch zu einer guten Luftqualit\u00e4t im Haus bei.<\/p>\n","protected":false},"featured_media":215470,"comment_status":"open","ping_status":"closed","template":"","meta":{"_acf_changed":false},"product_cat":[9998,9987,9384,8559],"product_tag":[],"berocket_brand":[],"class_list":["post-215533","product","type-product","status-publish","has-post-thumbnail","hentry","product_cat-fuer-sie","product_cat-geschenk","product_cat-wohnen-de","product_cat-dekoration","product_shipping_class-pakket-de"],"acf":[],"aioseo_notices":[],"_links":{"self":[{"href":"https:\/\/glownaturalliving.com\/de\/wp-json\/wp\/v2\/product\/215533","targetHints":{"allow":["GET"]}}],"collection":[{"href":"https:\/\/glownaturalliving.com\/de\/wp-json\/wp\/v2\/product"}],"about":[{"href":"https:\/\/glownaturalliving.com\/de\/wp-json\/wp\/v2\/types\/product"}],"replies":[{"embeddable":true,"href":"https:\/\/glownaturalliving.com\/de\/wp-json\/wp\/v2\/comments?post=215533"}],"wp:featuredmedia":[{"embeddable":true,"href":"https:\/\/glownaturalliving.com\/de\/wp-json\/wp\/v2\/media\/215470"}],"wp:attachment":[{"href":"https:\/\/glownaturalliving.com\/de\/wp-json\/wp\/v2\/media?parent=215533"}],"wp:term":[{"taxonomy":"product_cat","embeddable":true,"href":"https:\/\/glownaturalliving.com\/de\/wp-json\/wp\/v2\/product_cat?post=215533"},{"taxonomy":"product_tag","embeddable":true,"href":"https:\/\/glownaturalliving.com\/de\/wp-json\/wp\/v2\/product_tag?post=215533"},{"taxonomy":"berocket_brand","embeddable":true,"href":"https:\/\/glownaturalliving.com\/de\/wp-json\/wp\/v2\/berocket_brand?post=215533"}],"curies":[{"name":"wp","href":"https:\/\/api.w.org\/{rel}","templated":true}]}}