{"id":215668,"date":"2023-05-03T10:21:18","date_gmt":"2023-05-03T09:21:18","guid":{"rendered":"https:\/\/glownaturalliving.com\/?post_type=product&#038;p=215668"},"modified":"2024-07-15T14:25:24","modified_gmt":"2024-07-15T13:25:24","slug":"der-pflanzengefaerbte-schlafsack-hafer","status":"publish","type":"product","link":"https:\/\/glownaturalliving.com\/de\/winkel\/geschenk\/mutterschaftsgeschenk\/der-pflanzengefaerbte-schlafsack-hafer\/","title":{"rendered":"Der pflanzengef\u00e4rbte Schlafsack \u2013 Eiche"},"content":{"rendered":"<p><strong>Pflanzengef\u00e4rbte Kollektion<\/strong><\/p>\n<p>Die Pflanzenfarbstoff-Kollektion wird aus irdenen Pigmenten hergestellt, die sorgf\u00e4ltig aus Fruchtresten und Nussschalen gewonnen werden. Die Bio-Kollektion Plant Dyed ist weich, ungiftig und ehrt die Umwelt. Erh\u00e4ltlich in Gr\u00f6\u00dfen von Neugeborenen bis 24 Monaten, sind diese GOTs-zertifizierten Kleidungsst\u00fccke aus Bio-Baumwolle die perfekten geschlechtsneutralen Artikel f\u00fcr Babys und Kleinkinder.<\/p>\n<p>Hergestellt aus irdenen Pigmenten, die sorgf\u00e4ltig aus Fruchtresten und Nussschalen gewonnen werden. Die Plant Dyed Collection ist sanft, ungiftig und ehrt die Umwelt.<\/p>\n<p>Dieser luxuri\u00f6s weiche Schlafsack f\u00fcr Neugeborene ist mit Carbon geb\u00fcrstet, so dass er sich wie ein Traum auf der Haut Ihres Babys anf\u00fchlt. Der Babyschlafsack wird langsam mit nat\u00fcrlichen Pflanzenfarben gefertigt und hat Wickelb\u00fcndchen und einen Boden, der einen einfachen, leichten Zugriff erm\u00f6glicht.<\/p>\n<p>Hinweis: Dieser Schlafsack darf nur gebunden getragen werden. Es kann eine Brandgefahr darstellen, wenn es nicht befestigt ist.<\/p>\n<p>\u2022 Zusammensetzung: 95% GOTS Bio-Baumwolle, 5% Elasthan<br \/>\n\u2022 Erh\u00e4ltlich in: MANDEL, HAFER, KRAUT<br \/>\n\u2022 Zutaten f\u00fcr Pflanzenfarbstoffe: Mandeln \u2013 Bitterorangen, Haferflocken \u2013 Mandelbl\u00e4ttchen, Kr\u00e4uter \u2013 R\u00fcben und Bitterorangen<br \/>\n\u2022 Hergestellt mit Liebe in Portugal<\/p>\n<div class=\"grid__item one-third small--one-whole text-center\">\n<div class=\"product-quality-box\"><\/div>\n<\/div>\n<div class=\"grid__item one-third small--one-whole text-center\">\n<div class=\"product-quality-box\">\n<p><img loading=\"lazy\" decoding=\"async\" class=\" wp-image-215611\" src=\"https:\/\/glownaturalliving.com\/wp-content\/uploads\/2023\/05\/Foto-03-05-2023-om-1102-500x119.jpg\" alt=\"Werte\" width=\"777\" height=\"185\" srcset=\"https:\/\/glownaturalliving.com\/wp-content\/uploads\/2023\/05\/Foto-03-05-2023-om-1102-500x119.jpg 500w, https:\/\/glownaturalliving.com\/wp-content\/uploads\/2023\/05\/Foto-03-05-2023-om-1102-1024x244.jpg 1024w, https:\/\/glownaturalliving.com\/wp-content\/uploads\/2023\/05\/Foto-03-05-2023-om-1102-768x183.jpg 768w, https:\/\/glownaturalliving.com\/wp-content\/uploads\/2023\/05\/Foto-03-05-2023-om-1102-1536x366.jpg 1536w, https:\/\/glownaturalliving.com\/wp-content\/uploads\/2023\/05\/Foto-03-05-2023-om-1102-2048x488.jpg 2048w, https:\/\/glownaturalliving.com\/wp-content\/uploads\/2023\/05\/Foto-03-05-2023-om-1102-510x121.jpg 510w\" sizes=\"auto, (max-width: 777px) 100vw, 777px\" \/><\/p>\n<\/div>\n<\/div>\n<div class=\"grid__item one-third small--one-whole text-center\">\n<div class=\"product-quality-box\">\n<p>&nbsp;<\/p>\n<\/div>\n<\/div>\n<p><strong>\u00dcber The Simple Folk<\/strong><\/p>\n<p>Einfach. Ethisch. Langsam.<\/p>\n<p>Als M\u00fctter wurden wir uns des wahren Preises von <em>Fast Fashion <\/em>bewusst und f\u00fchlten uns verpflichtet, den Weg in eine bewusstere und nachhaltigere Zukunft f\u00fcr unsere Kinder, unsere Gemeinschaften und unseren Planeten zu weisen.<\/p>\n<p>The Simple Folk ist unsere minimalistische Linie von der Natur inspirierter, ethischer, organischer und sehr bequemer Kleidung, die leicht zu tragen, leicht zu waschen und angenehm f\u00fcr die Sinne ist, damit Sie und Ihre Kinder jahrelang Freude daran haben werden.<\/p>\n","protected":false},"excerpt":{"rendered":"<p>Pflanzengef\u00e4rbte Kollektion Die Pflanzenfarbstoff-Kollektion wird aus irdenen Pigmenten hergestellt, die sorgf\u00e4ltig aus Fruchtresten und Nussschalen gewonnen werden. Die Bio-Kollektion Plant Dyed ist weich, ungiftig und ehrt die Umwelt. Erh\u00e4ltlich in Gr\u00f6\u00dfen von Neugeborenen bis 24 Monaten, sind diese GOTs-zertifizierten Kleidungsst\u00fccke aus Bio-Baumwolle die perfekten geschlechtsneutralen Artikel f\u00fcr Babys und Kleinkinder. Hergestellt aus irdenen Pigmenten, die [&#8230;]\n","protected":false},"featured_media":215690,"comment_status":"open","ping_status":"closed","template":"","meta":{"_acf_changed":false},"product_cat":[9987,9988,8514,8927,8678,8683],"product_tag":[],"berocket_brand":[9874],"class_list":["post-215668","product","type-product","status-publish","has-post-thumbnail","hentry","product_cat-geschenk","product_cat-mutterschaftsgeschenk","product_cat-kinderkleidung","product_cat-mini-baby-kleidungssets-onesies","product_cat-schlafen","product_cat-angebot","product_shipping_class-pakket-de","berocket_brand-the-simple-folk-de","fb_product_set-for-kids","fb_product_set-kids-fashion"],"acf":[],"aioseo_notices":[],"_links":{"self":[{"href":"https:\/\/glownaturalliving.com\/de\/wp-json\/wp\/v2\/product\/215668","targetHints":{"allow":["GET"]}}],"collection":[{"href":"https:\/\/glownaturalliving.com\/de\/wp-json\/wp\/v2\/product"}],"about":[{"href":"https:\/\/glownaturalliving.com\/de\/wp-json\/wp\/v2\/types\/product"}],"replies":[{"embeddable":true,"href":"https:\/\/glownaturalliving.com\/de\/wp-json\/wp\/v2\/comments?post=215668"}],"wp:featuredmedia":[{"embeddable":true,"href":"https:\/\/glownaturalliving.com\/de\/wp-json\/wp\/v2\/media\/215690"}],"wp:attachment":[{"href":"https:\/\/glownaturalliving.com\/de\/wp-json\/wp\/v2\/media?parent=215668"}],"wp:term":[{"taxonomy":"product_cat","embeddable":true,"href":"https:\/\/glownaturalliving.com\/de\/wp-json\/wp\/v2\/product_cat?post=215668"},{"taxonomy":"product_tag","embeddable":true,"href":"https:\/\/glownaturalliving.com\/de\/wp-json\/wp\/v2\/product_tag?post=215668"},{"taxonomy":"berocket_brand","embeddable":true,"href":"https:\/\/glownaturalliving.com\/de\/wp-json\/wp\/v2\/berocket_brand?post=215668"}],"curies":[{"name":"wp","href":"https:\/\/api.w.org\/{rel}","templated":true}]}}