{"id":215776,"date":"2023-05-03T11:04:13","date_gmt":"2023-05-03T10:04:13","guid":{"rendered":"https:\/\/glownaturalliving.com\/?post_type=product&#038;p=215776"},"modified":"2024-07-15T14:14:57","modified_gmt":"2024-07-15T13:14:57","slug":"der-gerippte-strampler-zimt","status":"publish","type":"product","link":"https:\/\/glownaturalliving.com\/de\/winkel\/geschenk\/mutterschaftsgeschenk\/der-gerippte-strampler-zimt\/","title":{"rendered":"Der gerippte Strampler \u2013 Zimt"},"content":{"rendered":"<p>Dieser leichte, gerippte, lang\u00e4rmelige Strampler ist luxuri\u00f6s weich und perfekt zum Faulenzen, Schichten und Erkunden. Der Body hat drei Druckkn\u00f6pfe auf der Vorderseite, Druckkn\u00f6pfe im Schritt und die vertr\u00e4umteste gerippte Bio-Baumwolle, die Sie jemals anfassen werden.<\/p>\n<p>\u2022 Zusammensetzung: 95% GOTS gerippte Bio-Baumwolle, 5% Elasthan<br \/>\n\u2022 Hergestellt mit Liebe in Portugal<\/p>\n<p><strong>\u00dcber The Simple Folk<\/strong><\/p>\n<p>Einfach. Ethisch. Langsam.<\/p>\n<p>Als M\u00fctter wurden wir uns des wahren Preises von <em>Fast Fashion <\/em>bewusst und f\u00fchlten uns verpflichtet, den Weg in eine bewusstere und nachhaltigere Zukunft f\u00fcr unsere Kinder, unsere Gemeinschaften und unseren Planeten zu weisen.<\/p>\n<p>The Simple Folk ist unsere minimalistische Linie von der Natur inspirierter, ethischer, organischer und sehr bequemer Kleidung, die leicht zu tragen, leicht zu waschen und angenehm f\u00fcr die Sinne ist, damit Sie und Ihre Kinder jahrelang Freude daran haben werden.<\/p>\n","protected":false},"excerpt":{"rendered":"<p>Dieser leichte, gerippte, lang\u00e4rmelige Strampler ist luxuri\u00f6s weich und perfekt zum Faulenzen, Schichten und Erkunden. Der Body hat drei Druckkn\u00f6pfe auf der Vorderseite, Druckkn\u00f6pfe im Schritt und die vertr\u00e4umteste gerippte Bio-Baumwolle, die Sie jemals anfassen werden. \u2022 Zusammensetzung: 95% GOTS gerippte Bio-Baumwolle, 5% Elasthan \u2022 Hergestellt mit Liebe in Portugal \u00dcber The Simple Folk Einfach. [&#8230;]\n","protected":false},"featured_media":215799,"comment_status":"open","ping_status":"closed","template":"","meta":{"_acf_changed":false},"product_cat":[9987,9988,8514,8984,8683],"product_tag":[],"berocket_brand":[9874],"class_list":["post-215776","product","type-product","status-publish","has-post-thumbnail","hentry","product_cat-geschenk","product_cat-mutterschaftsgeschenk","product_cat-kinderkleidung","product_cat-mini-baby-strampler","product_cat-angebot","product_shipping_class-pakket-de","berocket_brand-the-simple-folk-de","fb_product_set-for-kids","fb_product_set-kids-fashion"],"acf":[],"aioseo_notices":[],"_links":{"self":[{"href":"https:\/\/glownaturalliving.com\/de\/wp-json\/wp\/v2\/product\/215776","targetHints":{"allow":["GET"]}}],"collection":[{"href":"https:\/\/glownaturalliving.com\/de\/wp-json\/wp\/v2\/product"}],"about":[{"href":"https:\/\/glownaturalliving.com\/de\/wp-json\/wp\/v2\/types\/product"}],"replies":[{"embeddable":true,"href":"https:\/\/glownaturalliving.com\/de\/wp-json\/wp\/v2\/comments?post=215776"}],"wp:featuredmedia":[{"embeddable":true,"href":"https:\/\/glownaturalliving.com\/de\/wp-json\/wp\/v2\/media\/215799"}],"wp:attachment":[{"href":"https:\/\/glownaturalliving.com\/de\/wp-json\/wp\/v2\/media?parent=215776"}],"wp:term":[{"taxonomy":"product_cat","embeddable":true,"href":"https:\/\/glownaturalliving.com\/de\/wp-json\/wp\/v2\/product_cat?post=215776"},{"taxonomy":"product_tag","embeddable":true,"href":"https:\/\/glownaturalliving.com\/de\/wp-json\/wp\/v2\/product_tag?post=215776"},{"taxonomy":"berocket_brand","embeddable":true,"href":"https:\/\/glownaturalliving.com\/de\/wp-json\/wp\/v2\/berocket_brand?post=215776"}],"curies":[{"name":"wp","href":"https:\/\/api.w.org\/{rel}","templated":true}]}}