{"id":215805,"date":"2023-05-04T09:07:03","date_gmt":"2023-05-04T08:07:03","guid":{"rendered":"https:\/\/glownaturalliving.com\/?post_type=product&#038;p=215805"},"modified":"2024-05-31T11:49:49","modified_gmt":"2024-05-31T10:49:49","slug":"musselin-bloomer-saga","status":"publish","type":"product","link":"https:\/\/glownaturalliving.com\/de\/winkel\/geschenk\/mutterschaftsgeschenk\/musselin-bloomer-saga\/","title":{"rendered":"Musselin Bloomer \u2013 Salbei"},"content":{"rendered":"<p>Dieser luxuri\u00f6s weiche Musselin-Bloomer hat eine weiche, elastische Taille und Bein\u00f6ffnungen, die es Ihrem kleinen Abenteurer erm\u00f6glichen, sich bequem und leicht zu bewegen. Es passt perfekt zu jedem Basic wie unserem <a href=\"https:\/\/glownaturalliving.com\/product-categorie\/kinderkleding\/rompertjes\/\">kurz\u00e4rmeligen Strampler.<\/a><\/p>\n<p>\u2022 Zusammensetzung: 100% GOTS Bio-Baumwoll-Musselin<br \/>\n\u2022 Individuell bemalt f\u00fcr einen sch\u00f6nen Vintage-Charme<br \/>\n\u2022 Hergestellt mit Liebe in Portugal<\/p>\n<p><img loading=\"lazy\" decoding=\"async\" class=\"size-medium wp-image-215611\" src=\"https:\/\/glownaturalliving.com\/wp-content\/uploads\/2023\/05\/Foto-03-05-2023-om-1102-500x119.jpg\" alt=\"Werte\" width=\"500\" height=\"119\" srcset=\"https:\/\/glownaturalliving.com\/wp-content\/uploads\/2023\/05\/Foto-03-05-2023-om-1102-500x119.jpg 500w, https:\/\/glownaturalliving.com\/wp-content\/uploads\/2023\/05\/Foto-03-05-2023-om-1102-1024x244.jpg 1024w, https:\/\/glownaturalliving.com\/wp-content\/uploads\/2023\/05\/Foto-03-05-2023-om-1102-768x183.jpg 768w, https:\/\/glownaturalliving.com\/wp-content\/uploads\/2023\/05\/Foto-03-05-2023-om-1102-1536x366.jpg 1536w, https:\/\/glownaturalliving.com\/wp-content\/uploads\/2023\/05\/Foto-03-05-2023-om-1102-2048x488.jpg 2048w, https:\/\/glownaturalliving.com\/wp-content\/uploads\/2023\/05\/Foto-03-05-2023-om-1102-510x121.jpg 510w\" sizes=\"auto, (max-width: 500px) 100vw, 500px\" \/><\/p>\n<p><strong>\u00dcber The Simple Folk<\/strong><\/p>\n<p>Einfach. Ethisch. Langsam.<\/p>\n<p>Als M\u00fctter wurden wir uns des wahren Preises von <em>Fast Fashion <\/em>bewusst und f\u00fchlten uns verpflichtet, den Weg in eine bewusstere und nachhaltigere Zukunft f\u00fcr unsere Kinder, unsere Gemeinschaften und unseren Planeten zu weisen.<\/p>\n<p>The Simple Folk ist unsere minimalistische Linie von der Natur inspirierter, ethischer, organischer und sehr bequemer Kleidung, die leicht zu tragen, leicht zu waschen und angenehm f\u00fcr die Sinne ist, damit Sie und Ihre Kinder jahrelang Freude daran haben werden.<\/p>\n","protected":false},"excerpt":{"rendered":"<p>Dieser luxuri\u00f6s weiche Musselin-Bloomer hat eine weiche, elastische Taille und Bein\u00f6ffnungen, die es Ihrem kleinen Abenteurer erm\u00f6glichen, sich bequem und leicht zu bewegen. Es passt perfekt zu jedem Basic wie unserem kurz\u00e4rmeligen Strampler. \u2022 Zusammensetzung: 100% GOTS Bio-Baumwoll-Musselin \u2022 Individuell bemalt f\u00fcr einen sch\u00f6nen Vintage-Charme \u2022 Hergestellt mit Liebe in Portugal \u00dcber The Simple Folk [&#8230;]\n","protected":false},"featured_media":215828,"comment_status":"open","ping_status":"closed","template":"","meta":{"_acf_changed":false},"product_cat":[9987,9988,8514,8853,8683],"product_tag":[],"berocket_brand":[9874],"class_list":["post-215805","product","type-product","status-publish","has-post-thumbnail","hentry","product_cat-geschenk","product_cat-mutterschaftsgeschenk","product_cat-kinderkleidung","product_cat-mini-hosen","product_cat-angebot","product_shipping_class-pakket-de","berocket_brand-the-simple-folk-de","fb_product_set-for-kids","fb_product_set-kids-fashion"],"acf":[],"aioseo_notices":[],"_links":{"self":[{"href":"https:\/\/glownaturalliving.com\/de\/wp-json\/wp\/v2\/product\/215805","targetHints":{"allow":["GET"]}}],"collection":[{"href":"https:\/\/glownaturalliving.com\/de\/wp-json\/wp\/v2\/product"}],"about":[{"href":"https:\/\/glownaturalliving.com\/de\/wp-json\/wp\/v2\/types\/product"}],"replies":[{"embeddable":true,"href":"https:\/\/glownaturalliving.com\/de\/wp-json\/wp\/v2\/comments?post=215805"}],"wp:featuredmedia":[{"embeddable":true,"href":"https:\/\/glownaturalliving.com\/de\/wp-json\/wp\/v2\/media\/215828"}],"wp:attachment":[{"href":"https:\/\/glownaturalliving.com\/de\/wp-json\/wp\/v2\/media?parent=215805"}],"wp:term":[{"taxonomy":"product_cat","embeddable":true,"href":"https:\/\/glownaturalliving.com\/de\/wp-json\/wp\/v2\/product_cat?post=215805"},{"taxonomy":"product_tag","embeddable":true,"href":"https:\/\/glownaturalliving.com\/de\/wp-json\/wp\/v2\/product_tag?post=215805"},{"taxonomy":"berocket_brand","embeddable":true,"href":"https:\/\/glownaturalliving.com\/de\/wp-json\/wp\/v2\/berocket_brand?post=215805"}],"curies":[{"name":"wp","href":"https:\/\/api.w.org\/{rel}","templated":true}]}}