{"id":215948,"date":"2023-05-04T10:22:37","date_gmt":"2023-05-04T09:22:37","guid":{"rendered":"https:\/\/glownaturalliving.com\/?post_type=product&#038;p=215948"},"modified":"2025-01-29T13:52:34","modified_gmt":"2025-01-29T12:52:34","slug":"boxy-frottee-t-shirt-walnuss","status":"publish","type":"product","link":"https:\/\/glownaturalliving.com\/de\/winkel\/kinderkleidung\/mini-bebe-shirts-westen\/boxy-frottee-t-shirt-walnuss\/","title":{"rendered":"Kastenf\u00f6rmiges Frottee-T-Shirt \u2013 Walnuss"},"content":{"rendered":"<p>Dieses entz\u00fcckende, \u00fcbergro\u00dfe, kastenf\u00f6rmige T-Shirt ist auf Spiel, Bewegung und Komfort ausgelegt. Dieser Favorit besteht aus einem k\u00f6stlichen Luxus-Frottee aus 100% Bio-Baumwolle. Sch\u00f6n zu kombinieren mit Jeans, Leggings oder sch\u00f6nen weiten Hosen.<\/p>\n<p>\u2022 Zusammensetzung: 100% GOTS Bio-Baumwollfrottee<br \/>\n\u2022 Erh\u00e4ltlich in: ECRU und WALNUT<br \/>\n\u2022 Individuell gef\u00e4rbt f\u00fcr einen sch\u00f6nen Vintage-Charme<br \/>\n\u2022 Mit Liebe in Portugal hergestellt<\/p>\n<p><img loading=\"lazy\" decoding=\"async\" class=\"size-medium wp-image-215611\" src=\"https:\/\/glownaturalliving.com\/wp-content\/uploads\/2023\/05\/Foto-03-05-2023-om-1102-500x119.jpg\" alt=\"Werte\" width=\"500\" height=\"119\" srcset=\"https:\/\/glownaturalliving.com\/wp-content\/uploads\/2023\/05\/Foto-03-05-2023-om-1102-500x119.jpg 500w, https:\/\/glownaturalliving.com\/wp-content\/uploads\/2023\/05\/Foto-03-05-2023-om-1102-1024x244.jpg 1024w, https:\/\/glownaturalliving.com\/wp-content\/uploads\/2023\/05\/Foto-03-05-2023-om-1102-768x183.jpg 768w, https:\/\/glownaturalliving.com\/wp-content\/uploads\/2023\/05\/Foto-03-05-2023-om-1102-1536x366.jpg 1536w, https:\/\/glownaturalliving.com\/wp-content\/uploads\/2023\/05\/Foto-03-05-2023-om-1102-2048x488.jpg 2048w, https:\/\/glownaturalliving.com\/wp-content\/uploads\/2023\/05\/Foto-03-05-2023-om-1102-510x121.jpg 510w\" sizes=\"auto, (max-width: 500px) 100vw, 500px\" \/><\/p>\n<p><strong>\u00dcber The Simple Folk<\/strong><\/p>\n<p>Einfach. Ethisch. Langsam.<\/p>\n<p>Als M\u00fctter wurden wir uns des wahren Preises von <em>Fast Fashion <\/em>bewusst und f\u00fchlten uns verpflichtet, den Weg in eine bewusstere und nachhaltigere Zukunft f\u00fcr unsere Kinder, unsere Gemeinschaften und unseren Planeten zu weisen.<\/p>\n<p>The Simple Folk ist unsere minimalistische Linie von der Natur inspirierter, ethischer, organischer und sehr bequemer Kleidung, die leicht zu tragen, leicht zu waschen und angenehm f\u00fcr die Sinne ist, damit Sie und Ihre Kinder jahrelang Freude daran haben werden.<\/p>\n","protected":false},"excerpt":{"rendered":"<p>Dieses entz\u00fcckende, \u00fcbergro\u00dfe, kastenf\u00f6rmige T-Shirt ist auf Spiel, Bewegung und Komfort ausgelegt. Dieser Favorit besteht aus einem k\u00f6stlichen Luxus-Frottee aus 100% Bio-Baumwolle. Sch\u00f6n zu kombinieren mit Jeans, Leggings oder sch\u00f6nen weiten Hosen. \u2022 Zusammensetzung: 100% GOTS Bio-Baumwollfrottee \u2022 Erh\u00e4ltlich in: ECRU und WALNUT \u2022 Individuell gef\u00e4rbt f\u00fcr einen sch\u00f6nen Vintage-Charme \u2022 Mit Liebe in Portugal [&#8230;]\n","protected":false},"featured_media":215936,"comment_status":"open","ping_status":"closed","template":"","meta":{"_acf_changed":false},"product_cat":[8514,9014,8683],"product_tag":[],"berocket_brand":[9874],"class_list":["post-215948","product","type-product","status-publish","has-post-thumbnail","hentry","product_cat-kinderkleidung","product_cat-mini-bebe-shirts-westen","product_cat-angebot","product_shipping_class-pakket-de","berocket_brand-the-simple-folk-de","fb_product_set-for-kids","fb_product_set-kids-fashion"],"acf":[],"aioseo_notices":[],"_links":{"self":[{"href":"https:\/\/glownaturalliving.com\/de\/wp-json\/wp\/v2\/product\/215948","targetHints":{"allow":["GET"]}}],"collection":[{"href":"https:\/\/glownaturalliving.com\/de\/wp-json\/wp\/v2\/product"}],"about":[{"href":"https:\/\/glownaturalliving.com\/de\/wp-json\/wp\/v2\/types\/product"}],"replies":[{"embeddable":true,"href":"https:\/\/glownaturalliving.com\/de\/wp-json\/wp\/v2\/comments?post=215948"}],"wp:featuredmedia":[{"embeddable":true,"href":"https:\/\/glownaturalliving.com\/de\/wp-json\/wp\/v2\/media\/215936"}],"wp:attachment":[{"href":"https:\/\/glownaturalliving.com\/de\/wp-json\/wp\/v2\/media?parent=215948"}],"wp:term":[{"taxonomy":"product_cat","embeddable":true,"href":"https:\/\/glownaturalliving.com\/de\/wp-json\/wp\/v2\/product_cat?post=215948"},{"taxonomy":"product_tag","embeddable":true,"href":"https:\/\/glownaturalliving.com\/de\/wp-json\/wp\/v2\/product_tag?post=215948"},{"taxonomy":"berocket_brand","embeddable":true,"href":"https:\/\/glownaturalliving.com\/de\/wp-json\/wp\/v2\/berocket_brand?post=215948"}],"curies":[{"name":"wp","href":"https:\/\/api.w.org\/{rel}","templated":true}]}}