{"id":216133,"date":"2023-05-05T11:17:16","date_gmt":"2023-05-05T10:17:16","guid":{"rendered":"https:\/\/glownaturalliving.com\/?post_type=product&#038;p=216133"},"modified":"2024-07-15T14:06:39","modified_gmt":"2024-07-15T13:06:39","slug":"der-gerippte-strampler-natur","status":"publish","type":"product","link":"https:\/\/glownaturalliving.com\/de\/winkel\/geschenk\/mutterschaftsgeschenk\/der-gerippte-strampler-natur\/","title":{"rendered":"Der gerippte Strampler \u2013 Nat\u00fcrlich"},"content":{"rendered":"<p>Unser gerippter Strampler aus Bio-Baumwolle ist ein absolutes Must-Have f\u00fcr Neugeborene. Mit geb\u00fcrsteter Kohle f\u00fcr ultimative Weichheit f\u00fchlt es sich wie ein Traum auf der empfindlichen Haut Ihres Kindes an. Sein feines Design und die Druckkn\u00f6pfe an der Seite machen es sowohl von Eltern als auch von Baby zum m\u00fchelosen An- und Ausziehen beliebt, ohne etwas \u00fcber den Kopf des Babys ziehen zu m\u00fcssen und nichts, was den Bauchnabel Ihres Neugeborenen reizt. Die Bodys haben auch eine Abdeckung entlang der \u00c4rmel.<\/p>\n<p>Dieser superfeine Body ist aus 100% unlackiertem, ungebleichtem Rohgewebe erh\u00e4ltlich, um das sauberste Erlebnis zu bieten, das der Natur am n\u00e4chsten kommt.<\/p>\n<p>\u2022 Zusammensetzung: 95% GOTS gerippte Bio-Baumwolle, 5% Elasthan<br \/>\n\u2022 Hergestellt mit Liebe in Portugal<\/p>\n<p><img loading=\"lazy\" decoding=\"async\" class=\"size-medium wp-image-215611\" src=\"https:\/\/glownaturalliving.com\/wp-content\/uploads\/2023\/05\/Foto-03-05-2023-om-1102-500x119.jpg\" alt=\"Werte\" width=\"500\" height=\"119\" srcset=\"https:\/\/glownaturalliving.com\/wp-content\/uploads\/2023\/05\/Foto-03-05-2023-om-1102-500x119.jpg 500w, https:\/\/glownaturalliving.com\/wp-content\/uploads\/2023\/05\/Foto-03-05-2023-om-1102-1024x244.jpg 1024w, https:\/\/glownaturalliving.com\/wp-content\/uploads\/2023\/05\/Foto-03-05-2023-om-1102-768x183.jpg 768w, https:\/\/glownaturalliving.com\/wp-content\/uploads\/2023\/05\/Foto-03-05-2023-om-1102-1536x366.jpg 1536w, https:\/\/glownaturalliving.com\/wp-content\/uploads\/2023\/05\/Foto-03-05-2023-om-1102-2048x488.jpg 2048w, https:\/\/glownaturalliving.com\/wp-content\/uploads\/2023\/05\/Foto-03-05-2023-om-1102-510x121.jpg 510w\" sizes=\"auto, (max-width: 500px) 100vw, 500px\" \/><\/p>\n<p><strong>\u00dcber The Simple Folk<\/strong><\/p>\n<p>Einfach. Ethisch. Langsam.<\/p>\n<p>Als M\u00fctter wurden wir uns des wahren Preises von <em>Fast Fashion <\/em>bewusst und f\u00fchlten uns verpflichtet, den Weg in eine bewusstere und nachhaltigere Zukunft f\u00fcr unsere Kinder, unsere Gemeinschaften und unseren Planeten zu weisen.<\/p>\n<p>The Simple Folk ist unsere minimalistische Linie von der Natur inspirierter, ethischer, organischer und sehr bequemer Kleidung, die leicht zu tragen, leicht zu waschen und angenehm f\u00fcr die Sinne ist, damit Sie und Ihre Kinder jahrelang Freude daran haben werden.<\/p>\n","protected":false},"excerpt":{"rendered":"<p>Unser gerippter Strampler aus Bio-Baumwolle ist ein absolutes Must-Have f\u00fcr Neugeborene. Mit geb\u00fcrsteter Kohle f\u00fcr ultimative Weichheit f\u00fchlt es sich wie ein Traum auf der empfindlichen Haut Ihres Kindes an. Sein feines Design und die Druckkn\u00f6pfe an der Seite machen es sowohl von Eltern als auch von Baby zum m\u00fchelosen An- und Ausziehen beliebt, ohne [&#8230;]\n","protected":false},"featured_media":216159,"comment_status":"open","ping_status":"closed","template":"","meta":{"_acf_changed":false},"product_cat":[9987,9988,8514,8984,8927,8683],"product_tag":[],"berocket_brand":[9874],"class_list":["post-216133","product","type-product","status-publish","has-post-thumbnail","hentry","product_cat-geschenk","product_cat-mutterschaftsgeschenk","product_cat-kinderkleidung","product_cat-mini-baby-strampler","product_cat-mini-baby-kleidungssets-onesies","product_cat-angebot","product_shipping_class-pakket-de","berocket_brand-the-simple-folk-de","fb_product_set-for-kids","fb_product_set-kids-fashion"],"acf":[],"aioseo_notices":[],"_links":{"self":[{"href":"https:\/\/glownaturalliving.com\/de\/wp-json\/wp\/v2\/product\/216133","targetHints":{"allow":["GET"]}}],"collection":[{"href":"https:\/\/glownaturalliving.com\/de\/wp-json\/wp\/v2\/product"}],"about":[{"href":"https:\/\/glownaturalliving.com\/de\/wp-json\/wp\/v2\/types\/product"}],"replies":[{"embeddable":true,"href":"https:\/\/glownaturalliving.com\/de\/wp-json\/wp\/v2\/comments?post=216133"}],"wp:featuredmedia":[{"embeddable":true,"href":"https:\/\/glownaturalliving.com\/de\/wp-json\/wp\/v2\/media\/216159"}],"wp:attachment":[{"href":"https:\/\/glownaturalliving.com\/de\/wp-json\/wp\/v2\/media?parent=216133"}],"wp:term":[{"taxonomy":"product_cat","embeddable":true,"href":"https:\/\/glownaturalliving.com\/de\/wp-json\/wp\/v2\/product_cat?post=216133"},{"taxonomy":"product_tag","embeddable":true,"href":"https:\/\/glownaturalliving.com\/de\/wp-json\/wp\/v2\/product_tag?post=216133"},{"taxonomy":"berocket_brand","embeddable":true,"href":"https:\/\/glownaturalliving.com\/de\/wp-json\/wp\/v2\/berocket_brand?post=216133"}],"curies":[{"name":"wp","href":"https:\/\/api.w.org\/{rel}","templated":true}]}}