{"id":216456,"date":"2023-05-15T12:53:29","date_gmt":"2023-05-15T11:53:29","guid":{"rendered":"https:\/\/glownaturalliving.com\/?post_type=product&#038;p=216456"},"modified":"2024-07-15T14:03:26","modified_gmt":"2024-07-15T13:03:26","slug":"pflanzengefaerbter-strampler-eiche","status":"publish","type":"product","link":"https:\/\/glownaturalliving.com\/de\/winkel\/geschenk\/mutterschaftsgeschenk\/pflanzengefaerbter-strampler-eiche\/","title":{"rendered":"Pflanzengef\u00e4rbter Strampler \u2013 Eiche"},"content":{"rendered":"<p><strong>Pflanzengef\u00e4rbte Kollektion<\/strong><\/p>\n<p>Die Plant Dyed Collection wird aus erdigen Pigmenten hergestellt, die sorgf\u00e4ltig aus Fruchtresten und Nussschalen gewonnen werden. Die Bio-Kollektion Plant Dyed ist weich, ungiftig und ehrt die Umwelt. Erh\u00e4ltlich in Gr\u00f6\u00dfen von Neugeborenen bis 24 Monaten, sind diese GOTs-zertifizierten Kleidungsst\u00fccke aus Bio-Baumwolle die perfekten geschlechtsneutralen Artikel f\u00fcr Babys und Kleinkinder.<\/p>\n<p>Dieser sch\u00f6ne Babystrampler wird aus erdigen Pigmenten hergestellt, die aus Fruchtresten und Nussschalen gewonnen werden, die Plant Dyed Collection von The Simple Folk ist weich, ungiftig und mit Respekt f\u00fcr die Umwelt hergestellt.<\/p>\n<p>Unser Kimono-Strampler besteht aus carbongeb\u00fcrsteter Bio-Baumwolle (lesen Sie hier mehr \u00fcber unser chemiefreies Weichmacherverfahren) und f\u00fchlt sich auf der empfindlichen Haut Ihres Kindes wie ein Traum an. Durch das eng anliegende Wickeldesign und die seitlichen Druckkn\u00f6pfe wird es sowohl von Eltern als auch von Babys zum m\u00fchelosen An- und Ausziehen geliebt, ohne es \u00fcber den Kopf des Babys ziehen zu m\u00fcssen, und nichts kann den Bauchnabel Ihres Neugeborenen reizen. Es wurde ausschlie\u00dflich f\u00fcr Babys hergestellt, hat Handabdeckungen f\u00fcr Gr\u00f6\u00dfen bis zu 12 Monaten und sieht mit The Plant Dyed Leggings s\u00fc\u00df aus.<\/p>\n<p>Dieser herrlich weiche Strampler mit langen \u00c4rmeln ist aus <em>kohlegeb\u00fcrsteter <\/em>Bio-Baumwolle (chemiefreies Weichmacherverfahren) gefertigt. Der Body f\u00fchlt sich wie ein Traum auf der zarten Haut Ihres Kindes an. Durch das feine Wickeldesign und die seitlichen Druckkn\u00f6pfe wird der Strampler von Eltern und Baby gleicherma\u00dfen geliebt. Der Body muss nicht \u00fcber den Kopf gehen und kann somit m\u00fchelos an- und ausgezogen werden, ohne den Bauchnabel deines Babys zu reizen. Der Body wurde ausschlie\u00dflich mit Blick auf den Tragekomfort f\u00fcr Babys entwickelt. An den \u00c4rmeln befinden sich Abdeckungen (f\u00fcr Gr\u00f6\u00dfen bis zu 12 Monaten), die als Krabbenhandschuhe verwendet werden k\u00f6nnen. Es macht super viel Spa\u00df, den Strampler mit der <a href=\"https:\/\/glownaturalliving.com\/product-categorie\/kinderkleding\/broeken\/\">Plant Dyed Leggings<\/a> zu kombinieren.<\/p>\n<p>Bitte beachten Sie, dass der Body mit langen \u00c4rmeln eng anliegt, also vielleicht eine Nummer gr\u00f6\u00dfer nehmen!<\/p>\n<p>\u2022 Zusammensetzung: 95% GOTS Bio-Baumwolle, 5% Elasthan<br \/>\n\u2022 Erh\u00e4ltlich in den Farben: ALMOND, EICHE und GEW\u00dcRZ<br \/>\n\u2022 Zutaten f\u00fcr Pflanzenfarben: Mandeln \u2013 Bitterorangen, Haferflocken \u2013 Mandelbl\u00e4ttchen, Kr\u00e4uter \u2013 Rote Bete und Bitterorangen<br \/>\n\u2022 Hergestellt mit Liebe in Portugal<\/p>\n<p><img loading=\"lazy\" decoding=\"async\" class=\"size-medium wp-image-215611\" src=\"https:\/\/glownaturalliving.com\/wp-content\/uploads\/2023\/05\/Foto-03-05-2023-om-1102-500x119.jpg\" alt=\"Werte\" width=\"500\" height=\"119\" srcset=\"https:\/\/glownaturalliving.com\/wp-content\/uploads\/2023\/05\/Foto-03-05-2023-om-1102-500x119.jpg 500w, https:\/\/glownaturalliving.com\/wp-content\/uploads\/2023\/05\/Foto-03-05-2023-om-1102-1024x244.jpg 1024w, https:\/\/glownaturalliving.com\/wp-content\/uploads\/2023\/05\/Foto-03-05-2023-om-1102-768x183.jpg 768w, https:\/\/glownaturalliving.com\/wp-content\/uploads\/2023\/05\/Foto-03-05-2023-om-1102-1536x366.jpg 1536w, https:\/\/glownaturalliving.com\/wp-content\/uploads\/2023\/05\/Foto-03-05-2023-om-1102-2048x488.jpg 2048w, https:\/\/glownaturalliving.com\/wp-content\/uploads\/2023\/05\/Foto-03-05-2023-om-1102-510x121.jpg 510w\" sizes=\"auto, (max-width: 500px) 100vw, 500px\" \/><\/p>\n<p><strong>\u00dcber The Simple Folk<\/strong><\/p>\n<p>Einfach. Ethisch. Langsam.<\/p>\n<p>Als M\u00fctter wurden wir uns des wahren Preises von <em>Fast Fashion <\/em>bewusst und f\u00fchlten uns verpflichtet, den Weg in eine bewusstere und nachhaltigere Zukunft f\u00fcr unsere Kinder, unsere Gemeinschaften und unseren Planeten zu weisen.<\/p>\n<p>The Simple Folk ist unsere minimalistische Linie von der Natur inspirierter, ethischer, organischer und sehr bequemer Kleidung, die leicht zu tragen, leicht zu waschen und angenehm f\u00fcr die Sinne ist, damit Sie und Ihre Kinder jahrelang Freude daran haben werden.<\/p>\n","protected":false},"excerpt":{"rendered":"<p>Pflanzengef\u00e4rbte Kollektion Die Plant Dyed Collection wird aus erdigen Pigmenten hergestellt, die sorgf\u00e4ltig aus Fruchtresten und Nussschalen gewonnen werden. Die Bio-Kollektion Plant Dyed ist weich, ungiftig und ehrt die Umwelt. Erh\u00e4ltlich in Gr\u00f6\u00dfen von Neugeborenen bis 24 Monaten, sind diese GOTs-zertifizierten Kleidungsst\u00fccke aus Bio-Baumwolle die perfekten geschlechtsneutralen Artikel f\u00fcr Babys und Kleinkinder. Dieser sch\u00f6ne Babystrampler [&#8230;]\n","protected":false},"featured_media":216380,"comment_status":"open","ping_status":"closed","template":"","meta":{"_acf_changed":false},"product_cat":[9987,9988,8514,8984,8927,8683],"product_tag":[],"berocket_brand":[9874],"class_list":["post-216456","product","type-product","status-publish","has-post-thumbnail","hentry","product_cat-geschenk","product_cat-mutterschaftsgeschenk","product_cat-kinderkleidung","product_cat-mini-baby-strampler","product_cat-mini-baby-kleidungssets-onesies","product_cat-angebot","product_shipping_class-pakket-de","berocket_brand-the-simple-folk-de","fb_product_set-for-kids","fb_product_set-kids-fashion"],"acf":[],"aioseo_notices":[],"_links":{"self":[{"href":"https:\/\/glownaturalliving.com\/de\/wp-json\/wp\/v2\/product\/216456","targetHints":{"allow":["GET"]}}],"collection":[{"href":"https:\/\/glownaturalliving.com\/de\/wp-json\/wp\/v2\/product"}],"about":[{"href":"https:\/\/glownaturalliving.com\/de\/wp-json\/wp\/v2\/types\/product"}],"replies":[{"embeddable":true,"href":"https:\/\/glownaturalliving.com\/de\/wp-json\/wp\/v2\/comments?post=216456"}],"wp:featuredmedia":[{"embeddable":true,"href":"https:\/\/glownaturalliving.com\/de\/wp-json\/wp\/v2\/media\/216380"}],"wp:attachment":[{"href":"https:\/\/glownaturalliving.com\/de\/wp-json\/wp\/v2\/media?parent=216456"}],"wp:term":[{"taxonomy":"product_cat","embeddable":true,"href":"https:\/\/glownaturalliving.com\/de\/wp-json\/wp\/v2\/product_cat?post=216456"},{"taxonomy":"product_tag","embeddable":true,"href":"https:\/\/glownaturalliving.com\/de\/wp-json\/wp\/v2\/product_tag?post=216456"},{"taxonomy":"berocket_brand","embeddable":true,"href":"https:\/\/glownaturalliving.com\/de\/wp-json\/wp\/v2\/berocket_brand?post=216456"}],"curies":[{"name":"wp","href":"https:\/\/api.w.org\/{rel}","templated":true}]}}