{"id":216745,"date":"2023-05-18T16:26:25","date_gmt":"2023-05-18T15:26:25","guid":{"rendered":"https:\/\/glownaturalliving.com\/?post_type=product&#038;p=216745"},"modified":"2025-07-17T08:34:02","modified_gmt":"2025-07-17T07:34:02","slug":"jeans-shorts","status":"publish","type":"product","link":"https:\/\/glownaturalliving.com\/de\/winkel\/kinderkleidung\/mini-hosen\/jeans-shorts\/","title":{"rendered":"Jeans-Shorts"},"content":{"rendered":"<p>Die perfekteste Jeans aus weichem, leichtem Denim und ausgestattet mit einem elastischen Bund und einer entspannten Passform. Diese sind bequem und die ganze Saison \u00fcber leicht zu tragen. Krempeln Sie die B\u00fcndchen nach oben oder unten f\u00fcr einen lustigen Sommerlook. Dieses schlichte Kleidungsst\u00fcck passt zu allem.<\/p>\n<p>Der Waschprozess in kleinen Chargen bedeutet, dass jedes der Denim-Kleidungsst\u00fccke in Farbe und Aussehen leicht variieren kann.<\/p>\n<p>\u2022 Zusammensetzung: Denim aus 100% Bio-Baumwolle<br \/>\n\u2022 Erh\u00e4ltlich in: LIGHT DENIM<br \/>\n\u2022 Mit Liebe in Portugal hergestellt<\/p>\n<p><img loading=\"lazy\" decoding=\"async\" class=\"size-medium wp-image-215611\" src=\"https:\/\/glownaturalliving.com\/wp-content\/uploads\/2023\/05\/Foto-03-05-2023-om-1102-500x119.jpg\" alt=\"Werte\" width=\"500\" height=\"119\" srcset=\"https:\/\/glownaturalliving.com\/wp-content\/uploads\/2023\/05\/Foto-03-05-2023-om-1102-500x119.jpg 500w, https:\/\/glownaturalliving.com\/wp-content\/uploads\/2023\/05\/Foto-03-05-2023-om-1102-1024x244.jpg 1024w, https:\/\/glownaturalliving.com\/wp-content\/uploads\/2023\/05\/Foto-03-05-2023-om-1102-768x183.jpg 768w, https:\/\/glownaturalliving.com\/wp-content\/uploads\/2023\/05\/Foto-03-05-2023-om-1102-1536x366.jpg 1536w, https:\/\/glownaturalliving.com\/wp-content\/uploads\/2023\/05\/Foto-03-05-2023-om-1102-2048x488.jpg 2048w, https:\/\/glownaturalliving.com\/wp-content\/uploads\/2023\/05\/Foto-03-05-2023-om-1102-510x121.jpg 510w\" sizes=\"auto, (max-width: 500px) 100vw, 500px\" \/><\/p>\n<p><strong>\u00dcber The Simple Folk<\/strong><\/p>\n<p>Einfach. Ethisch. Langsam.<\/p>\n<p>Als M\u00fctter wurden wir uns des wahren Preises von <em>Fast Fashion <\/em>bewusst und f\u00fchlten uns verpflichtet, den Weg in eine bewusstere und nachhaltigere Zukunft f\u00fcr unsere Kinder, unsere Gemeinschaften und unseren Planeten zu weisen.<\/p>\n<p>The Simple Folk ist unsere minimalistische Linie von der Natur inspirierter, ethischer, organischer und sehr bequemer Kleidung, die leicht zu tragen, leicht zu waschen und angenehm f\u00fcr die Sinne ist, damit Sie und Ihre Kinder jahrelang Freude daran haben werden.<\/p>\n","protected":false},"excerpt":{"rendered":"<p>Die perfekteste Jeans aus weichem, leichtem Denim und ausgestattet mit einem elastischen Bund und einer entspannten Passform. Diese sind bequem und die ganze Saison \u00fcber leicht zu tragen. Krempeln Sie die B\u00fcndchen nach oben oder unten f\u00fcr einen lustigen Sommerlook. Dieses schlichte Kleidungsst\u00fcck passt zu allem. Der Waschprozess in kleinen Chargen bedeutet, dass jedes der [&#8230;]\n","protected":false},"featured_media":216762,"comment_status":"open","ping_status":"closed","template":"","meta":{"_acf_changed":false},"product_cat":[8514,8853,8683],"product_tag":[],"berocket_brand":[9874],"class_list":["post-216745","product","type-product","status-publish","has-post-thumbnail","hentry","product_cat-kinderkleidung","product_cat-mini-hosen","product_cat-angebot","product_shipping_class-pakket-de","berocket_brand-the-simple-folk-de","fb_product_set-for-kids","fb_product_set-kids-fashion"],"acf":[],"aioseo_notices":[],"_links":{"self":[{"href":"https:\/\/glownaturalliving.com\/de\/wp-json\/wp\/v2\/product\/216745","targetHints":{"allow":["GET"]}}],"collection":[{"href":"https:\/\/glownaturalliving.com\/de\/wp-json\/wp\/v2\/product"}],"about":[{"href":"https:\/\/glownaturalliving.com\/de\/wp-json\/wp\/v2\/types\/product"}],"replies":[{"embeddable":true,"href":"https:\/\/glownaturalliving.com\/de\/wp-json\/wp\/v2\/comments?post=216745"}],"wp:featuredmedia":[{"embeddable":true,"href":"https:\/\/glownaturalliving.com\/de\/wp-json\/wp\/v2\/media\/216762"}],"wp:attachment":[{"href":"https:\/\/glownaturalliving.com\/de\/wp-json\/wp\/v2\/media?parent=216745"}],"wp:term":[{"taxonomy":"product_cat","embeddable":true,"href":"https:\/\/glownaturalliving.com\/de\/wp-json\/wp\/v2\/product_cat?post=216745"},{"taxonomy":"product_tag","embeddable":true,"href":"https:\/\/glownaturalliving.com\/de\/wp-json\/wp\/v2\/product_tag?post=216745"},{"taxonomy":"berocket_brand","embeddable":true,"href":"https:\/\/glownaturalliving.com\/de\/wp-json\/wp\/v2\/berocket_brand?post=216745"}],"curies":[{"name":"wp","href":"https:\/\/api.w.org\/{rel}","templated":true}]}}