{"id":216872,"date":"2023-05-24T09:15:44","date_gmt":"2023-05-24T08:15:44","guid":{"rendered":"https:\/\/glownaturalliving.com\/?post_type=product&#038;p=216872"},"modified":"2024-05-31T11:31:19","modified_gmt":"2024-05-31T10:31:19","slug":"das-wochenende-kleid-maxikleid-ecru","status":"publish","type":"product","link":"https:\/\/glownaturalliving.com\/de\/winkel\/damenbekleidung\/damen-kleider-rocke\/das-wochenende-kleid-maxikleid-ecru\/","title":{"rendered":"Das Wochenendkleid | Maxikleid \u2013 Ecru"},"content":{"rendered":"<p id=\"tw-target-text\" class=\"tw-data-text tw-text-large tw-ta\" dir=\"ltr\" data-placeholder=\"Vertaling\"><span class=\"Y2IQFc\" lang=\"nl\">Genie\u00dfen Sie die wundersch\u00f6nen Sommerwochenenden in diesem leicht zu tragenden Maxikleid. Das Wochenendkleid hat einen verstellbaren Tr\u00e4ger an einer Schulter, der f\u00fcr einen perfekten Ausschnitt eingestellt werden kann. Egal, ob Sie klassisch hoch oder niedrig und ausgeschnitten bevorzugen. Dieses Kleid ist aus einem wunderbar weichen Musselin aus Bio-Baumwolle gefertigt und f\u00e4llt sowieso wie ein Traum.  <\/span><\/p>\n<ul>\n<li><span class=\"Y2IQFc\" lang=\"nl\">Material: 100% GOTS Bio-Baumwolle Musselin  <\/span><\/li>\n<li class=\"tw-data-text tw-text-large tw-ta\" dir=\"ltr\" data-placeholder=\"Vertaling\"><span class=\"Y2IQFc\" lang=\"nl\">Verf\u00fcgbar in: ECRU und SAND  <\/span><\/li>\n<li class=\"tw-data-text tw-text-large tw-ta\" dir=\"ltr\" data-placeholder=\"Vertaling\"><span class=\"Y2IQFc\" lang=\"nl\">Schwangerschaft: Das Kleid ist sowohl bauch- als auch stillfreundlich  <\/span><\/li>\n<li class=\"tw-data-text tw-text-large tw-ta\" dir=\"ltr\" data-placeholder=\"Vertaling\"><span class=\"Y2IQFc\" lang=\"nl\">Mit Liebe in Portugal hergestellt<\/span><\/li>\n<\/ul>\n<p><img loading=\"lazy\" decoding=\"async\" class=\"size-medium wp-image-215611\" src=\"https:\/\/glownaturalliving.com\/wp-content\/uploads\/2023\/05\/Foto-03-05-2023-om-1102-500x119.jpg\" alt=\"Werte\" width=\"500\" height=\"119\" srcset=\"https:\/\/glownaturalliving.com\/wp-content\/uploads\/2023\/05\/Foto-03-05-2023-om-1102-500x119.jpg 500w, https:\/\/glownaturalliving.com\/wp-content\/uploads\/2023\/05\/Foto-03-05-2023-om-1102-1024x244.jpg 1024w, https:\/\/glownaturalliving.com\/wp-content\/uploads\/2023\/05\/Foto-03-05-2023-om-1102-768x183.jpg 768w, https:\/\/glownaturalliving.com\/wp-content\/uploads\/2023\/05\/Foto-03-05-2023-om-1102-1536x366.jpg 1536w, https:\/\/glownaturalliving.com\/wp-content\/uploads\/2023\/05\/Foto-03-05-2023-om-1102-2048x488.jpg 2048w, https:\/\/glownaturalliving.com\/wp-content\/uploads\/2023\/05\/Foto-03-05-2023-om-1102-510x121.jpg 510w\" sizes=\"auto, (max-width: 500px) 100vw, 500px\" \/><\/p>\n<p><strong>\u00dcber The Simple Folk<\/strong><\/p>\n<p>Einfach. Ethisch. Langsam.<\/p>\n<p>Als M\u00fctter wurden wir uns des wahren Preises von <em>Fast Fashion <\/em>bewusst und f\u00fchlten uns verpflichtet, den Weg in eine bewusstere und nachhaltigere Zukunft f\u00fcr unsere Kinder, unsere Gemeinschaften und unseren Planeten zu weisen.<\/p>\n<p>The Simple Folk ist unsere minimalistische Linie von der Natur inspirierter, ethischer, organischer und sehr bequemer Kleidung, die leicht zu tragen, leicht zu waschen und angenehm f\u00fcr die Sinne ist, damit Sie und Ihre Kinder jahrelang Freude daran haben werden.<\/p>\n","protected":false},"excerpt":{"rendered":"<p>Genie\u00dfen Sie die wundersch\u00f6nen Sommerwochenenden in diesem leicht zu tragenden Maxikleid. Das Wochenendkleid hat einen verstellbaren Tr\u00e4ger an einer Schulter, der f\u00fcr einen perfekten Ausschnitt eingestellt werden kann. Egal, ob Sie klassisch hoch oder niedrig und ausgeschnitten bevorzugen. Dieses Kleid ist aus einem wunderbar weichen Musselin aus Bio-Baumwolle gefertigt und f\u00e4llt sowieso wie ein Traum. [&#8230;]\n","protected":false},"featured_media":216880,"comment_status":"open","ping_status":"closed","template":"","meta":{"_acf_changed":false},"product_cat":[8398,8545,8683],"product_tag":[],"berocket_brand":[9874],"class_list":["post-216872","product","type-product","status-publish","has-post-thumbnail","hentry","product_cat-damenbekleidung","product_cat-damen-kleider-rocke","product_cat-angebot","product_shipping_class-pakket-de","berocket_brand-the-simple-folk-de","fb_product_set-woman-fashion-and-care","fb_product_set-womens-fashion"],"acf":[],"aioseo_notices":[],"_links":{"self":[{"href":"https:\/\/glownaturalliving.com\/de\/wp-json\/wp\/v2\/product\/216872","targetHints":{"allow":["GET"]}}],"collection":[{"href":"https:\/\/glownaturalliving.com\/de\/wp-json\/wp\/v2\/product"}],"about":[{"href":"https:\/\/glownaturalliving.com\/de\/wp-json\/wp\/v2\/types\/product"}],"replies":[{"embeddable":true,"href":"https:\/\/glownaturalliving.com\/de\/wp-json\/wp\/v2\/comments?post=216872"}],"wp:featuredmedia":[{"embeddable":true,"href":"https:\/\/glownaturalliving.com\/de\/wp-json\/wp\/v2\/media\/216880"}],"wp:attachment":[{"href":"https:\/\/glownaturalliving.com\/de\/wp-json\/wp\/v2\/media?parent=216872"}],"wp:term":[{"taxonomy":"product_cat","embeddable":true,"href":"https:\/\/glownaturalliving.com\/de\/wp-json\/wp\/v2\/product_cat?post=216872"},{"taxonomy":"product_tag","embeddable":true,"href":"https:\/\/glownaturalliving.com\/de\/wp-json\/wp\/v2\/product_tag?post=216872"},{"taxonomy":"berocket_brand","embeddable":true,"href":"https:\/\/glownaturalliving.com\/de\/wp-json\/wp\/v2\/berocket_brand?post=216872"}],"curies":[{"name":"wp","href":"https:\/\/api.w.org\/{rel}","templated":true}]}}