{"id":217151,"date":"2023-05-31T15:15:03","date_gmt":"2023-05-31T14:15:03","guid":{"rendered":"https:\/\/glownaturalliving.com\/?post_type=product&#038;p=217151"},"modified":"2024-07-15T13:38:01","modified_gmt":"2024-07-15T12:38:01","slug":"the-button-back-top-saga","status":"publish","type":"product","link":"https:\/\/glownaturalliving.com\/de\/winkel\/damenbekleidung\/damen-tops-hemden\/the-button-back-top-saga\/","title":{"rendered":"Der Knopf auf der R\u00fcckseite \u2013 Sage"},"content":{"rendered":"<p id=\"tw-target-text\" class=\"tw-data-text tw-text-large tw-ta\" dir=\"ltr\" data-placeholder=\"Vertaling\"><span class=\"Y2IQFc\" lang=\"nl\">Dieses wundersch\u00f6ne, locker sitzende, luxuri\u00f6se Oberteil ist aus einem k\u00f6stlich weichen Musselin gefertigt. Das Oberteil hat lange \u00c4rmel und Kokosnusskn\u00f6pfe auf der R\u00fcckseite. Der leckere, luftige Stoff macht das Oberteil perfekt f\u00fcr hei\u00dfe Tage und k\u00fchlere Abende. Im Herbst\/Winter kannst du das Oberteil mit einer sch\u00f6nen Strickjacke oder einem Pullover kombinieren.  <\/span><\/p>\n<ul>\n<li class=\"tw-data-text tw-text-large tw-ta\" dir=\"ltr\" data-placeholder=\"Vertaling\"><span class=\"Y2IQFc\" lang=\"nl\">Material: 100% GOTS Bio-Baumwolle Musselin<\/span><\/li>\n<li class=\"tw-data-text tw-text-large tw-ta\" dir=\"ltr\" data-placeholder=\"Vertaling\"><span class=\"Y2IQFc\" lang=\"nl\">Schwangerschaft: Das Oberteil ist sowohl bauch- als auch stillfreundlich (f\u00fcr einen wachsenden Bauch eine Nummer gr\u00f6\u00dfer nehmen). Um das Stillen zu erleichtern, kn\u00f6pfen Sie den oberen Knopf auf der R\u00fcckseite auf und ziehen Sie ihn nach vorne  <\/span><\/li>\n<li class=\"tw-data-text tw-text-large tw-ta\" dir=\"ltr\" data-placeholder=\"Vertaling\"><span class=\"Y2IQFc\" lang=\"nl\">Mit Liebe in Portugal hergestellt<\/span><\/li>\n<\/ul>\n<p><img loading=\"lazy\" decoding=\"async\" class=\"size-medium wp-image-215611\" src=\"https:\/\/glownaturalliving.com\/wp-content\/uploads\/2023\/05\/Foto-03-05-2023-om-1102-500x119.jpg\" alt=\"Werte\" width=\"500\" height=\"119\" srcset=\"https:\/\/glownaturalliving.com\/wp-content\/uploads\/2023\/05\/Foto-03-05-2023-om-1102-500x119.jpg 500w, https:\/\/glownaturalliving.com\/wp-content\/uploads\/2023\/05\/Foto-03-05-2023-om-1102-1024x244.jpg 1024w, https:\/\/glownaturalliving.com\/wp-content\/uploads\/2023\/05\/Foto-03-05-2023-om-1102-768x183.jpg 768w, https:\/\/glownaturalliving.com\/wp-content\/uploads\/2023\/05\/Foto-03-05-2023-om-1102-1536x366.jpg 1536w, https:\/\/glownaturalliving.com\/wp-content\/uploads\/2023\/05\/Foto-03-05-2023-om-1102-2048x488.jpg 2048w, https:\/\/glownaturalliving.com\/wp-content\/uploads\/2023\/05\/Foto-03-05-2023-om-1102-510x121.jpg 510w\" sizes=\"auto, (max-width: 500px) 100vw, 500px\" \/><\/p>\n<p><strong>\u00dcber The Simple Folk<\/strong><\/p>\n<p>Einfach. Ethisch. Langsam.<\/p>\n<p>Als M\u00fctter wurden wir uns des wahren Preises von <em>Fast Fashion <\/em>bewusst und f\u00fchlten uns verpflichtet, den Weg in eine bewusstere und nachhaltigere Zukunft f\u00fcr unsere Kinder, unsere Gemeinschaften und unseren Planeten zu weisen.<\/p>\n<p>The Simple Folk ist unsere minimalistische Linie von der Natur inspirierter, ethischer, organischer und sehr bequemer Kleidung, die leicht zu tragen, leicht zu waschen und angenehm f\u00fcr die Sinne ist, damit Sie und Ihre Kinder jahrelang Freude daran haben werden.<\/p>\n","protected":false},"excerpt":{"rendered":"<p>Dieses wundersch\u00f6ne, locker sitzende, luxuri\u00f6se Oberteil ist aus einem k\u00f6stlich weichen Musselin gefertigt. Das Oberteil hat lange \u00c4rmel und Kokosnusskn\u00f6pfe auf der R\u00fcckseite. Der leckere, luftige Stoff macht das Oberteil perfekt f\u00fcr hei\u00dfe Tage und k\u00fchlere Abende. Im Herbst\/Winter kannst du das Oberteil mit einer sch\u00f6nen Strickjacke oder einem Pullover kombinieren. Material: 100% GOTS Bio-Baumwolle [&#8230;]\n","protected":false},"featured_media":217175,"comment_status":"open","ping_status":"closed","template":"","meta":{"_acf_changed":false},"product_cat":[8398,8548,8683],"product_tag":[],"berocket_brand":[9874],"class_list":["post-217151","product","type-product","status-publish","has-post-thumbnail","hentry","product_cat-damenbekleidung","product_cat-damen-tops-hemden","product_cat-angebot","product_shipping_class-pakket-de","berocket_brand-the-simple-folk-de","fb_product_set-woman-fashion-and-care","fb_product_set-womens-fashion"],"acf":[],"aioseo_notices":[],"_links":{"self":[{"href":"https:\/\/glownaturalliving.com\/de\/wp-json\/wp\/v2\/product\/217151","targetHints":{"allow":["GET"]}}],"collection":[{"href":"https:\/\/glownaturalliving.com\/de\/wp-json\/wp\/v2\/product"}],"about":[{"href":"https:\/\/glownaturalliving.com\/de\/wp-json\/wp\/v2\/types\/product"}],"replies":[{"embeddable":true,"href":"https:\/\/glownaturalliving.com\/de\/wp-json\/wp\/v2\/comments?post=217151"}],"wp:featuredmedia":[{"embeddable":true,"href":"https:\/\/glownaturalliving.com\/de\/wp-json\/wp\/v2\/media\/217175"}],"wp:attachment":[{"href":"https:\/\/glownaturalliving.com\/de\/wp-json\/wp\/v2\/media?parent=217151"}],"wp:term":[{"taxonomy":"product_cat","embeddable":true,"href":"https:\/\/glownaturalliving.com\/de\/wp-json\/wp\/v2\/product_cat?post=217151"},{"taxonomy":"product_tag","embeddable":true,"href":"https:\/\/glownaturalliving.com\/de\/wp-json\/wp\/v2\/product_tag?post=217151"},{"taxonomy":"berocket_brand","embeddable":true,"href":"https:\/\/glownaturalliving.com\/de\/wp-json\/wp\/v2\/berocket_brand?post=217151"}],"curies":[{"name":"wp","href":"https:\/\/api.w.org\/{rel}","templated":true}]}}