{"id":217218,"date":"2023-05-31T17:54:54","date_gmt":"2023-05-31T16:54:54","guid":{"rendered":"https:\/\/glownaturalliving.com\/?post_type=product&#038;p=217218"},"modified":"2024-10-29T09:46:08","modified_gmt":"2024-10-29T08:46:08","slug":"das-sweatshirt-ecru","status":"publish","type":"product","link":"https:\/\/glownaturalliving.com\/de\/winkel\/damenbekleidung\/damen-tops-hemden\/das-sweatshirt-ecru\/","title":{"rendered":"Das Sweatshirt \u2013 Ecru"},"content":{"rendered":"<p id=\"tw-target-text\" class=\"tw-data-text tw-text-large tw-ta\" dir=\"ltr\" data-placeholder=\"Vertaling\"><span class=\"Y2IQFc\" lang=\"nl\">Dieses sch\u00f6ne Sweatshirt ist der Inbegriff eines minimalistischen Stils. Der Damenpullover ist schlicht, aber ach so bequem. Die sch\u00f6nen, loungeartigen Raglan\u00e4rmel und das stilvolle Detail am Handgelenk runden den Pullover ab. Hergestellt aus dem weichsten italienischen Fleece. Das macht den Pullover sowohl luxuri\u00f6s als auch wunderbar kuschelig. Es hat eine luxuri\u00f6se Gem\u00fctlichkeit, die ihresgleichen sucht. Das Sweatshirt besteht zu 100 % aus unlackiertem, ungebleichtem Rohgewebe f\u00fcr das sauberste Erlebnis, das der Natur am n\u00e4chsten kommt.  <\/span><\/p>\n<ul>\n<li class=\"tw-data-text tw-text-large tw-ta\" dir=\"ltr\" data-placeholder=\"Vertaling\"><span class=\"Y2IQFc\" lang=\"nl\">Material: 95% GOTS Bio-Fleece aus italienischer Baumwolle, 5% Elasthan  <\/span><\/li>\n<li class=\"tw-data-text tw-text-large tw-ta\" dir=\"ltr\" data-placeholder=\"Vertaling\"><span class=\"Y2IQFc\" lang=\"nl\">Schwangerschaft: Der Pullover ist bauchfreundlich \ud83d\ude42 (nimm eine Nummer gr\u00f6\u00dfer f\u00fcr einen wachsenden Bauch)  <\/span><\/li>\n<li class=\"tw-data-text tw-text-large tw-ta\" dir=\"ltr\" data-placeholder=\"Vertaling\"><span class=\"Y2IQFc\" lang=\"nl\">Mit Liebe in Portugal hergestellt<\/span><\/li>\n<\/ul>\n<p><img loading=\"lazy\" decoding=\"async\" class=\"size-medium wp-image-215611\" src=\"https:\/\/glownaturalliving.com\/wp-content\/uploads\/2023\/05\/Foto-03-05-2023-om-1102-500x119.jpg\" alt=\"Werte\" width=\"500\" height=\"119\" srcset=\"https:\/\/glownaturalliving.com\/wp-content\/uploads\/2023\/05\/Foto-03-05-2023-om-1102-500x119.jpg 500w, https:\/\/glownaturalliving.com\/wp-content\/uploads\/2023\/05\/Foto-03-05-2023-om-1102-1024x244.jpg 1024w, https:\/\/glownaturalliving.com\/wp-content\/uploads\/2023\/05\/Foto-03-05-2023-om-1102-768x183.jpg 768w, https:\/\/glownaturalliving.com\/wp-content\/uploads\/2023\/05\/Foto-03-05-2023-om-1102-1536x366.jpg 1536w, https:\/\/glownaturalliving.com\/wp-content\/uploads\/2023\/05\/Foto-03-05-2023-om-1102-2048x488.jpg 2048w, https:\/\/glownaturalliving.com\/wp-content\/uploads\/2023\/05\/Foto-03-05-2023-om-1102-510x121.jpg 510w\" sizes=\"auto, (max-width: 500px) 100vw, 500px\" \/><\/p>\n<p><strong>\u00dcber The Simple Folk<\/strong><\/p>\n<p>Einfach. Ethisch. Langsam.<\/p>\n<p>Als M\u00fctter wurden wir uns des wahren Preises von <em>Fast Fashion <\/em>bewusst und f\u00fchlten uns verpflichtet, den Weg in eine bewusstere und nachhaltigere Zukunft f\u00fcr unsere Kinder, unsere Gemeinschaften und unseren Planeten zu weisen.<\/p>\n<p>The Simple Folk ist unsere minimalistische Linie von der Natur inspirierter, ethischer, organischer und sehr bequemer Kleidung, die leicht zu tragen, leicht zu waschen und angenehm f\u00fcr die Sinne ist, damit Sie und Ihre Kinder jahrelang Freude daran haben werden.<\/p>\n","protected":false},"excerpt":{"rendered":"<p>Dieses sch\u00f6ne Sweatshirt ist der Inbegriff eines minimalistischen Stils. Der Damenpullover ist schlicht, aber ach so bequem. Die sch\u00f6nen, loungeartigen Raglan\u00e4rmel und das stilvolle Detail am Handgelenk runden den Pullover ab. Hergestellt aus dem weichsten italienischen Fleece. Das macht den Pullover sowohl luxuri\u00f6s als auch wunderbar kuschelig. Es hat eine luxuri\u00f6se Gem\u00fctlichkeit, die ihresgleichen sucht. [&#8230;]\n","protected":false},"featured_media":217231,"comment_status":"open","ping_status":"closed","template":"","meta":{"_acf_changed":false},"product_cat":[8398,8548,8683],"product_tag":[],"berocket_brand":[9874],"class_list":["post-217218","product","type-product","status-publish","has-post-thumbnail","hentry","product_cat-damenbekleidung","product_cat-damen-tops-hemden","product_cat-angebot","product_shipping_class-pakket-de","berocket_brand-the-simple-folk-de","fb_product_set-woman-fashion-and-care","fb_product_set-womens-fashion"],"acf":[],"aioseo_notices":[],"_links":{"self":[{"href":"https:\/\/glownaturalliving.com\/de\/wp-json\/wp\/v2\/product\/217218","targetHints":{"allow":["GET"]}}],"collection":[{"href":"https:\/\/glownaturalliving.com\/de\/wp-json\/wp\/v2\/product"}],"about":[{"href":"https:\/\/glownaturalliving.com\/de\/wp-json\/wp\/v2\/types\/product"}],"replies":[{"embeddable":true,"href":"https:\/\/glownaturalliving.com\/de\/wp-json\/wp\/v2\/comments?post=217218"}],"wp:featuredmedia":[{"embeddable":true,"href":"https:\/\/glownaturalliving.com\/de\/wp-json\/wp\/v2\/media\/217231"}],"wp:attachment":[{"href":"https:\/\/glownaturalliving.com\/de\/wp-json\/wp\/v2\/media?parent=217218"}],"wp:term":[{"taxonomy":"product_cat","embeddable":true,"href":"https:\/\/glownaturalliving.com\/de\/wp-json\/wp\/v2\/product_cat?post=217218"},{"taxonomy":"product_tag","embeddable":true,"href":"https:\/\/glownaturalliving.com\/de\/wp-json\/wp\/v2\/product_tag?post=217218"},{"taxonomy":"berocket_brand","embeddable":true,"href":"https:\/\/glownaturalliving.com\/de\/wp-json\/wp\/v2\/berocket_brand?post=217218"}],"curies":[{"name":"wp","href":"https:\/\/api.w.org\/{rel}","templated":true}]}}