{"id":217353,"date":"2023-06-08T08:37:54","date_gmt":"2023-06-08T07:37:54","guid":{"rendered":"https:\/\/glownaturalliving.com\/winkel\/unkategorisiert\/glow-kraeutertee\/"},"modified":"2023-06-08T08:38:07","modified_gmt":"2023-06-08T07:38:07","slug":"glow-krautertee","status":"publish","type":"product","link":"https:\/\/glownaturalliving.com\/de\/winkel\/geschenk\/fuer-sie\/glow-krautertee\/","title":{"rendered":"Glow Kr\u00e4utertee"},"content":{"rendered":"<p>Dieser k\u00f6stliche Glow Kr\u00e4utertee wurde speziell f\u00fcr strahlende Haut entwickelt. Dieser Bio-Kr\u00e4utertee enth\u00e4lt sch\u00f6ne Kr\u00e4uter und Antioxidantien, die die optimale Funktion Ihrer Haut unterst\u00fctzen. Speziell f\u00fcr eine sch\u00f6ne, strahlende Haut!<\/p>\n<p>Wassertemperatur: 95\u00baC<br \/>\nZiehzeit: 5 \u2013 10 Minuten<br \/>\nZutaten: Basilikum, Zimt, Kurkuma, reiner Rooibos<\/p>\n<p><strong>Tipp<\/strong>: Der Tee ist auch sehr lecker, um seinen eigenen nat\u00fcrlichen Eistee herzustellen. Bereiten Sie Ihren Tee wie gewohnt zu, aber mit etwas weniger Wasser und f\u00fcgen Sie ein paar Eisw\u00fcrfel hinzu. Mit einer Orangenscheibe und eventuell einem Schuss Agavendicksaft abrunden.<\/p>\n","protected":false},"excerpt":{"rendered":"<p>Dieser k\u00f6stliche Glow Kr\u00e4utertee wurde speziell f\u00fcr strahlende Haut entwickelt. Dieser Bio-Kr\u00e4utertee enth\u00e4lt sch\u00f6ne Kr\u00e4uter und Antioxidantien, die die optimale Funktion Ihrer Haut unterst\u00fctzen. Speziell f\u00fcr eine sch\u00f6ne, strahlende Haut! Wassertemperatur: 95\u00baC Ziehzeit: 5 \u2013 10 Minuten Zutaten: Basilikum, Zimt, Kurkuma, reiner Rooibos Tipp: Der Tee ist auch sehr lecker, um seinen eigenen nat\u00fcrlichen Eistee [&#8230;]\n","protected":false},"featured_media":217348,"comment_status":"open","ping_status":"closed","template":"","meta":{"_acf_changed":false},"product_cat":[9998,9987,4604,9384,8509],"product_tag":[],"berocket_brand":[9916],"class_list":["post-217353","product","type-product","status-publish","has-post-thumbnail","hentry","product_cat-fuer-sie","product_cat-geschenk","product_cat-neu","product_cat-wohnen-de","product_cat-essen-trinken","product_shipping_class-pakket-de","berocket_brand-teestand"],"acf":[],"aioseo_notices":[],"_links":{"self":[{"href":"https:\/\/glownaturalliving.com\/de\/wp-json\/wp\/v2\/product\/217353","targetHints":{"allow":["GET"]}}],"collection":[{"href":"https:\/\/glownaturalliving.com\/de\/wp-json\/wp\/v2\/product"}],"about":[{"href":"https:\/\/glownaturalliving.com\/de\/wp-json\/wp\/v2\/types\/product"}],"replies":[{"embeddable":true,"href":"https:\/\/glownaturalliving.com\/de\/wp-json\/wp\/v2\/comments?post=217353"}],"wp:featuredmedia":[{"embeddable":true,"href":"https:\/\/glownaturalliving.com\/de\/wp-json\/wp\/v2\/media\/217348"}],"wp:attachment":[{"href":"https:\/\/glownaturalliving.com\/de\/wp-json\/wp\/v2\/media?parent=217353"}],"wp:term":[{"taxonomy":"product_cat","embeddable":true,"href":"https:\/\/glownaturalliving.com\/de\/wp-json\/wp\/v2\/product_cat?post=217353"},{"taxonomy":"product_tag","embeddable":true,"href":"https:\/\/glownaturalliving.com\/de\/wp-json\/wp\/v2\/product_tag?post=217353"},{"taxonomy":"berocket_brand","embeddable":true,"href":"https:\/\/glownaturalliving.com\/de\/wp-json\/wp\/v2\/berocket_brand?post=217353"}],"curies":[{"name":"wp","href":"https:\/\/api.w.org\/{rel}","templated":true}]}}