{"id":217660,"date":"2023-06-21T10:42:42","date_gmt":"2023-06-21T09:42:42","guid":{"rendered":"https:\/\/glownaturalliving.com\/winkel\/unkategorisiert\/weil-wir-tragen-ich-sehe-dich-tasche\/"},"modified":"2023-06-21T10:42:42","modified_gmt":"2023-06-21T09:42:42","slug":"weil-wir-tragen-ich-sehe-dich-tasche","status":"publish","type":"product","link":"https:\/\/glownaturalliving.com\/de\/winkel\/geschenk\/mutterschaftsgeschenk\/weil-wir-tragen-ich-sehe-dich-tasche\/","title":{"rendered":"Weil wir tragen | Ich sehe deine Tasche"},"content":{"rendered":"<p>Das gro\u00dfartige Team von Because We Carry unterst\u00fctzt M\u00fctter auf der Flucht auf jede erdenkliche Weise. Denn jede Mutter will das Beste f\u00fcr ihr Kind. Wenn man geflohen ist, ist es nicht pl\u00f6tzlich anders. Nur in einem fremden Land, in dem es gar nichts gibt, dann ist das Muttersein wirklich intensiv. Dann brauchst du nur Hilfe.<\/p>\n<div>Leisten auch Sie einen Beitrag. Der gesamte Erl\u00f6s dieser Tasche wird an die Stiftung Because We Carry gespendet, damit diese gefl\u00fcchteten M\u00fcttern helfen kann. Die Taschen werden in einer N\u00e4hwerkstatt in Griechenland hergestellt, die von den Leuten von Because We Carry gegr\u00fcndet wurde. Sie werden von den besten M\u00fcttern Griechenlands hergestellt und bestehen aus 100% Bio-Baumwolle.<\/div>\n","protected":false},"excerpt":{"rendered":"<p>Das gro\u00dfartige Team von Because We Carry unterst\u00fctzt M\u00fctter auf der Flucht auf jede erdenkliche Weise. Denn jede Mutter will das Beste f\u00fcr ihr Kind. Wenn man geflohen ist, ist es nicht pl\u00f6tzlich anders. Nur in einem fremden Land, in dem es gar nichts gibt, dann ist das Muttersein wirklich intensiv. Dann brauchst du nur [&#8230;]\n","protected":false},"featured_media":217652,"comment_status":"open","ping_status":"closed","template":"","meta":{"_acf_changed":false},"product_cat":[9706,9987,9988,4604,8398,9384,8681],"product_tag":[],"berocket_brand":[],"class_list":["post-217660","product","type-product","status-publish","has-post-thumbnail","hentry","product_cat-accessoires-de","product_cat-geschenk","product_cat-mutterschaftsgeschenk","product_cat-neu","product_cat-damenbekleidung","product_cat-wohnen-de","product_cat-unterwegs","product_shipping_class-pakket-de"],"acf":[],"aioseo_notices":[],"_links":{"self":[{"href":"https:\/\/glownaturalliving.com\/de\/wp-json\/wp\/v2\/product\/217660","targetHints":{"allow":["GET"]}}],"collection":[{"href":"https:\/\/glownaturalliving.com\/de\/wp-json\/wp\/v2\/product"}],"about":[{"href":"https:\/\/glownaturalliving.com\/de\/wp-json\/wp\/v2\/types\/product"}],"replies":[{"embeddable":true,"href":"https:\/\/glownaturalliving.com\/de\/wp-json\/wp\/v2\/comments?post=217660"}],"wp:featuredmedia":[{"embeddable":true,"href":"https:\/\/glownaturalliving.com\/de\/wp-json\/wp\/v2\/media\/217652"}],"wp:attachment":[{"href":"https:\/\/glownaturalliving.com\/de\/wp-json\/wp\/v2\/media?parent=217660"}],"wp:term":[{"taxonomy":"product_cat","embeddable":true,"href":"https:\/\/glownaturalliving.com\/de\/wp-json\/wp\/v2\/product_cat?post=217660"},{"taxonomy":"product_tag","embeddable":true,"href":"https:\/\/glownaturalliving.com\/de\/wp-json\/wp\/v2\/product_tag?post=217660"},{"taxonomy":"berocket_brand","embeddable":true,"href":"https:\/\/glownaturalliving.com\/de\/wp-json\/wp\/v2\/berocket_brand?post=217660"}],"curies":[{"name":"wp","href":"https:\/\/api.w.org\/{rel}","templated":true}]}}