{"id":217809,"date":"2023-06-27T15:22:41","date_gmt":"2023-06-27T14:22:41","guid":{"rendered":"https:\/\/glownaturalliving.com\/?post_type=product&#038;p=217809"},"modified":"2023-06-28T16:21:00","modified_gmt":"2023-06-28T15:21:00","slug":"conditioner-bar-aloe-vera-love","status":"publish","type":"product","link":"https:\/\/glownaturalliving.com\/de\/winkel\/pflege\/pflege-produkte\/conditioner-bar-aloe-vera-love\/","title":{"rendered":"Conditioner Bar | Aloe Vera Liebe"},"content":{"rendered":"<p>Das ausdrucksst\u00e4rkste und sch\u00f6nste Merkmal unseres Kopfes ist unser Haar! Dein Haar passt zu deinem Gesicht und sagt viel \u00fcber dich als Person aus. Pflegen Sie Ihr Haar mit einem Produkt, das es respektiert. Aloe Vera tut dies auf fantastische Weise. Es spendet nat\u00fcrliche Feuchtigkeit, hilft gegen trockene Kopfhaut und ist vollgepackt mit nat\u00fcrlichen N\u00e4hrstoffen. Der Conditioner Bar macht dein Haar wunderbar weich und sorgt daf\u00fcr, dass es gut f\u00e4llt. F\u00fcr einen optimalen Haartag, jeden Tag!<\/p>\n<p><strong>Die HappySoaps Conditioner Bars sind:<\/strong><\/p>\n<ul>\n<li>100% plastikfrei<\/li>\n<li>Vegan<\/li>\n<li>frei von Palm\u00f6l<\/li>\n<li>das testfrei ist<\/li>\n<li>enthalten nat\u00fcrliche Sheabutter, Oliven\u00f6l, Kakaobutter und Argan\u00f6l<\/li>\n<li>handgefertigt in den Niederlanden<\/li>\n<li>90-110 W\u00e4schen<\/li>\n<li>f\u00fcr alle Haartypen<\/li>\n<\/ul>\n","protected":false},"excerpt":{"rendered":"<p>Das ausdrucksst\u00e4rkste und sch\u00f6nste Merkmal unseres Kopfes ist unser Haar! Dein Haar passt zu deinem Gesicht und sagt viel \u00fcber dich als Person aus. Pflegen Sie Ihr Haar mit einem Produkt, das es respektiert. Aloe Vera tut dies auf fantastische Weise. Es spendet nat\u00fcrliche Feuchtigkeit, hilft gegen trockene Kopfhaut und ist vollgepackt mit nat\u00fcrlichen N\u00e4hrstoffen. [&#8230;]\n","protected":false},"featured_media":0,"comment_status":"open","ping_status":"closed","template":"","meta":{"_acf_changed":false},"product_cat":[4604,8687,9290],"product_tag":[],"berocket_brand":[9466],"class_list":["post-217809","product","type-product","status-publish","hentry","product_cat-neu","product_cat-pflege","product_cat-pflege-produkte","product_shipping_class-pakket-de","berocket_brand-happy-soaps","fb_product_set-personal-care","fb_product_set-woman-fashion-and-care"],"acf":[],"aioseo_notices":[],"_links":{"self":[{"href":"https:\/\/glownaturalliving.com\/de\/wp-json\/wp\/v2\/product\/217809","targetHints":{"allow":["GET"]}}],"collection":[{"href":"https:\/\/glownaturalliving.com\/de\/wp-json\/wp\/v2\/product"}],"about":[{"href":"https:\/\/glownaturalliving.com\/de\/wp-json\/wp\/v2\/types\/product"}],"replies":[{"embeddable":true,"href":"https:\/\/glownaturalliving.com\/de\/wp-json\/wp\/v2\/comments?post=217809"}],"wp:attachment":[{"href":"https:\/\/glownaturalliving.com\/de\/wp-json\/wp\/v2\/media?parent=217809"}],"wp:term":[{"taxonomy":"product_cat","embeddable":true,"href":"https:\/\/glownaturalliving.com\/de\/wp-json\/wp\/v2\/product_cat?post=217809"},{"taxonomy":"product_tag","embeddable":true,"href":"https:\/\/glownaturalliving.com\/de\/wp-json\/wp\/v2\/product_tag?post=217809"},{"taxonomy":"berocket_brand","embeddable":true,"href":"https:\/\/glownaturalliving.com\/de\/wp-json\/wp\/v2\/berocket_brand?post=217809"}],"curies":[{"name":"wp","href":"https:\/\/api.w.org\/{rel}","templated":true}]}}