{"id":218065,"date":"2023-07-04T10:17:39","date_gmt":"2023-07-04T09:17:39","guid":{"rendered":"https:\/\/glownaturalliving.com\/winkel\/unkategorisiert\/bio-kokosoel-kaltgepresst\/"},"modified":"2025-03-01T11:44:52","modified_gmt":"2025-03-01T10:44:52","slug":"bio-kokosoel-kaltgepresst","status":"publish","type":"product","link":"https:\/\/glownaturalliving.com\/de\/winkel\/pflege\/pflege-produkte\/bio-kokosoel-kaltgepresst\/","title":{"rendered":"Bio-Kokos\u00f6l (kaltgepresst)"},"content":{"rendered":"<p><span data-v-bb303ac4=\"\">Gepflegte und weiche Haut sofort nach dem Auftragen! Stellen Sie sich vor, Sie befinden sich an einem tropischen Reiseziel mit dem k\u00f6stlichen Duft dieses 100% reinen, biologischen, unraffinierten Kokosnuss\u00f6ls.  <\/span><\/p>\n<p><span data-v-bb303ac4=\"\">Was macht Kokos\u00f6l zu einem so guten Produkt? Die Kokosnuss, aus der das Kokos\u00f6l gewonnen wird, ist vollgepackt mit Vitaminen und diese landen beim Pressen gr\u00f6\u00dftenteils im Kokos\u00f6l. Die einzigartige Zusammensetzung von Kokos\u00f6l, das als einziges Nuss\u00f6l aus ges\u00e4ttigten Fetten besteht, sorgt daf\u00fcr, dass Ihre Haut das \u00d6l gut aufnimmt und Feuchtigkeit speichert.  <\/span><\/p>\n<p><span data-v-bb303ac4=\"\">Eine weitere besondere Eigenschaft von Kokos\u00f6l ist das Vorhandensein von Capryls\u00e4ure, einer Substanz, die reinigende Eigenschaften hat und die Haut vor sch\u00e4dlichen \u00e4u\u00dferen Einfl\u00fcssen sch\u00fctzt. Ideal bei Pickeln und Unreinheiten.  <\/span><\/p>\n<p><span data-v-bb303ac4=\"\">Dar\u00fcber hinaus enth\u00e4lt Kokos\u00f6l Vitamin E, das Anti-Aging-Vitamin schlechthin, das Hautsch\u00e4den repariert und vorzeitiger Faltenbildung und Pigmentflecken vorbeugt.  <\/span><\/p>\n<p><span data-v-bb303ac4=\"\">Anwendung f\u00fcr die Haut: Verwenden Sie das Kokos\u00f6l als K\u00f6rper- oder Gesichtscreme nach dem Duschen. Schmelzen Sie ein wenig zwischen Ihren H\u00e4nden und verteilen Sie es auf Gesicht und K\u00f6rper. Auch toll als feuchtigkeitsspendende Nachtcreme; Abends auf das gereinigte Gesicht auftragen und mit weicher, strahlender Haut aufwachen. Hinweis: Kokos\u00f6l ist komedogen, kann also je nach Hauttyp die Poren verstopfen.  <\/span><\/p>\n<p><span data-v-bb303ac4=\"\">F\u00fcr die Haare: Tragen Sie ein wenig geschmolzenes Kokos\u00f6l als Haarmaske oder Conditioner auf das trockene Haar auf, lassen Sie es eine Weile einwirken und waschen Sie Ihre Haare dann mit Shampoo. Unraffiniertes Kokos\u00f6l hat einen verf\u00fchrerischen, dezenten Kokosduft, der Haut und Haar wunderbar duften l\u00e4sst.  <\/span><\/p>\n<p><span data-v-bb303ac4=\"\">Hinweis: Der Schmelzpunkt von Kokos\u00f6l liegt bei etwa 30 Grad. Da das Kokos\u00f6l im Glas schmelzen kann, kann die Substanz ungleichm\u00e4\u00dfig aussehen.<\/span><\/p>\n","protected":false},"excerpt":{"rendered":"<p>Gepflegte und weiche Haut sofort nach dem Auftragen! Stellen Sie sich vor, Sie befinden sich an einem tropischen Reiseziel mit dem k\u00f6stlichen Duft dieses 100% reinen, biologischen, unraffinierten Kokosnuss\u00f6ls. Was macht Kokos\u00f6l zu einem so guten Produkt? Die Kokosnuss, aus der das Kokos\u00f6l gewonnen wird, ist vollgepackt mit Vitaminen und diese landen beim Pressen gr\u00f6\u00dftenteils [&#8230;]\n","protected":false},"featured_media":218061,"comment_status":"open","ping_status":"closed","template":"","meta":{"_acf_changed":false},"product_cat":[4604,8687,9290],"product_tag":[],"berocket_brand":[9683],"class_list":["post-218065","product","type-product","status-publish","has-post-thumbnail","hentry","product_cat-neu","product_cat-pflege","product_cat-pflege-produkte","berocket_brand-natural-heroes"],"acf":[],"aioseo_notices":[],"_links":{"self":[{"href":"https:\/\/glownaturalliving.com\/de\/wp-json\/wp\/v2\/product\/218065","targetHints":{"allow":["GET"]}}],"collection":[{"href":"https:\/\/glownaturalliving.com\/de\/wp-json\/wp\/v2\/product"}],"about":[{"href":"https:\/\/glownaturalliving.com\/de\/wp-json\/wp\/v2\/types\/product"}],"replies":[{"embeddable":true,"href":"https:\/\/glownaturalliving.com\/de\/wp-json\/wp\/v2\/comments?post=218065"}],"wp:featuredmedia":[{"embeddable":true,"href":"https:\/\/glownaturalliving.com\/de\/wp-json\/wp\/v2\/media\/218061"}],"wp:attachment":[{"href":"https:\/\/glownaturalliving.com\/de\/wp-json\/wp\/v2\/media?parent=218065"}],"wp:term":[{"taxonomy":"product_cat","embeddable":true,"href":"https:\/\/glownaturalliving.com\/de\/wp-json\/wp\/v2\/product_cat?post=218065"},{"taxonomy":"product_tag","embeddable":true,"href":"https:\/\/glownaturalliving.com\/de\/wp-json\/wp\/v2\/product_tag?post=218065"},{"taxonomy":"berocket_brand","embeddable":true,"href":"https:\/\/glownaturalliving.com\/de\/wp-json\/wp\/v2\/berocket_brand?post=218065"}],"curies":[{"name":"wp","href":"https:\/\/api.w.org\/{rel}","templated":true}]}}