{"id":218322,"date":"2023-07-19T12:46:07","date_gmt":"2023-07-19T11:46:07","guid":{"rendered":"https:\/\/glownaturalliving.com\/?post_type=product&#038;p=218322"},"modified":"2025-04-03T09:10:21","modified_gmt":"2025-04-03T08:10:21","slug":"natuerliches-schleifmittel","status":"publish","type":"product","link":"https:\/\/glownaturalliving.com\/de\/winkel\/wohnen-de\/reinigen\/natuerliches-schleifmittel\/","title":{"rendered":"Nat\u00fcrliches Schleifmittel"},"content":{"rendered":"<div class=\" product-block product-block--@app product-block--6ff195b1-7b80-41d0-9f5a-047247ad4b56 \">\n<div class=\"product-app\">\n<div id=\"station-tabs_6ff195b1-7b80-41d0-9f5a-047247ad4b56\" class=\"station-tabs rte is-initialized is-ready\" data-pro-tabs=\"true\" data-start-tab-element=\"h4\" data-default-tab=\"true\" data-default-tab-title=\"Productinformatie\" data-stop-tabs-element=\"false\" data-show-stop-element=\"true\" data-show-local-above=\"true\" data-show-global-above=\"true\" data-show-tabset=\"true\" data-show-local-below=\"true\" data-show-global-below=\"true\" data-layout=\"breakpoint\" data-layout-breakpoint=\"750\" data-deep-links=\"true\" data-allow-multiple-open=\"false\" data-open-first-tab=\"false\" data-clean-content-level=\"basic_tags\" data-station-tabs=\"i0\" data-uuid=\"ua87c9z\">\n<div class=\"station-tabs-tabset mod-indicators mod-indicators-chevrons mod-indicators-after\">\n<div id=\"station-tabs-tabpanel_ht-i0-t9\" class=\"station-tabs-tabpanel station-tabs-default-tabpanel is-active\" role=\"tabpanel\" aria-labelledby=\"station-tabs-tab_ht-i0-t9\" aria-hidden=\"false\">\n<div class=\"station-tabs-tabcontent\">\n<p>Das Elite Home Abrasive ist ein nat\u00fcrliches Schleifmittel, das nicht gesundheitssch\u00e4dlich ist. Das erleichtert die Reinigung, ohne den Tieren, der Umwelt und der Natur zu schaden. Es dient zur schonenden Reinigung und Politur von Edelstahl, Glas, Kunststoff und wirkt gegen hartn\u00e4ckigen Schmutz und leichte Kalkablagerungen.<\/p>\n<p>Das Produkt ist ein besonders kraftvoller Reiniger f\u00fcr alle Wohnr\u00e4ume, insbesondere f\u00fcr K\u00fcche und Bad. Die hochwirksame Rezeptur mit nat\u00fcrlichen mikrofeinen Calciumcarbonat-Mineralien und einem Extrakt aus Orangenschalen entfernt selbst hartn\u00e4ckige Verschmutzungen. Es sorgt f\u00fcr einen hellen Glanz und Reinigung. Das Elite Home Abrasive kommt ohne Handschuhe aus und ist f\u00fcr empfindliche Haut geeignet.<\/p>\n<p><strong>Inhalt:<\/strong> 750 ml<\/p>\n<\/div>\n<\/div>\n<div id=\"station-tabs-tabpanel_ht-i0-t22\" class=\"station-tabs-tabpanel\" role=\"tabpanel\" aria-labelledby=\"station-tabs-tab_ht-i0-t22\" aria-hidden=\"true\">\n<div class=\"station-tabs-tabcontent\">\n<p>&nbsp;<\/p>\n<h4><\/h4>\n<\/div>\n<\/div>\n<\/div>\n<div class=\"station-tabs-global-below\"><\/div>\n<\/div>\n<\/div>\n<\/div>\n<div class=\" product-block product-block--share product-block--share \">\n<div class=\"product-share\"><\/div>\n<\/div>\n","protected":false},"excerpt":{"rendered":"<p>\u2713 Nat\u00fcrliches Schleifmittel, das nicht gef\u00e4hrlich f\u00fcr Ihre Gesundheit<br \/>\n ist\u2713 Nur nat\u00fcrliche und nachhaltige Inhaltsstoffe<br \/>\n\u2713 Vegan und tierversuchsfrei<\/p>\n","protected":false},"featured_media":218327,"comment_status":"open","ping_status":"closed","template":"","meta":{"_acf_changed":false},"product_cat":[9713,4604,9384],"product_tag":[],"berocket_brand":[9811],"class_list":["post-218322","product","type-product","status-publish","has-post-thumbnail","hentry","product_cat-reinigen","product_cat-neu","product_cat-wohnen-de","product_shipping_class-pakket-de","berocket_brand-the-elite-home-de"],"acf":[],"aioseo_notices":[],"_links":{"self":[{"href":"https:\/\/glownaturalliving.com\/de\/wp-json\/wp\/v2\/product\/218322","targetHints":{"allow":["GET"]}}],"collection":[{"href":"https:\/\/glownaturalliving.com\/de\/wp-json\/wp\/v2\/product"}],"about":[{"href":"https:\/\/glownaturalliving.com\/de\/wp-json\/wp\/v2\/types\/product"}],"replies":[{"embeddable":true,"href":"https:\/\/glownaturalliving.com\/de\/wp-json\/wp\/v2\/comments?post=218322"}],"wp:featuredmedia":[{"embeddable":true,"href":"https:\/\/glownaturalliving.com\/de\/wp-json\/wp\/v2\/media\/218327"}],"wp:attachment":[{"href":"https:\/\/glownaturalliving.com\/de\/wp-json\/wp\/v2\/media?parent=218322"}],"wp:term":[{"taxonomy":"product_cat","embeddable":true,"href":"https:\/\/glownaturalliving.com\/de\/wp-json\/wp\/v2\/product_cat?post=218322"},{"taxonomy":"product_tag","embeddable":true,"href":"https:\/\/glownaturalliving.com\/de\/wp-json\/wp\/v2\/product_tag?post=218322"},{"taxonomy":"berocket_brand","embeddable":true,"href":"https:\/\/glownaturalliving.com\/de\/wp-json\/wp\/v2\/berocket_brand?post=218322"}],"curies":[{"name":"wp","href":"https:\/\/api.w.org\/{rel}","templated":true}]}}