{"id":218441,"date":"2023-07-24T10:28:23","date_gmt":"2023-07-24T09:28:23","guid":{"rendered":"https:\/\/glownaturalliving.com\/?post_type=product&#038;p=218441"},"modified":"2025-05-13T13:04:54","modified_gmt":"2025-05-13T12:04:54","slug":"kokosnuss-schuessel","status":"publish","type":"product","link":"https:\/\/glownaturalliving.com\/de\/winkel\/geschenk\/fuer-sie\/kokosnuss-schuessel\/","title":{"rendered":"Kokosnuss-Schale"},"content":{"rendered":"<div class=\"sc-bcXHqe hLXLQQ\">\n<div class=\"sc-bcXHqe jEHXci\">\n<div class=\"sc-bcXHqe kLSbTu\">\n<div class=\"sc-bcXHqe lbUuJD\">\n<div class=\"sc-bcXHqe ShopifyRichText___StyledBox-sc-zrlwkf-0 cLdcrS gflJLi\">\n<div class=\"sc-bcXHqe hLXLQQ\">\n<div class=\"sc-bcXHqe jEHXci\">\n<div class=\"sc-bcXHqe kLSbTu\">\n<div class=\"sc-bcXHqe lbUuJD\">\n<div class=\"sc-bcXHqe ShopifyRichText___StyledBox-sc-zrlwkf-0 cLdcrS gflJLi\"><\/div>\n<\/div>\n<\/div>\n<div class=\"sc-bcXHqe kLSbTu\">\n<h2>Was ist eine Kokosnussschale?<\/h2>\n<p>Kokosnussschalen sind umweltfreundlich und perfekt f\u00fcr all deine Lieblingsgerichte: von Salaten und Suppen bis hin zu Smoothies und Buddha Bowls!<\/p>\n<p>Diese Kokosnussschalen sind Natur pur und handgemacht. Nachdem das Fleisch und das Wasser der Kokosnuss verarbeitet wurden, wird die Schale beschnitten, mit Sand geschliffen und gr\u00fcndlich gereinigt. Danach wird die Schale mit \u00d6l poliert.<\/p>\n<h2>Vorteile<\/h2>\n<p>Das Essen aus einer Kokosnussschale versetzt Sie sofort in exotische Atmosph\u00e4ren und macht Ihren Tag ein bisschen sonniger.<\/p>\n<p>Kokosnussschalen sind hundertprozentig nat\u00fcrlich abbaubar und werden ohne Chemie hergestellt. Eine fantastische Alternative zu Plastik- oder Melaninschuppen, die Mutter Natur nicht alleine abbauen kann.<\/p>\n<h2>Wie pflegst du deine Kokosnussschale?<\/h2>\n<p>Kokosnussschalen sind 100% nat\u00fcrlich und v\u00f6llig einzigartig. Um sicherzustellen, dass Ihre Waage so lange wie m\u00f6glich h\u00e4lt, ein paar Anweisungen:<\/p>\n<ul>\n<li>Waschen Sie Ihre Sch\u00fcssel von Hand in lauwarmem Wasser, am besten mit einer Naturseife. Weichen Sie die Schale nicht zu lange ein.<\/li>\n<li>Verwenden Sie das Geschirr nicht in der Mikrowelle, im Backofen, K\u00fchlschrank oder in der Sp\u00fclmaschine.<\/li>\n<li>Die Schale h\u00e4lt extremer Hitze nicht stand. Hast du ein kochend hei\u00dfes Curry? Lassen Sie es eine Weile abk\u00fchlen, bevor Sie diese Delikatesse in die Sch\u00fcssel sch\u00f6pfen.<\/li>\n<li>Haben Sie Ihre Waage 15 Mal benutzt? Mit etwas <a href=\"https:\/\/glownaturalliving.com\/de\/winkel\/pflege\/pflege-produkte\/bio-kokosoel-kaltgepresst\/\">Kokos\u00f6l<\/a> verfeinern. Wenn Sie dies alle 15 Mal tun, bleiben Sie Ihre Schale sch\u00f6n fest.<\/li>\n<li>Passen Sie gut auf Ihre Waage auf, dann h\u00e4lt sie hunderte Male!<\/li>\n<\/ul>\n<h2>Was ist daran so einzigartig?<\/h2>\n<p>Jedes Jahr werden Millionen von Kokosn\u00fcssen wegen ihres Wassers, \u00d6ls und Fleisches geerntet. Die Schalen verschwinden dann auf dem M\u00fcllhaufen oder werden verbrannt. Schade, denn die Schalen k\u00f6nnen als Sch\u00fcssel zum Ausw\u00e4rtsessen verwendet werden. So wird verhindert, dass Millionen von Plastikschalen auf demselben M\u00fcllhaufen landen, die von der Umwelt nicht abbaubar sind. Wenn Sie sich f\u00fcr eine Kokosnussschale entscheiden, reduzieren Sie den Plastikm\u00fcllhaufen und verleihen der Schale der Kokosnuss eine wunderbare Funktion.<\/p>\n<p>Da es sich um ein Naturprodukt handelt, k\u00f6nnen die Abmessungen leicht voneinander abweichen. Aber die durchschnittliche Gr\u00f6\u00dfe h\u00e4ngt von folgenden Faktoren ab:<\/p>\n<p>Durchmesser: 13 Zentimeter<br \/>\nInhalt: 500 ml<\/p>\n<\/div>\n<\/div>\n<\/div>\n<\/div>\n<\/div>\n<\/div>\n<\/div>\n<\/div>\n<h2>\u00dcber Natural Heroes<\/h2>\n<p>Natural Heroes m\u00f6chte ein gesundes und nachhaltiges Leben einfach und unterhaltsam gestalten. Sie tun dies, indem sie nat\u00fcrliche Sch\u00f6nheits- und Kosmetikprodukte anbieten. So viel vegan wie m\u00f6glich und so transparent wie m\u00f6glich \u00fcber die Herkunft der Zutaten.<\/p>\n","protected":false},"excerpt":{"rendered":"<p>\u2713Perfekt f\u00fcr Ihren Lieblingssalat, Ihre Lieblingssuppe, Ihren Smoothie oder Ihre Buddha-Bowl!<br \/>\n\u2713 Hergestellt aus echten Kokosn\u00fcssen: vegan und umweltfreundlich<br \/>\n \u2713 100% Natur pur<\/p>\n","protected":false},"featured_media":218431,"comment_status":"open","ping_status":"closed","template":"","meta":{"_acf_changed":false},"product_cat":[9998,9987,4604,9384,8509],"product_tag":[],"berocket_brand":[9683],"class_list":["post-218441","product","type-product","status-publish","has-post-thumbnail","hentry","product_cat-fuer-sie","product_cat-geschenk","product_cat-neu","product_cat-wohnen-de","product_cat-essen-trinken","product_shipping_class-pakket-de","berocket_brand-natural-heroes"],"acf":[],"aioseo_notices":[],"_links":{"self":[{"href":"https:\/\/glownaturalliving.com\/de\/wp-json\/wp\/v2\/product\/218441","targetHints":{"allow":["GET"]}}],"collection":[{"href":"https:\/\/glownaturalliving.com\/de\/wp-json\/wp\/v2\/product"}],"about":[{"href":"https:\/\/glownaturalliving.com\/de\/wp-json\/wp\/v2\/types\/product"}],"replies":[{"embeddable":true,"href":"https:\/\/glownaturalliving.com\/de\/wp-json\/wp\/v2\/comments?post=218441"}],"wp:featuredmedia":[{"embeddable":true,"href":"https:\/\/glownaturalliving.com\/de\/wp-json\/wp\/v2\/media\/218431"}],"wp:attachment":[{"href":"https:\/\/glownaturalliving.com\/de\/wp-json\/wp\/v2\/media?parent=218441"}],"wp:term":[{"taxonomy":"product_cat","embeddable":true,"href":"https:\/\/glownaturalliving.com\/de\/wp-json\/wp\/v2\/product_cat?post=218441"},{"taxonomy":"product_tag","embeddable":true,"href":"https:\/\/glownaturalliving.com\/de\/wp-json\/wp\/v2\/product_tag?post=218441"},{"taxonomy":"berocket_brand","embeddable":true,"href":"https:\/\/glownaturalliving.com\/de\/wp-json\/wp\/v2\/berocket_brand?post=218441"}],"curies":[{"name":"wp","href":"https:\/\/api.w.org\/{rel}","templated":true}]}}