{"id":218456,"date":"2023-07-22T14:15:42","date_gmt":"2023-07-22T13:15:42","guid":{"rendered":"https:\/\/glownaturalliving.com\/winkel\/unkategorisiert\/holzleim-topflappen-einschliesslich-topf-und-pinsel\/"},"modified":"2025-09-02T10:16:15","modified_gmt":"2025-09-02T09:16:15","slug":"holzleim-topflappen-einschliesslich-topf-und-pinsel","status":"publish","type":"product","link":"https:\/\/glownaturalliving.com\/de\/winkel\/geschenk\/fur-kinder\/holzleim-topflappen-einschliesslich-topf-und-pinsel\/","title":{"rendered":"Topflappen aus Holzleim, inklusive Topf und Pinsel"},"content":{"rendered":"<div class=\" product-block product-block--description \">\n<div class=\"product-description rte\" data-product-description=\"\">\n<div>\n<p>Ein wundersch\u00f6ner handgefertigter Leimtopflappen.<\/p>\n<p>Sie kleben und b\u00fcrsten in einer Halterung zusammen. Jedes Leimset wird von Hand aus massivem Buchenholz gefertigt. Die einzigartige Holzmaserung unterscheidet sich von St\u00fcck zu St\u00fcck. Wir glauben, dass dies die wahre Sch\u00f6nheit und den Charakter des Naturholzes zeigt. Der Leimtopflappen wird mit einem Glasgef\u00e4\u00df mit Deckel und einem Pinsel geliefert.<\/p>\n<p>Der Leimtopflappen ist mit einem schmutzabweisenden Hartwachs versehen, so dass er leicht mit einem feuchten Tuch sauber gehalten werden kann.<\/p>\n<p><strong>Leistungsbeschreibung:<\/strong><\/p>\n<\/div>\n<div>\n<ul>\n<li>Material: Buchenholz<\/li>\n<li>Finish: Hartwachs\u00f6l mit Kinderschutz-G\u00fctezeichen (EN 71.3)<\/li>\n<li>Gr\u00f6\u00dfe: 10 x 7 x 4,5cm<\/li>\n<li>Lieferumfang: Glas + Rezept mit Deckel und einem Pinsel<\/li>\n<\/ul>\n<\/div>\n<\/div>\n<\/div>\n<div data-ved=\"2ahUKEwixgOyt4_X3AhXK-aQKHXVaBzgQuk56BAhLEAE\" data-hveid=\"CEsQAQ\"><\/div>\n<div data-ved=\"2ahUKEwixgOyt4_X3AhXK-aQKHXVaBzgQuk56BAhLEAE\" data-hveid=\"CEsQAQ\"><\/div>\n","protected":false},"excerpt":{"rendered":"<p>Ein wundersch\u00f6ner handgefertigter Leimtopflappen. Sie kleben und b\u00fcrsten in einer Halterung zusammen. Jedes Leimset wird von Hand aus massivem Buchenholz gefertigt.<\/p>\n","protected":false},"featured_media":218500,"comment_status":"open","ping_status":"closed","template":"","meta":{"_acf_changed":false},"product_cat":[9994,9987,4604,9384,8675],"product_tag":[],"berocket_brand":[9923],"class_list":["post-218456","product","type-product","status-publish","has-post-thumbnail","hentry","product_cat-fur-kinder","product_cat-geschenk","product_cat-neu","product_cat-wohnen-de","product_cat-spielzeuge","product_shipping_class-pakket-de","berocket_brand-grennn-de"],"acf":[],"aioseo_notices":[],"_links":{"self":[{"href":"https:\/\/glownaturalliving.com\/de\/wp-json\/wp\/v2\/product\/218456","targetHints":{"allow":["GET"]}}],"collection":[{"href":"https:\/\/glownaturalliving.com\/de\/wp-json\/wp\/v2\/product"}],"about":[{"href":"https:\/\/glownaturalliving.com\/de\/wp-json\/wp\/v2\/types\/product"}],"replies":[{"embeddable":true,"href":"https:\/\/glownaturalliving.com\/de\/wp-json\/wp\/v2\/comments?post=218456"}],"wp:featuredmedia":[{"embeddable":true,"href":"https:\/\/glownaturalliving.com\/de\/wp-json\/wp\/v2\/media\/218500"}],"wp:attachment":[{"href":"https:\/\/glownaturalliving.com\/de\/wp-json\/wp\/v2\/media?parent=218456"}],"wp:term":[{"taxonomy":"product_cat","embeddable":true,"href":"https:\/\/glownaturalliving.com\/de\/wp-json\/wp\/v2\/product_cat?post=218456"},{"taxonomy":"product_tag","embeddable":true,"href":"https:\/\/glownaturalliving.com\/de\/wp-json\/wp\/v2\/product_tag?post=218456"},{"taxonomy":"berocket_brand","embeddable":true,"href":"https:\/\/glownaturalliving.com\/de\/wp-json\/wp\/v2\/berocket_brand?post=218456"}],"curies":[{"name":"wp","href":"https:\/\/api.w.org\/{rel}","templated":true}]}}