{"id":218524,"date":"2023-07-27T12:50:05","date_gmt":"2023-07-27T11:50:05","guid":{"rendered":"https:\/\/glownaturalliving.com\/?post_type=product&#038;p=218524"},"modified":"2025-12-03T11:00:55","modified_gmt":"2025-12-03T10:00:55","slug":"hoelzerner-aquarellhalter-12-farben-inkl-aquarell","status":"publish","type":"product","link":"https:\/\/glownaturalliving.com\/de\/winkel\/geschenk\/fur-kinder\/hoelzerner-aquarellhalter-12-farben-inkl-aquarell\/","title":{"rendered":"Aquarellhalter aus Holz \u2013 12 Farben inkl. Wasserfarbe"},"content":{"rendered":"<div class=\" product-block product-block--description \">\n<div class=\"product-description rte\" data-product-description=\"\">\n<p>Ein wundersch\u00f6ner handgefertigter Buchen-Aquarellhalter von Grennn<\/p>\n<div>Alle Farben in einer sch\u00f6nen \u00dcbersicht, \u00fcbersichtlich in einem Halter organisiert. Der Halter hat L\u00f6cher von 32 mm, in die unter anderem Stockmar Aquarellbecher perfekt passen.<\/div>\n<div>\n<p>Jeder Aquarellhalter ist handgefertigt aus massivem Buchenholz. Die einzigartige Holzmaserung unterscheidet sich von St\u00fcck zu St\u00fcck. Wir glauben, dass dies die wahre Sch\u00f6nheit und den Charakter des Naturholzes zeigt. Jeder Aquarellhalter ist mit einem Hartwachs veredelt, so dass Sie den Halter leicht mit einem feuchten Tuch reinigen k\u00f6nnen.<\/p>\n<p><strong>Leistungsbeschreibung:<\/strong><\/p>\n<\/div>\n<div>\n<ul>\n<li>Material: Buchenholz<\/li>\n<li>Finish: Hartwachs\u00f6l mit Kinderschutz-G\u00fctezeichen (EN 71.3)<\/li>\n<li>Gr\u00f6\u00dfe: 27,5 x 10 x 3 cm<\/li>\n<li>Aquarell im Lieferumfang enthalten<\/li>\n<\/ul>\n<\/div>\n<\/div>\n<\/div>\n<div data-ved=\"2ahUKEwixgOyt4_X3AhXK-aQKHXVaBzgQuk56BAhLEAE\" data-hveid=\"CEsQAQ\"><\/div>\n<div data-ved=\"2ahUKEwixgOyt4_X3AhXK-aQKHXVaBzgQuk56BAhLEAE\" data-hveid=\"CEsQAQ\"><\/div>\n","protected":false},"excerpt":{"rendered":"<p>Ein wundersch\u00f6ner handgefertigter Buchen-Aquarellhalter von Grennn. Enth\u00e4lt 12 nat\u00fcrliche Aquarellfarben.<\/p>\n<div><\/div>\n","protected":false},"featured_media":218528,"comment_status":"open","ping_status":"closed","template":"","meta":{"_acf_changed":false},"product_cat":[9994,9987,4604,9384,8675],"product_tag":[],"berocket_brand":[9923],"class_list":["post-218524","product","type-product","status-publish","has-post-thumbnail","hentry","product_cat-fur-kinder","product_cat-geschenk","product_cat-neu","product_cat-wohnen-de","product_cat-spielzeuge","product_shipping_class-pakket-de","berocket_brand-grennn-de"],"acf":[],"aioseo_notices":[],"_links":{"self":[{"href":"https:\/\/glownaturalliving.com\/de\/wp-json\/wp\/v2\/product\/218524","targetHints":{"allow":["GET"]}}],"collection":[{"href":"https:\/\/glownaturalliving.com\/de\/wp-json\/wp\/v2\/product"}],"about":[{"href":"https:\/\/glownaturalliving.com\/de\/wp-json\/wp\/v2\/types\/product"}],"replies":[{"embeddable":true,"href":"https:\/\/glownaturalliving.com\/de\/wp-json\/wp\/v2\/comments?post=218524"}],"wp:featuredmedia":[{"embeddable":true,"href":"https:\/\/glownaturalliving.com\/de\/wp-json\/wp\/v2\/media\/218528"}],"wp:attachment":[{"href":"https:\/\/glownaturalliving.com\/de\/wp-json\/wp\/v2\/media?parent=218524"}],"wp:term":[{"taxonomy":"product_cat","embeddable":true,"href":"https:\/\/glownaturalliving.com\/de\/wp-json\/wp\/v2\/product_cat?post=218524"},{"taxonomy":"product_tag","embeddable":true,"href":"https:\/\/glownaturalliving.com\/de\/wp-json\/wp\/v2\/product_tag?post=218524"},{"taxonomy":"berocket_brand","embeddable":true,"href":"https:\/\/glownaturalliving.com\/de\/wp-json\/wp\/v2\/berocket_brand?post=218524"}],"curies":[{"name":"wp","href":"https:\/\/api.w.org\/{rel}","templated":true}]}}