{"id":218533,"date":"2023-07-27T13:01:57","date_gmt":"2023-07-27T12:01:57","guid":{"rendered":"https:\/\/glownaturalliving.com\/?post_type=product&#038;p=218533"},"modified":"2024-11-13T11:33:30","modified_gmt":"2024-11-13T10:33:30","slug":"spielen-reis-hippie-sommer-mix-500-gr","status":"publish","type":"product","link":"https:\/\/glownaturalliving.com\/de\/winkel\/geschenk\/fur-kinder\/spielen-reis-hippie-sommer-mix-500-gr\/","title":{"rendered":"Play Reis Hippy Sommermischung \u2013 500 gr"},"content":{"rendered":"<div class=\" product-block product-block--description \">\n<div class=\"product-description rte\" data-product-description=\"\">\n<div>\n<p>Kinder werden es lieben, mit sensomotorisch gef\u00e4rbtem Spielreis zu spielen. Es ist das ideale Spielzeug f\u00fcr Kinder, um es zu entdecken. Das Spielen mit Spielreis hilft, Reize zu verarbeiten und sich zu entspannen.<\/p>\n<p>Wenn das Kind mit dem Spielen fertig ist, l\u00e4sst sich der Spielreis leicht reinigen. Der Reis kann wieder in den Beutel gegeben und an einem trockenen Ort aufbewahrt werden. Oder legen Sie den Reis in ein <a href=\"https:\/\/glownaturalliving.com\/winkel\/wonen\/speelgoed\/houten-speelbak\/\">h\u00f6lzernes Spieltablett<\/a> . Deckel drauf und das Tablett kann im Schrank verstaut werden.<\/p>\n<div class=\"r21Kzd\" data-ved=\"2ahUKEwixgOyt4_X3AhXK-aQKHXVaBzgQuk56BAhLEAE\" data-hveid=\"CEsQAQ\"><strong>Spezifikation:<\/strong><\/div>\n<div class=\"r21Kzd\" data-ved=\"2ahUKEwixgOyt4_X3AhXK-aQKHXVaBzgQuk56BAhLEAE\" data-hveid=\"CEsQAQ\"><\/div>\n<div class=\"r21Kzd\" data-ved=\"2ahUKEwixgOyt4_X3AhXK-aQKHXVaBzgQuk56BAhLEAE\" data-hveid=\"CEsQAQ\">-Gef\u00e4rbt mit lebensmittelechtem Farbstoff<\/div>\n<div class=\"r21Kzd\" data-ved=\"2ahUKEwixgOyt4_X3AhXK-aQKHXVaBzgQuk56BAhLEAE\" data-hveid=\"CEsQAQ\">-Vollkorn ist farbig<\/div>\n<div class=\"r21Kzd\" data-ved=\"2ahUKEwixgOyt4_X3AhXK-aQKHXVaBzgQuk56BAhLEAE\" data-hveid=\"CEsQAQ\">-Gibt nicht an die H\u00e4nde ab<\/div>\n<div class=\"r21Kzd\" data-ved=\"2ahUKEwixgOyt4_X3AhXK-aQKHXVaBzgQuk56BAhLEAE\" data-hveid=\"CEsQAQ\"><\/div>\n<div class=\"r21Kzd\" data-ved=\"2ahUKEwixgOyt4_X3AhXK-aQKHXVaBzgQuk56BAhLEAE\" data-hveid=\"CEsQAQ\">Alter 3+<\/div>\n<div class=\"r21Kzd\" data-ved=\"2ahUKEwixgOyt4_X3AhXK-aQKHXVaBzgQuk56BAhLEAE\" data-hveid=\"CEsQAQ\">CE-Kennzeichnung<\/div>\n<\/div>\n<div><\/div>\n<div><strong>Was ist Play Rice?<\/strong><\/div>\n<div>Spielreis ist Reis, der in den sch\u00f6nsten Farben gef\u00e4rbt ist. Der Reis wird mit Lebensmittelfarbe gef\u00e4rbt und ist somit v\u00f6llig frei von Schadstoffen.<\/div>\n<div class=\"r21Kzd\" data-hveid=\"CEsQAQ\" data-ved=\"2ahUKEwixgOyt4_X3AhXK-aQKHXVaBzgQuk56BAhLEAE\"><\/div>\n<div class=\"r21Kzd\" data-hveid=\"CEsQAQ\" data-ved=\"2ahUKEwixgOyt4_X3AhXK-aQKHXVaBzgQuk56BAhLEAE\"><strong>Was kann man mit Spielreis machen?<\/strong><\/div>\n<div class=\"r21Kzd\" data-hveid=\"CEsQAQ\" data-ved=\"2ahUKEwixgOyt4_X3AhXK-aQKHXVaBzgQuk56BAhLEAE\">Spielreis macht Kindern viel Spa\u00df, damit zu spielen. Es ist ein wunderbares Gef\u00fchl, mit den H\u00e4nden durch den Reis zu gehen. Das Sch\u00f6pfen und Gie\u00dfen von Spielreis sorgt f\u00fcr ein lustiges und beruhigendes Ger\u00e4usch. Das Spielen mit Spielreis hat eine anregende Wirkung auf das Kind.<\/div>\n<div class=\"r21Kzd\" data-hveid=\"CEsQAQ\" data-ved=\"2ahUKEwixgOyt4_X3AhXK-aQKHXVaBzgQuk56BAhLEAE\"><\/div>\n<div class=\"r21Kzd\" data-hveid=\"CEsQAQ\" data-ved=\"2ahUKEwixgOyt4_X3AhXK-aQKHXVaBzgQuk56BAhLEAE\"><strong>Wie spielt man mit Spielreis?<\/strong><\/div>\n<div class=\"r21Kzd\" data-hveid=\"CEsQAQ\" data-ved=\"2ahUKEwixgOyt4_X3AhXK-aQKHXVaBzgQuk56BAhLEAE\">\u00dcberlassen Sie dies der Fantasie Ihres Kindes;) Aber hier sind einige Tipps, die ihnen den Einstieg erleichtern. Bei Spielreis spielst du am besten in einer <a title=\"Spielbox mit Namen\" href=\"https:\/\/glownaturalliving.com\/winkel\/wonen\/speelgoed\/houten-speelbak\/\" target=\"_blank\" rel=\"noopener\">Spielbox,<\/a> damit der Spielreis besser zusammenbleibt. Durch das Hinzuf\u00fcgen von Attributen wie Schaufeln und Sch\u00fcsseln k\u00f6nnen Kinder den Reis sch\u00f6pfen und gie\u00dfen, was Spa\u00df macht und auch sehr beruhigend und nicht anregend ist. Mit verschiedenen Reisfarben k\u00f6nnen die sch\u00f6nsten Formen und Zeichnungen wie Blumen und Formen hergestellt werden.<\/div>\n<\/div>\n<\/div>\n<div data-ved=\"2ahUKEwixgOyt4_X3AhXK-aQKHXVaBzgQuk56BAhLEAE\" data-hveid=\"CEsQAQ\"><\/div>\n<div data-ved=\"2ahUKEwixgOyt4_X3AhXK-aQKHXVaBzgQuk56BAhLEAE\" data-hveid=\"CEsQAQ\"><\/div>\n","protected":false},"excerpt":{"rendered":"<p>Kinder werden es lieben, mit sensomotorisch gef\u00e4rbtem Spielreis zu spielen. Es ist das ideale Spielzeug f\u00fcr Kinder, um es zu entdecken. Das Spielen mit Spielreis hilft, Reize zu verarbeiten und sich zu entspannen.<\/p>\n<div><\/div>\n","protected":false},"featured_media":218537,"comment_status":"open","ping_status":"closed","template":"","meta":{"_acf_changed":false},"product_cat":[9994,9987,4604,9384,8675],"product_tag":[],"berocket_brand":[9923],"class_list":["post-218533","product","type-product","status-publish","has-post-thumbnail","hentry","product_cat-fur-kinder","product_cat-geschenk","product_cat-neu","product_cat-wohnen-de","product_cat-spielzeuge","product_shipping_class-pakket-de","berocket_brand-grennn-de"],"acf":[],"aioseo_notices":[],"_links":{"self":[{"href":"https:\/\/glownaturalliving.com\/de\/wp-json\/wp\/v2\/product\/218533","targetHints":{"allow":["GET"]}}],"collection":[{"href":"https:\/\/glownaturalliving.com\/de\/wp-json\/wp\/v2\/product"}],"about":[{"href":"https:\/\/glownaturalliving.com\/de\/wp-json\/wp\/v2\/types\/product"}],"replies":[{"embeddable":true,"href":"https:\/\/glownaturalliving.com\/de\/wp-json\/wp\/v2\/comments?post=218533"}],"wp:featuredmedia":[{"embeddable":true,"href":"https:\/\/glownaturalliving.com\/de\/wp-json\/wp\/v2\/media\/218537"}],"wp:attachment":[{"href":"https:\/\/glownaturalliving.com\/de\/wp-json\/wp\/v2\/media?parent=218533"}],"wp:term":[{"taxonomy":"product_cat","embeddable":true,"href":"https:\/\/glownaturalliving.com\/de\/wp-json\/wp\/v2\/product_cat?post=218533"},{"taxonomy":"product_tag","embeddable":true,"href":"https:\/\/glownaturalliving.com\/de\/wp-json\/wp\/v2\/product_tag?post=218533"},{"taxonomy":"berocket_brand","embeddable":true,"href":"https:\/\/glownaturalliving.com\/de\/wp-json\/wp\/v2\/berocket_brand?post=218533"}],"curies":[{"name":"wp","href":"https:\/\/api.w.org\/{rel}","templated":true}]}}