{"id":218704,"date":"2023-07-31T09:06:21","date_gmt":"2023-07-31T08:06:21","guid":{"rendered":"https:\/\/glownaturalliving.com\/winkel\/unkategorisiert\/badekreide-des-reiswachs-inkl-schwamm\/"},"modified":"2025-09-02T10:23:02","modified_gmt":"2025-09-02T09:23:02","slug":"badekreide-des-reiswachs-inkl-schwamm","status":"publish","type":"product","link":"https:\/\/glownaturalliving.com\/de\/winkel\/geschenk\/fur-kinder\/badekreide-des-reiswachs-inkl-schwamm\/","title":{"rendered":"Badekreide aus Reiswachs inkl. Schwamm"},"content":{"rendered":"<p>Verwandeln Sie das Baden oder Duschen mit dieser lustigen Badekreide in eine Party. Die Buntstifte sind in wasserfestes Papier eingewickelt und rei\u00dfen nicht, wenn es nass wird. Die Buntstifte haben die Form eines Fisches und schwimmen auf dem Wasser, was f\u00fcr zus\u00e4tzlichen Spa\u00df sorgt! Durch die sechseckige Form liegen sie gut in der Hand.<\/p>\n<p>So kann Ihr Kleines seiner Kreativit\u00e4t beim Baden oder unter der Dusche freien Lauf lassen. Abgeschlossen? Dann l\u00e4sst sich die Kreide mit dem mitgelieferten Schwamm leicht von nicht por\u00f6sen Oberfl\u00e4chen entfernen und hinterl\u00e4sst keine \u00d6lschicht.<\/p>\n<p>Die Buntstifte k\u00f6nnen aber auch auf fast jeder anderen nicht por\u00f6sen Oberfl\u00e4che verwendet werden. So macht es auch Spa\u00df, Kunstwerke auf Papier, Fenstern, Spiegeln oder Glas zu basteln.<\/p>\n<p>Die Badekreide besteht aus ungiftigem, lebensmittelechtem Reiskleiewachs und nat\u00fcrlich gef\u00e4rbten Pigmenten und ist daher f\u00fcr Kinder unbedenklich. Sie sind ungiftig und allergenfrei.<\/p>\n<h4><b>Eigenschaften<\/b><\/h4>\n<ul>\n<li>Hergestellt aus Reiswachs<\/li>\n<li><span class=\"Y2IQFc\" lang=\"nl\">Entspricht der Sicherheitsnorm ASTM D-4236  <\/span><\/li>\n<li><span class=\"Y2IQFc\" lang=\"nl\">FSC-zertifizierte Papierverpackungen<\/span><\/li>\n<li>Ma\u00dfe: L 11,5 cm x B 22,8 cm x H 2 cm<\/li>\n<li>Nicht geeignet f\u00fcr Kinder unter 3 Jahren<\/li>\n<\/ul>\n","protected":false},"excerpt":{"rendered":"<p>Verwandeln Sie das Baden oder Duschen mit dieser lustigen Badekreide in eine Party. So kann Ihr Kleines beim Baden oder unter der Dusche seiner Kreativit\u00e4t freien Lauf lassen.<\/p>\n","protected":false},"featured_media":218653,"comment_status":"open","ping_status":"closed","template":"","meta":{"_acf_changed":false},"product_cat":[9994,9987,9384,8675],"product_tag":[],"berocket_brand":[9929],"class_list":["post-218704","product","type-product","status-publish","has-post-thumbnail","hentry","product_cat-fur-kinder","product_cat-geschenk","product_cat-wohnen-de","product_cat-spielzeuge","product_shipping_class-pakket-de","berocket_brand-kitpas-de"],"acf":[],"aioseo_notices":[],"_links":{"self":[{"href":"https:\/\/glownaturalliving.com\/de\/wp-json\/wp\/v2\/product\/218704","targetHints":{"allow":["GET"]}}],"collection":[{"href":"https:\/\/glownaturalliving.com\/de\/wp-json\/wp\/v2\/product"}],"about":[{"href":"https:\/\/glownaturalliving.com\/de\/wp-json\/wp\/v2\/types\/product"}],"replies":[{"embeddable":true,"href":"https:\/\/glownaturalliving.com\/de\/wp-json\/wp\/v2\/comments?post=218704"}],"wp:featuredmedia":[{"embeddable":true,"href":"https:\/\/glownaturalliving.com\/de\/wp-json\/wp\/v2\/media\/218653"}],"wp:attachment":[{"href":"https:\/\/glownaturalliving.com\/de\/wp-json\/wp\/v2\/media?parent=218704"}],"wp:term":[{"taxonomy":"product_cat","embeddable":true,"href":"https:\/\/glownaturalliving.com\/de\/wp-json\/wp\/v2\/product_cat?post=218704"},{"taxonomy":"product_tag","embeddable":true,"href":"https:\/\/glownaturalliving.com\/de\/wp-json\/wp\/v2\/product_tag?post=218704"},{"taxonomy":"berocket_brand","embeddable":true,"href":"https:\/\/glownaturalliving.com\/de\/wp-json\/wp\/v2\/berocket_brand?post=218704"}],"curies":[{"name":"wp","href":"https:\/\/api.w.org\/{rel}","templated":true}]}}