{"id":218713,"date":"2023-07-28T10:46:06","date_gmt":"2023-07-28T09:46:06","guid":{"rendered":"https:\/\/glownaturalliving.com\/winkel\/unkategorisiert\/fensterkreide-aus-reiswachs\/"},"modified":"2025-02-18T13:04:36","modified_gmt":"2025-02-18T12:04:36","slug":"fensterkreide-aus-reiswachs","status":"publish","type":"product","link":"https:\/\/glownaturalliving.com\/de\/winkel\/geschenk\/fur-kinder\/fensterkreide-aus-reiswachs\/","title":{"rendered":"Fensterkreide aus Reiswachs"},"content":{"rendered":"<h4>Fensterkreide aus Reiswachs<\/h4>\n<p>Mit Kitpas Fensterkreiden k\u00f6nnen Ihre Kleinen ihre Kunstwerke auf fast jede Oberfl\u00e4che malen. Aber die Buntstifte sind sicher nicht nur f\u00fcr Kinder geeignet. Auch Erwachsene k\u00f6nnen damit kreativ werden. Die Kitpas-Buntstifte schreiben fl\u00fcssig, in leuchtenden Farben auf fast jeder Oberfl\u00e4che und sind auf nicht por\u00f6sen Oberfl\u00e4chen vollst\u00e4ndig l\u00f6schbar. Wie Fenster, Spiegel, Glas, Whiteboards. Auf diese Weise k\u00f6nnen Ihre Kinder in aller Ruhe die sch\u00f6nsten Fensterzeichnungen anfertigen oder Sie k\u00f6nnen eine s\u00fc\u00dfe Nachricht auf dem Spiegel hinterlassen.<\/p>\n<p>Die Kreide l\u00e4sst sich aber auch sehr gut auf Papier verwenden. Verwenden Sie Ihre Finger, um die Farben zu mischen oder aufzuhellen. Alles ist m\u00f6glich! Oder verwandeln Sie die Zeichnung in ein sch\u00f6nes Aquarell, indem Sie mit einem nassen Pinsel (oder nur einem nassen Finger) \u00fcber die Zeichnung gehen.<\/p>\n<p>Die Buntstifte bestehen aus ungiftigem, lebensmittelechtem Reiskleiewachs, so dass sie von Kindern und Erwachsenen verwendet werden k\u00f6nnen. Die Buntstifte sind in Papier eingewickelt, um Komfort und Haltbarkeit zu gew\u00e4hrleisten!<\/p>\n<ul>\n<li>Butterweich \u2013 die Buntstifte zeichnen fl\u00fcssig und lebendig, auch f\u00fcr Kinder, die noch keine starken motorischen F\u00e4higkeiten entwickelt haben.<\/li>\n<li>Abwischbar \u2013 leicht zu entfernen auf jeder nicht por\u00f6sen Oberfl\u00e4che wie Fenstern, Spiegeln und Whiteboards.<\/li>\n<li>Wasserl\u00f6slich \u2013 mit etwas Wasser k\u00f6nnen Sie jede Zeichnung in ein sch\u00f6nes Aquarell verwandeln.<\/li>\n<\/ul>\n<h4><b>Eigenschaften<\/b><\/h4>\n<ul>\n<li>Hergestellt aus Reiswachs<\/li>\n<li><span class=\"Y2IQFc\" lang=\"nl\">Entspricht der Sicherheitsnorm ASTM D-4236  <\/span><\/li>\n<li><span class=\"Y2IQFc\" lang=\"nl\">FSC-zertifizierte Papierverpackungen<\/span><\/li>\n<li>Gr\u00f6\u00dfe: +\/- 74 mm lang, 10 mm Durchmesser<\/li>\n<li>Nicht geeignet f\u00fcr Kinder unter 3 Jahren<\/li>\n<\/ul>\n","protected":false},"excerpt":{"rendered":"<p>Mit Kitpas Fensterkreiden k\u00f6nnen Ihre Kleinen ihre Kunstwerke auf fast jede Oberfl\u00e4che malen. Die Buntstifte bestehen aus ungiftigem, lebensmittelechtem Reiskleiewachs,<\/p>\n","protected":false},"featured_media":218635,"comment_status":"open","ping_status":"closed","template":"","meta":{"_acf_changed":false},"product_cat":[9994,9987,9384,8675],"product_tag":[],"berocket_brand":[9929],"class_list":["post-218713","product","type-product","status-publish","has-post-thumbnail","hentry","product_cat-fur-kinder","product_cat-geschenk","product_cat-wohnen-de","product_cat-spielzeuge","product_shipping_class-pakket-de","berocket_brand-kitpas-de"],"acf":[],"aioseo_notices":[],"_links":{"self":[{"href":"https:\/\/glownaturalliving.com\/de\/wp-json\/wp\/v2\/product\/218713","targetHints":{"allow":["GET"]}}],"collection":[{"href":"https:\/\/glownaturalliving.com\/de\/wp-json\/wp\/v2\/product"}],"about":[{"href":"https:\/\/glownaturalliving.com\/de\/wp-json\/wp\/v2\/types\/product"}],"replies":[{"embeddable":true,"href":"https:\/\/glownaturalliving.com\/de\/wp-json\/wp\/v2\/comments?post=218713"}],"wp:featuredmedia":[{"embeddable":true,"href":"https:\/\/glownaturalliving.com\/de\/wp-json\/wp\/v2\/media\/218635"}],"wp:attachment":[{"href":"https:\/\/glownaturalliving.com\/de\/wp-json\/wp\/v2\/media?parent=218713"}],"wp:term":[{"taxonomy":"product_cat","embeddable":true,"href":"https:\/\/glownaturalliving.com\/de\/wp-json\/wp\/v2\/product_cat?post=218713"},{"taxonomy":"product_tag","embeddable":true,"href":"https:\/\/glownaturalliving.com\/de\/wp-json\/wp\/v2\/product_tag?post=218713"},{"taxonomy":"berocket_brand","embeddable":true,"href":"https:\/\/glownaturalliving.com\/de\/wp-json\/wp\/v2\/berocket_brand?post=218713"}],"curies":[{"name":"wp","href":"https:\/\/api.w.org\/{rel}","templated":true}]}}