{"id":218914,"date":"2023-08-01T19:52:25","date_gmt":"2023-08-01T18:52:25","guid":{"rendered":"https:\/\/glownaturalliving.com\/?post_type=product&#038;p=218914"},"modified":"2025-08-20T12:00:57","modified_gmt":"2025-08-20T11:00:57","slug":"glas-trinkflasche-tag-flasche-hydratation-tracker-coco","status":"publish","type":"product","link":"https:\/\/glownaturalliving.com\/de\/winkel\/geschenk\/fuer-sie\/glas-trinkflasche-tag-flasche-hydratation-tracker-coco\/","title":{"rendered":"Trinkflasche aus Glas | TAGESFLASCHE Trink-Tracker | Kokospalme"},"content":{"rendered":"<h4>Trinkflasche aus Glas | TAGESFLASCHE Hydrations-Tracking | Kokospalme<\/h4>\n<p>Haltbarkeit und Einfachheit vereint in einer sch\u00f6nen Farbpalette. Eine einfache Glastrinkflasche mit Trink-Tracker, die Ihnen hilft, Ihre t\u00e4glich empfohlene Wassermenge zu erreichen. Denn Ihre Gesundheit ist Ihr gr\u00f6\u00dftes Gut und genug Wasser zu trinken sollte f\u00fcr jeden machbar sein.<\/p>\n<p>Durch die Verwendung der Tagesflasche werden Sie sich des Wassers, das Sie jeden Tag trinken, bewusster. Leicht verst\u00e4ndliche Zeitmarkierungen auf der Flaschenh\u00fclle helfen Ihnen, den ganzen Tag \u00fcber Wasser zu trinken.<\/p>\n<p>Eine nachhaltige Trinkflasche, die auf Ihre Bed\u00fcrfnisse zugeschnitten ist. Eine Glas-Wasserflasche, die Sie immer wieder benutzen k\u00f6nnen, die Sie \u00fcberall hin mitnehmen. Das h\u00e4lt Sie Tag f\u00fcr Tag hydratisiert und gesund.<\/p>\n<p>Inhalt: 800 ml<\/p>\n<p>Bestellen Sie <a href=\"https:\/\/glownaturalliving.com\/de\/brands\/bink-de-2\/\"><br \/>\n  <span style=\"color: #d1b59a;\"><br \/>\n    <strong>hier<\/strong><br \/>\n  <\/span><br \/>\n<\/a> einen passenden Strohhalm. Oder w\u00e4hlen Sie einen Strohhalm in einer anderen Farbe.<\/p>\n<p><strong>Bitte beachten Sie, dass die Flasche nicht gegen hei\u00dfes oder kochendes Wasser best\u00e4ndig ist.<\/strong>  Dann w\u00e4hlen Sie die Mini-Flasche, die aus Borosilikatglas besteht, das gegen kochendes Wasser und gefrorene Getr\u00e4nke best\u00e4ndig ist<\/p>\n<p>Die Flasche kann mit einer H\u00fclle in die Sp\u00fclmaschine gegeben werden.<\/p>\n<p>&nbsp;<\/p>\n","protected":false},"excerpt":{"rendered":"<p>Haltbarkeit und Einfachheit vereint in einer sch\u00f6nen Farbpalette. Eine einfache Glasflasche mit Fl\u00fcssigkeits-Tracker, die Ihnen hilft, Ihre t\u00e4glich empfohlene Wassermenge zu erreichen.<\/p>\n","protected":false},"featured_media":218869,"comment_status":"open","ping_status":"closed","template":"","meta":{"_acf_changed":false},"product_cat":[10001,9998,9987,4604,9384,8509],"product_tag":[],"berocket_brand":[9613],"class_list":["post-218914","product","type-product","status-publish","has-post-thumbnail","hentry","product_cat-fur-ihn","product_cat-fuer-sie","product_cat-geschenk","product_cat-neu","product_cat-wohnen-de","product_cat-essen-trinken","product_shipping_class-pakket-de","berocket_brand-bink-de-2","fb_product_set-lifestyle"],"acf":[],"aioseo_notices":[],"_links":{"self":[{"href":"https:\/\/glownaturalliving.com\/de\/wp-json\/wp\/v2\/product\/218914","targetHints":{"allow":["GET"]}}],"collection":[{"href":"https:\/\/glownaturalliving.com\/de\/wp-json\/wp\/v2\/product"}],"about":[{"href":"https:\/\/glownaturalliving.com\/de\/wp-json\/wp\/v2\/types\/product"}],"replies":[{"embeddable":true,"href":"https:\/\/glownaturalliving.com\/de\/wp-json\/wp\/v2\/comments?post=218914"}],"wp:featuredmedia":[{"embeddable":true,"href":"https:\/\/glownaturalliving.com\/de\/wp-json\/wp\/v2\/media\/218869"}],"wp:attachment":[{"href":"https:\/\/glownaturalliving.com\/de\/wp-json\/wp\/v2\/media?parent=218914"}],"wp:term":[{"taxonomy":"product_cat","embeddable":true,"href":"https:\/\/glownaturalliving.com\/de\/wp-json\/wp\/v2\/product_cat?post=218914"},{"taxonomy":"product_tag","embeddable":true,"href":"https:\/\/glownaturalliving.com\/de\/wp-json\/wp\/v2\/product_tag?post=218914"},{"taxonomy":"berocket_brand","embeddable":true,"href":"https:\/\/glownaturalliving.com\/de\/wp-json\/wp\/v2\/berocket_brand?post=218914"}],"curies":[{"name":"wp","href":"https:\/\/api.w.org\/{rel}","templated":true}]}}