{"id":219688,"date":"2024-01-12T11:30:38","date_gmt":"2024-01-12T10:30:38","guid":{"rendered":"https:\/\/glownaturalliving.com\/?post_type=product&#038;p=219688"},"modified":"2024-11-13T11:31:58","modified_gmt":"2024-11-13T10:31:58","slug":"bio-sheabutter-mama-dose-100-ml","status":"publish","type":"product","link":"https:\/\/glownaturalliving.com\/de\/winkel\/geschenk\/mutterschaftsgeschenk\/bio-sheabutter-mama-dose-100-ml\/","title":{"rendered":"Bio Sheabutter | Mama | Dose 100 ml"},"content":{"rendered":"<h3>Bio Sheabutter | Mamma<\/h3>\n<p>Schmieren Sie sich und Ihr(e) Kind(er) mit der reinen, biologischen, 100% nat\u00fcrlichen Sheabutter. Sie pflegt, macht Ihre Haut und die Ihrer Kleinen weich und sch\u00fctzt sie wie keine andere Creme. Und das ist Natur pur ohne chemische Zus\u00e4tze.<\/p>\n<p>Versorgen Sie Ihre Haut mit Feuchtigkeit und genie\u00dfen Sie eine (Selbst-)Massage f\u00fcr eine <b>liebevolle Verbindung<\/b> mit sich selbst und Ihrem wachsenden Baby. Selbstmassage ist das Werkzeug, um Ihren Tag ruhig zu beginnen, mit beiden F\u00fc\u00dfen auf dem Boden und strahlend. Wie sch\u00f6n ist es, das mit einem Produkt <b>direkt aus der Natur <\/b> zu machen? <\/p>\n<p>Genau. Machen Sie Ihre Haut mit Ihrer Aufmerksamkeit gl\u00fccklich, Sie haben es verdient! Diese handliche Dose ist ideal, um <b>sie als SOS-Hautpflege immer auch unterwegs<\/b> bei sich zu tragen.<\/p>\n<p>Sheabutter ist seit Hunderten von Jahren als eines der <b>besten Anti-Aging-Mittel f\u00fcr die<\/b> Haut bekannt. Und dank der einzigartigen heilenden Eigenschaften dieser magischen Butter ist sie fast ein Allheilmittel.<\/p>\n<p><b>Unsere Sheabutter unterst\u00fctzt unter anderem bei:<\/b><\/p>\n<ul>\n<li>trockene Haut wie Ekzeme und Psoriasis<\/li>\n<li>Erweichung und Reparatur kleiner Wunden<\/li>\n<li>Halten Sie Ihren sch\u00f6nen, schwangeren Bauch geschmeidig: Es ist auch 100% sicher f\u00fcr den Kleinen<\/li>\n<li>n\u00e4hrt Ihre Haut mit einem Kraftpaket von Vitaminen (A, B, C, D, E und F)<\/li>\n<li>Stumpfe Haut wieder zum Strahlen bringen<\/li>\n<\/ul>\n<p><b>Sheabutter<\/b><\/p>\n<p>Diese kraftvolle, reine Zutat wird aus der Sheanuss gewonnen, die aus dem Sheabaum gewonnen wird. Die Nuss wird von Frauen aufgegriffen. Die cremefarbene Substanz wird dann nach traditionellem Ritual daraus extrahiert. Um alle guten Eigenschaften f\u00fcr Sie zu erhalten, ist die Butter 100% unraffiniert und daher unverarbeitet. Reiner geht&#8217;s nicht!<\/p>\n<p>Mit dieser Sheabutter unterst\u00fctzt Holistic Doula eine Frauengemeinschaft aus Burkina Faso, Afrika. Hier kaufen sie die Naturprodukte direkt an der Quelle.<\/p>\n","protected":false},"excerpt":{"rendered":"<p>Mit dieser reinen, biologischen und nat\u00fcrlichen Sheabutter n\u00e4hren, erweichen und sch\u00fctzen Sie Ihre Haut \u2013 alles mit einem Glas puren Gl\u00fccks.<\/p>\n","protected":false},"featured_media":219680,"comment_status":"open","ping_status":"closed","template":"","meta":{"_acf_changed":false},"product_cat":[9998,9987,9988,4604,8687,9290],"product_tag":[],"berocket_brand":[9721],"class_list":["post-219688","product","type-product","status-publish","has-post-thumbnail","hentry","product_cat-fuer-sie","product_cat-geschenk","product_cat-mutterschaftsgeschenk","product_cat-neu","product_cat-pflege","product_cat-pflege-produkte","product_shipping_class-pakket-de","berocket_brand-holistic-doula"],"acf":[],"aioseo_notices":[],"_links":{"self":[{"href":"https:\/\/glownaturalliving.com\/de\/wp-json\/wp\/v2\/product\/219688","targetHints":{"allow":["GET"]}}],"collection":[{"href":"https:\/\/glownaturalliving.com\/de\/wp-json\/wp\/v2\/product"}],"about":[{"href":"https:\/\/glownaturalliving.com\/de\/wp-json\/wp\/v2\/types\/product"}],"replies":[{"embeddable":true,"href":"https:\/\/glownaturalliving.com\/de\/wp-json\/wp\/v2\/comments?post=219688"}],"wp:featuredmedia":[{"embeddable":true,"href":"https:\/\/glownaturalliving.com\/de\/wp-json\/wp\/v2\/media\/219680"}],"wp:attachment":[{"href":"https:\/\/glownaturalliving.com\/de\/wp-json\/wp\/v2\/media?parent=219688"}],"wp:term":[{"taxonomy":"product_cat","embeddable":true,"href":"https:\/\/glownaturalliving.com\/de\/wp-json\/wp\/v2\/product_cat?post=219688"},{"taxonomy":"product_tag","embeddable":true,"href":"https:\/\/glownaturalliving.com\/de\/wp-json\/wp\/v2\/product_tag?post=219688"},{"taxonomy":"berocket_brand","embeddable":true,"href":"https:\/\/glownaturalliving.com\/de\/wp-json\/wp\/v2\/berocket_brand?post=219688"}],"curies":[{"name":"wp","href":"https:\/\/api.w.org\/{rel}","templated":true}]}}