{"id":219762,"date":"2024-01-31T11:48:05","date_gmt":"2024-01-31T10:48:05","guid":{"rendered":"https:\/\/glownaturalliving.com\/winkel\/unkategorisiert\/kinderbuch-mr-buddha\/"},"modified":"2024-01-31T11:48:05","modified_gmt":"2024-01-31T10:48:05","slug":"kinderbuch-mr-buddha","status":"publish","type":"product","link":"https:\/\/glownaturalliving.com\/de\/winkel\/neu\/kinderbuch-mr-buddha\/","title":{"rendered":"Kinderbuch Mr. Buddha"},"content":{"rendered":"<h4>Buch Mr. Buddha<\/h4>\n<h5>Eine spielerische Yoga-Geschichte f\u00fcr Kinder und Erwachsene<\/h5>\n<p>Mr. Buddha erm\u00f6glicht es Kindern und Erwachsenen, sich auf spielerische Weise ihres K\u00f6rpers bewusst zu werden. Der Kontakt mit deinem K\u00f6rper, deiner Gef\u00fchlswelt, stellt sicher, dass du dich auf deine eigene authentische Art und Weise ausdr\u00fccken kannst: indem du anzeigst, was du brauchst.<\/p>\n<p>&nbsp;<\/p>\n","protected":false},"excerpt":{"rendered":"<p>Eine spielerische Yoga-Geschichte f\u00fcr Kinder, um auf spielerische Weise mit deinem K\u00f6rper und deiner Gef\u00fchlswelt in Kontakt zu kommen.<\/p>\n<p>&nbsp;<\/p>\n<p>&nbsp;<\/p>\n","protected":false},"featured_media":219748,"comment_status":"open","ping_status":"closed","template":"","meta":{"_acf_changed":false},"product_cat":[4604],"product_tag":[],"berocket_brand":[],"class_list":["post-219762","product","type-product","status-publish","has-post-thumbnail","hentry","product_cat-neu","product_shipping_class-pakket-de"],"acf":[],"aioseo_notices":[],"_links":{"self":[{"href":"https:\/\/glownaturalliving.com\/de\/wp-json\/wp\/v2\/product\/219762","targetHints":{"allow":["GET"]}}],"collection":[{"href":"https:\/\/glownaturalliving.com\/de\/wp-json\/wp\/v2\/product"}],"about":[{"href":"https:\/\/glownaturalliving.com\/de\/wp-json\/wp\/v2\/types\/product"}],"replies":[{"embeddable":true,"href":"https:\/\/glownaturalliving.com\/de\/wp-json\/wp\/v2\/comments?post=219762"}],"wp:featuredmedia":[{"embeddable":true,"href":"https:\/\/glownaturalliving.com\/de\/wp-json\/wp\/v2\/media\/219748"}],"wp:attachment":[{"href":"https:\/\/glownaturalliving.com\/de\/wp-json\/wp\/v2\/media?parent=219762"}],"wp:term":[{"taxonomy":"product_cat","embeddable":true,"href":"https:\/\/glownaturalliving.com\/de\/wp-json\/wp\/v2\/product_cat?post=219762"},{"taxonomy":"product_tag","embeddable":true,"href":"https:\/\/glownaturalliving.com\/de\/wp-json\/wp\/v2\/product_tag?post=219762"},{"taxonomy":"berocket_brand","embeddable":true,"href":"https:\/\/glownaturalliving.com\/de\/wp-json\/wp\/v2\/berocket_brand?post=219762"}],"curies":[{"name":"wp","href":"https:\/\/api.w.org\/{rel}","templated":true}]}}