{"id":220145,"date":"2024-04-19T16:15:34","date_gmt":"2024-04-19T15:15:34","guid":{"rendered":"https:\/\/glownaturalliving.com\/winkel\/unkategorisiert\/bentonit-ton-lebensmittelqualitat\/"},"modified":"2025-01-29T09:00:22","modified_gmt":"2025-01-29T08:00:22","slug":"bentonit-ton-lebensmittelqualitat","status":"publish","type":"product","link":"https:\/\/glownaturalliving.com\/de\/winkel\/pflege\/pflege-produkte\/bentonit-ton-lebensmittelqualitat\/","title":{"rendered":"Bentonit-Ton (Lebensmittelqualit\u00e4t)"},"content":{"rendered":"<div class=\"sc-bcXHqe ShopifyRichText___StyledBox-sc-zrlwkf-0 eolEHg lfNIOk\">\n<ul>\n<li>Unterst\u00fctzt und reinigt die Haut<\/li>\n<li>Ideal f\u00fcr die Herstellung einer n\u00e4hrenden und reinigenden Maske<\/li>\n<li>Sowohl f\u00fcr den Au\u00dfen- als auch f\u00fcr den Innenbereich geeignet<\/li>\n<li>Frei von synthetischen Zusatzstoffen<\/li>\n<li>100% nat\u00fcrlich<\/li>\n<\/ul>\n<\/div>\n<div class=\"sc-bcXHqe gcgoIv\"><strong>Dieser <em>samtige Superheld<\/em> wird Ihnen helfen, eine strahlende Haut zu bekommen!<\/strong><\/p>\n<p>Nat\u00fcrlich ist das eigene Wellness-Ritual nicht komplett ohne eine pflegende Tonerde-Maske. Mit diesem speziellen Bentonit Clay bekommst du einen Superhelden, der seidig weich f\u00fcr deine Haut und Haare ist. Masken und Dichtungen aus Bentonit-Ton sind aus gutem Grund weit verbreitet. Es ist ein effektiver Weg, um Ihre Haut zu unterst\u00fctzen.<\/p>\n<h4>Warum ist Bentonit-Ton so gut f\u00fcr Sie?<\/h4>\n<p>Nicht umsonst wird Bentonit-Ton seit Jahrtausenden verwendet. Bentonit-Ton wird auch Montmorillonit genannt und ist einer der <em><br \/>\n  <strong>effektivsten Tone<\/strong><br \/>\n<\/em>. Sie k\u00f6nnen es sowohl \u00e4u\u00dferlich verwenden als auch einnehmen, um seine vielen besonderen Eigenschaften voll auszusch\u00f6pfen.<\/p>\n<p>Wenn Bentonit-Ton mit einer Fl\u00fcssigkeit in Kontakt kommt, ver\u00e4ndert sich etwas in der Zusammensetzung des Tons, was ihm eine stark reinigende Wirkung auf die Haut verleiht.<\/p>\n<h4>Gebrauchen<\/h4>\n<p>Wer <em><br \/>\n  <strong>seine Haut pflegen und intensiv reinigen<\/strong><br \/>\n<\/em> m\u00f6chte, kann zum Beispiel einen Wickel oder eine Gesichtsmaske daraus machen. Au\u00dferdem k\u00f6nnen Sie im Handumdrehen ein herrlich entspannendes Bad zubereiten.<\/p>\n<p>Sie k\u00f6nnen Bentonit-Ton auch innerlich verwenden. Sie k\u00f6nnen jeden Tag einen Teel\u00f6ffel Bentonit-Ton in einem Glas Wasser aufl\u00f6sen und trinken.<\/p>\n<p><em><strong>Tipp:<\/strong> Bentonit-Ton darf nicht mit Metallen in Ber\u00fchrung kommen, da dies die Wirksamkeit des Tons erheblich verringert.<\/em><\/p>\n<h4>100% nat\u00fcrlich<\/h4>\n<p>Der Bentonit-Ton von Natural Heroes hat eine graue bis cremewei\u00dfe Farbe \u2013 die Farbe, die Bentonit-Ton von guter Qualit\u00e4t haben sollte. Sobald Sie die Packung \u00f6ffnen, werden Sie von der <em><br \/>\n  <strong>feinen und samtigen Textur<\/strong><br \/>\n<\/em> des Tons \u00fcberrascht sein. Ein zus\u00e4tzlicher Vorteil ist, dass es geruchlos ist und keine Flecken hinterl\u00e4sst.<\/p>\n<p>Selbstverst\u00e4ndlich ist die Bentonit-Tonerde von Natural Heroes 100% nat\u00fcrlich und frei von zugesetzten Duft-, Farb- und Konservierungsstoffen.<\/p>\n<\/div>\n","protected":false},"excerpt":{"rendered":"<p>Unterst\u00fctzt und reinigt die Haut Ideal f\u00fcr die Herstellung einer n\u00e4hrenden und reinigenden Maske Sowohl f\u00fcr den Au\u00dfen- als auch f\u00fcr den Innenbereich geeignet Frei von synthetischen Zusatzstoffen 100% nat\u00fcrlich Dieser samtige Superheld wird Ihnen helfen, eine strahlende Haut zu bekommen! Nat\u00fcrlich ist das eigene Wellness-Ritual nicht komplett ohne eine pflegende Tonerde-Maske. Mit diesem speziellen [&#8230;]\n","protected":false},"featured_media":220143,"comment_status":"open","ping_status":"closed","template":"","meta":{"_acf_changed":false},"product_cat":[4604,8687,9290],"product_tag":[],"berocket_brand":[9683],"class_list":["post-220145","product","type-product","status-publish","has-post-thumbnail","hentry","product_cat-neu","product_cat-pflege","product_cat-pflege-produkte","product_shipping_class-pakket-de","berocket_brand-natural-heroes"],"acf":[],"aioseo_notices":[],"_links":{"self":[{"href":"https:\/\/glownaturalliving.com\/de\/wp-json\/wp\/v2\/product\/220145","targetHints":{"allow":["GET"]}}],"collection":[{"href":"https:\/\/glownaturalliving.com\/de\/wp-json\/wp\/v2\/product"}],"about":[{"href":"https:\/\/glownaturalliving.com\/de\/wp-json\/wp\/v2\/types\/product"}],"replies":[{"embeddable":true,"href":"https:\/\/glownaturalliving.com\/de\/wp-json\/wp\/v2\/comments?post=220145"}],"wp:featuredmedia":[{"embeddable":true,"href":"https:\/\/glownaturalliving.com\/de\/wp-json\/wp\/v2\/media\/220143"}],"wp:attachment":[{"href":"https:\/\/glownaturalliving.com\/de\/wp-json\/wp\/v2\/media?parent=220145"}],"wp:term":[{"taxonomy":"product_cat","embeddable":true,"href":"https:\/\/glownaturalliving.com\/de\/wp-json\/wp\/v2\/product_cat?post=220145"},{"taxonomy":"product_tag","embeddable":true,"href":"https:\/\/glownaturalliving.com\/de\/wp-json\/wp\/v2\/product_tag?post=220145"},{"taxonomy":"berocket_brand","embeddable":true,"href":"https:\/\/glownaturalliving.com\/de\/wp-json\/wp\/v2\/berocket_brand?post=220145"}],"curies":[{"name":"wp","href":"https:\/\/api.w.org\/{rel}","templated":true}]}}