{"id":220254,"date":"2024-05-02T18:58:23","date_gmt":"2024-05-02T17:58:23","guid":{"rendered":"https:\/\/glownaturalliving.com\/winkel\/unkategorisiert\/pflege-sonnenschutz-spf30-50ml\/"},"modified":"2025-05-06T13:36:07","modified_gmt":"2025-05-06T12:36:07","slug":"pflege-sonnenschutz-spf30-50ml","status":"publish","type":"product","link":"https:\/\/glownaturalliving.com\/de\/winkel\/pflege\/pflege-produkte\/pflege-sonnenschutz-spf30-50ml\/","title":{"rendered":"N\u00e4hrender Sonnenschutz SPF30 \u2013 50ml"},"content":{"rendered":"<ul>\n<li>Lichtschutzfaktor 30 UVA + UVB<\/li>\n<li>Korallenfreundlich<\/li>\n<li>Gesicht und K\u00f6rper<\/li>\n<li>Wasserabweisend<\/li>\n<li>Mineralischer Filter, unbeschichtetes Zink ohne Nano<\/li>\n<li>Kein oder kaum wei\u00dfer Dunst (gut verteilt, manchmal in den Falten)<\/li>\n<li>Geeignet f\u00fcr alle ab 6 Monaten<\/li>\n<\/ul>\n<p>&nbsp;<\/p>\n<p>Inhaltsstoffe: Capryl-\/Capric-Triglycerid, Zinkoxid, Terminalia Ferdinandiana (Kakadu-Pflaume) Samen\u00f6l, Stearins\u00e4ure, Vaccinium Myrtillus (Heidelbeere) Samen\u00f6l*, Bisabolol*, Rubus Idaeus (Himbeere) Samen\u00f6l*, Polyhydroxystearins\u00e4ure, Tocopherylacetat, Pongamia Pinnata (Karanja) Samenextrakt<\/p>\n<p>*= gewonnen durch Upcycling von Reststr\u00f6men<\/p>\n<p>&nbsp;<\/p>\n<h2 data-v-272ad8fc=\"\">\u00dcber Food for Skin | Saubere und umweltfreundliche Hautpflege | B corp<\/h2>\n<div data-v-272ad8fc=\"\">Food for Skin wurde von Cathy und Angela gegr\u00fcndet: zwei Schwestern mit der Mission, die Beauty-Branche wieder ein bisschen sch\u00f6ner zu machen. Sie stehen f\u00fcr:<br \/>\n100% nat\u00fcrliche, wirksame Hautpflege<br \/>\nEhrliche Kommunikation<br \/>\nKeine Kompromisse bei Nachhaltigkeit und Qualit\u00e4tSie sind:<br \/>\nB Corp<br \/>\nPartner der Plastic Soup Foundation<br \/>\nVegan Friendly<br \/>\nSocial Enterprise<br \/>\nPreisgekr\u00f6nte Qualit\u00e4tSie verwenden die st\u00e4rksten und nahrhaftesten Inhaltsstoffe der Natur: Gem\u00fcse, Obst, Samen und Kerne. Keine einzige Zutat in ihren Produkten wurde als Polsterung verwendet. Das Ergebnis sind reichhaltige, leistungsstarke Produkte. WARUM NAHRUNG F\u00dcR DIE HAUT?<\/div>\n<div data-v-272ad8fc=\"\"><strong>Rein<\/strong><br \/>\n100% nat\u00fcrlich, ohne Parf\u00fcm, Parabene, Mikroplastik oder andere sch\u00e4dliche Inhaltsstoffe. Ihre Produkte sind vegan und nicht an Tieren getestet.<\/div>\n<div data-v-272ad8fc=\"\"><strong>F\u00fcr alle<\/strong><br \/>\nFood for Skin ist f\u00fcr alle Hauterkrankungen geeignet, unabh\u00e4ngig von Alter, Geschlecht oder Hautfarbe. Ihre Produkte sind f\u00fcr jedermann geeignet.<\/div>\n<div data-v-272ad8fc=\"\"><\/div>\n<div data-v-272ad8fc=\"\"><strong>Hergestellt in den Niederlanden<\/strong><br \/>\nWir bem\u00fchen uns, so wenig negative Auswirkungen wie m\u00f6glich auf die Erde zu haben, daher produzieren wir in der N\u00e4he unseres Zuhauses und in recycelbaren Verpackungen.<\/div>\n<div data-v-272ad8fc=\"\"><strong>Beglaubigt<\/strong><br \/>\nFood for Skin wurde in Zusammenarbeit mit einem professionellen Labor entwickelt und von einem unabh\u00e4ngigen Labor und Testgremium getestet und zertifiziert.<\/div>\n<div data-v-272ad8fc=\"\"><strong>Upcycling<\/strong><br \/>\nWir beziehen so viele Zutaten wie m\u00f6glich aus Reststr\u00f6men (Upcycling), wie z.B. aussortierte Avocados oder Tomatenschalen aus einer Pastasaucenfabrik. Auf diese Weise gewinnt der Abfall wieder an Wert.<\/div>\n<div data-v-272ad8fc=\"\"><strong>Eigene Produktentwicklung<\/strong><br \/>\nEigene Rezepturen mit nur den besten Inhaltsstoffen. Es wurde keine Zutat als Polsterung verwendet, was zu leistungsstarken und reichhaltigen Produkten f\u00fchrt.<\/div>\n<div data-v-272ad8fc=\"\"><strong>Weniger verbrauchen<\/strong><br \/>\nKeine komplexen Hautpflegeroutinen mit vielen Produkten, bei denen ein Produkt den Schaden des anderen bek\u00e4mpft, sondern eine einfache, effektive Routine.<\/div>\n<p>&nbsp;<\/p>\n","protected":false},"excerpt":{"rendered":"<p>Lichtschutzfaktor 30 UVA + UVB Korallenfreundlich Gesicht und K\u00f6rper Wasserabweisend Mineralischer Filter, unbeschichtetes Zink ohne Nano Kein oder kaum wei\u00dfer Dunst (gut verteilt, manchmal in den Falten) Geeignet f\u00fcr alle ab 6 Monaten &nbsp; Inhaltsstoffe: Capryl-\/Capric-Triglycerid, Zinkoxid, Terminalia Ferdinandiana (Kakadu-Pflaume) Samen\u00f6l, Stearins\u00e4ure, Vaccinium Myrtillus (Heidelbeere) Samen\u00f6l*, Bisabolol*, Rubus Idaeus (Himbeere) Samen\u00f6l*, Polyhydroxystearins\u00e4ure, Tocopherylacetat, Pongamia Pinnata [&#8230;]\n","protected":false},"featured_media":220249,"comment_status":"open","ping_status":"closed","template":"","meta":{"_acf_changed":false},"product_cat":[8687,9290,8683],"product_tag":[],"berocket_brand":[],"class_list":["post-220254","product","type-product","status-publish","has-post-thumbnail","hentry","product_cat-pflege","product_cat-pflege-produkte","product_cat-angebot","product_shipping_class-pakket-de"],"acf":[],"aioseo_notices":[],"_links":{"self":[{"href":"https:\/\/glownaturalliving.com\/de\/wp-json\/wp\/v2\/product\/220254","targetHints":{"allow":["GET"]}}],"collection":[{"href":"https:\/\/glownaturalliving.com\/de\/wp-json\/wp\/v2\/product"}],"about":[{"href":"https:\/\/glownaturalliving.com\/de\/wp-json\/wp\/v2\/types\/product"}],"replies":[{"embeddable":true,"href":"https:\/\/glownaturalliving.com\/de\/wp-json\/wp\/v2\/comments?post=220254"}],"wp:featuredmedia":[{"embeddable":true,"href":"https:\/\/glownaturalliving.com\/de\/wp-json\/wp\/v2\/media\/220249"}],"wp:attachment":[{"href":"https:\/\/glownaturalliving.com\/de\/wp-json\/wp\/v2\/media?parent=220254"}],"wp:term":[{"taxonomy":"product_cat","embeddable":true,"href":"https:\/\/glownaturalliving.com\/de\/wp-json\/wp\/v2\/product_cat?post=220254"},{"taxonomy":"product_tag","embeddable":true,"href":"https:\/\/glownaturalliving.com\/de\/wp-json\/wp\/v2\/product_tag?post=220254"},{"taxonomy":"berocket_brand","embeddable":true,"href":"https:\/\/glownaturalliving.com\/de\/wp-json\/wp\/v2\/berocket_brand?post=220254"}],"curies":[{"name":"wp","href":"https:\/\/api.w.org\/{rel}","templated":true}]}}