{"id":220461,"date":"2024-05-21T15:54:59","date_gmt":"2024-05-21T14:54:59","guid":{"rendered":"https:\/\/glownaturalliving.com\/?post_type=product&#038;p=220461"},"modified":"2024-11-13T11:31:34","modified_gmt":"2024-11-13T10:31:34","slug":"menstruationstasse-set-sterilisator-grosse-l","status":"publish","type":"product","link":"https:\/\/glownaturalliving.com\/de\/winkel\/pflege\/pflege-produkte\/menstruationstasse-set-sterilisator-grosse-l\/","title":{"rendered":"Menstruationstassen-Set + Sterilisator | Gr\u00f6\u00dfe L"},"content":{"rendered":"<h4>Menstruationstassen-Set + Luxus-Sterilisator | Gr\u00f6\u00dfe L<\/h4>\n<p class=\"mt-4 bold\" data-v-d873c654=\"\">Weicher, griffiger, \u00fcberlaufsichere Kante und verbesserte Textur. Der fortschrittlichste Cup der Welt, basierend auf dem Feedback von 100 Frauen. So k\u00f6nnen Sie das Beste aus Ihrem Tag herausholen.<\/p>\n<p class=\"mt-4 bold\" data-v-d873c654=\"\">Eine Menstruationstasse bietet mehr Komfort, ist haltbarer und hygienischer als Binden oder Tampons. Bamboozy Menstruationstassen sind sicher und bestehen aus medizinischem Silikon h\u00f6chster Qualit\u00e4t. Die nat\u00fcrliche Form unserer Menstruationstasse bietet besseren Komfort und weniger Irritationen als andere Menstruationstassen auf dem Markt.<\/p>\n<p data-v-d873c654=\"\"><b data-v-d873c654=\"\">Warum Menstruationstassen?<\/b><br data-v-d873c654=\"\">&#x2714; Keine unn\u00f6tige Abfallerzeugung (abfallfrei und umweltfreundlich)<br data-v-d873c654=\"\">&#x2714; Geringere Wahrscheinlichkeit von Leckagen<br data-v-d873c654=\"\">&#x2714; Keine schlechten Ger\u00fcche<br data-v-d873c654=\"\">&#x2714; Weniger anf\u00e4llig f\u00fcr Bakterien- und Pilzinfektionen<br data-v-d873c654=\"\">&#x2714; Absorbiert bis zu 5x so viel wie ein Tampon<br data-v-d873c654=\"\">&#x2714; Verwendbar \u00fcber den gesamten Menstruationszyklus<\/p>\n<p data-v-d873c654=\"\"><b data-v-d873c654=\"\">Warum Bamboozy Menstruationstassen?<\/b><br data-v-d873c654=\"\">&#x2714; Der fortschrittlichste Cup der Welt<br data-v-d873c654=\"\">&#x2714; Fingerkerbe mit zus\u00e4tzlichem Grip<br data-v-d873c654=\"\">&#x2714; Anti-\u00dcberlaufkante f\u00fcr einen weniger unordentlichen Aufnahmemoment<br data-v-d873c654=\"\">&#x2714; Komfortabel: Nat\u00fcrliche Kurven und Formen f\u00fcr weniger Irritationen<br data-v-d873c654=\"\">&#x2714; Sicher: 100% medizinisches Silikon, RoHS, SGS 2021 Zertifizierungen<br data-v-d873c654=\"\">&#x2714; Frei von BPA, Blei, Chemikalien, Latex und Kunststoffen<br data-v-d873c654=\"\">&#x2714; Optional erh\u00e4ltlicher Bamboozy Sterilisator-Reinigungsbecher<\/p>\n<h3 class=\"text-lg mb-0 mt-4\" data-v-d873c654=\"\">Welche K\u00f6rbchengr\u00f6\u00dfe ist die richtige f\u00fcr mich?<\/h3>\n<p data-v-d873c654=\"\">Bamboozy hat 3 Gr\u00f6\u00dfen, Gr\u00f6\u00dfe S, Gr\u00f6\u00dfe M und Gr\u00f6\u00dfe L. Wir empfehlen Gr\u00f6\u00dfe M f\u00fcr Frauen unter 30 Jahren, die noch kein Kind hatten. Wir empfehlen die Gr\u00f6\u00dfe L f\u00fcr Frauen \u00fcber 30 Jahre <b data-v-d873c654=\"\">oder<\/b> Frauen, die vaginal (mehrmals) entbunden haben. Der Inhalt ist vergleichbar mit 3 Tampons Fl\u00fcssigkeit. Gr\u00f6\u00dfe S ist f\u00fcr Teenager. Z\u00f6gern Sie zwischen Gr\u00f6\u00dfe M oder L? Dann empfehlen wir Ihnen die Gr\u00f6\u00dfe M.<\/p>\n<p data-v-d873c654=\"\">Die K\u00f6rbchengr\u00f6\u00dfe kann mit der St\u00e4rke Ihres Beckenbodens zusammenh\u00e4ngen, der Ihre Tasse an Ort und Stelle h\u00e4lt, aber sie h\u00e4ngt nicht nur mit der Anzahl der Pilates-Kurse zusammen, die Sie absolviert haben, Ihr Beckenboden kann aus zahlreichen Gr\u00fcnden geschw\u00e4cht werden, darunter Schwangerschaft, Geburt und einfach aufgrund der Ver\u00e4nderung des Hormonspiegels mit zunehmendem Alter.<\/p>\n<p data-v-d873c654=\"\">Einmal richtig ge\u00fcbt, k\u00f6nnen beide Gr\u00f6\u00dfen bequem sein.<\/p>\n<h3 class=\"text-lg mb-0 mt-4\" data-v-d873c654=\"\">Besteht auch bei der Verwendung von Menstruationstassen die Gefahr von TSS?<\/h3>\n<p data-v-d873c654=\"\">Kein Produkt ist zu 100 % frei von dem Risiko eines toxischen Schocksyndroms, einschlie\u00dflich der Menstruationstasse, aber das Risiko ist viel geringer. Menstruationstassen wirken sich nicht auf deine Schleimhaut aus. Ein Becher saugt nicht auf, sondern f\u00e4ngt nur.<\/p>\n<h3 class=\"text-lg mb-0 mt-4\" data-v-d873c654=\"\">Wie setze ich den Becher ein?<\/h3>\n<p data-v-d873c654=\"\"><b data-v-d873c654=\"\">Schritt 1:<\/b> Waschen Sie Ihre H\u00e4nde vor Gebrauch gut.<br data-v-d873c654=\"\"><b data-v-d873c654=\"\">Schritt 2:<\/b> Falten Sie den Becher so, dass er ein &#8222;C&#8220; bildet<br data-v-d873c654=\"\"><b data-v-d873c654=\"\">Schritt 3:<\/b> Setzen Sie den Becher ein, am besten waagerecht.<br data-v-d873c654=\"\"><b data-v-d873c654=\"\">Schritt 4:<\/b> Der Becher entfaltet sich von selbst (m\u00f6glicherweise m\u00fcssen Sie ihn zuerst drehen)<br data-v-d873c654=\"\"><b data-v-d873c654=\"\">Schritt 5:<\/b> Ein richtig eingesetzter Becher bildet ein Vakuum und l\u00e4uft daher nicht durch.<\/p>\n<h3 class=\"text-lg mb-0 mt-4\" data-v-d873c654=\"\">Wie entferne ich den Becher?<\/h3>\n<p data-v-d873c654=\"\"><b data-v-d873c654=\"\">Schritt 1:<\/b> Waschen Sie Ihre H\u00e4nde wieder gut<br data-v-d873c654=\"\"><b data-v-d873c654=\"\">Schritt 2:<\/b> Ziehen Sie den Becher am Stiel nicht heraus, sondern dr\u00fccken Sie den unteren Teil des Bechers zusammen und bewegen Sie ihn von links nach rechts, damit Sie das Vakuum brechen k\u00f6nnen<br data-v-d873c654=\"\"><b data-v-d873c654=\"\">Schritt 3:<\/b> Halten Sie den Becher aufrecht<br data-v-d873c654=\"\"><b data-v-d873c654=\"\">Schritt 4:<\/b> Leeren Sie den Inhalt in Ihre Toilette oder Ihr Waschbecken<\/p>\n<h3 class=\"text-lg mb-0 mt-4\" data-v-d873c654=\"\">Wie ersetze ich den Becher in \u00f6ffentlichen Bereichen?<\/h3>\n<p data-v-d873c654=\"\">Dies ist einer der schwierigsten Punkte bei der Verwendung einer Menstruationstasse. Wenn Sie sich fit gef\u00fchlt haben, empfehlen wir Ihnen die folgende Methode, wenn Sie Ihre Tasse an einem \u00f6ffentlichen Ort leeren m\u00f6chten. Kaufen Sie einen zus\u00e4tzlichen Becher und nehmen Sie den sauberen Becher in einem Beutel oder wasserdichten Beutel mit, den wir f\u00fcr unsere waschbaren Binden verwenden. Sp\u00fclen Sie die Tasse sauber, bevor Sie auf die Toilette gehen. Leeren Sie den gebrauchten Becher und wickeln Sie ihn in Toilettenpapier ein und bewahren Sie ihn in einem (wasserdichten) Beutel auf. Dann setzen Sie Ihren anderen Becher ein und reinigen Ihren gebrauchten Becher und Beutel zu Hause.<\/p>\n<h3 class=\"text-lg mb-0 mt-4\" data-v-d873c654=\"\">Kann ich die Menstruationstasse den ganzen Tag eingeschaltet lassen?<\/h3>\n<p data-v-d873c654=\"\">Nehmen Sie Ihren Becher heraus und leeren Sie ihn nach maximal 12 Stunden.<\/p>\n<h3 class=\"text-lg mb-0 mt-4\" data-v-d873c654=\"\">Wie reinige ich den Becher?<\/h3>\n<p data-v-d873c654=\"\">Sp\u00fclen Sie die Tasse nach Gebrauch mit flie\u00dfendem Wasser aus. Sterilisieren Sie die Tasse nach dem Zyklus, indem Sie sie in Wasser kochen. Verwenden Sie dazu den Bamboozy-Sterilisator, der zum Sterilisieren in der Mikrowelle geeignet ist.<\/p>\n<h3 class=\"text-lg mb-0 mt-4\" data-v-d873c654=\"\">Kann ich mit einer Menstruationstasse Sport treiben?<\/h3>\n<p data-v-d873c654=\"\">Einer der gr\u00f6\u00dften Vorteile einer Tasse ist, dass Sie Sport treiben, in die Sauna gehen, schwimmen, Rad fahren, stundenlang tanzen und die Nacht durchschlafen k\u00f6nnen \u2013 ohne Sorgen.<\/p>\n<p data-v-d873c654=\"\">Haben Sie eine Spirale? Dann empfehlen wir die Verwendung einer Menstruationstasse nicht.<br data-v-d873c654=\"\"><br data-v-d873c654=\"\">Beginnen Sie mit der Verwendung einer Menstruationstasse nachhaltiger zu menstruieren!<\/p>\n<h3 class=\"text-lg mb-0 mt-4\" data-v-d873c654=\"\">Was ist in der Box?<\/h3>\n<p data-v-d873c654=\"\">\u2013 Menstruationstasse 3. Generation<br data-v-88469bb6=\"\">\u2013 Luxus-Sterilisator<br data-v-88469bb6=\"\">\u2013 Baumwollbeutel<\/p>\n<h3 class=\"text-lg mb-0 mt-4\" data-v-d873c654=\"\">Wie wirkt sich dieses Produkt weniger auf die Umwelt aus?<\/h3>\n<p data-v-d873c654=\"\">&#x2714; Die Verpackung ist zu 100 % biologisch abbaubar<br data-v-d873c654=\"\">&#x2714; Verpackung ohne Klebstoff<br data-v-d873c654=\"\">&#x2714; Weniger Abfall durch den Verzicht auf Binden oder Tampons<br data-v-d873c654=\"\">&#x2714; M\u00f6glichst CO2-neutraler, plastikfreier Transport und Gesch\u00e4ftsbetrieb<\/p>\n<h3>\u00dcber Bamboozy<\/h3>\n<p>Bamboozy wurde gegr\u00fcndet, um maximale Wirkung zu erzielen und eine Br\u00fccke zwischen Zero-Waste-Produkten und regul\u00e4ren Produkten zu schlagen.<\/p>\n<p>Um eine echte Wirkung zu erzielen, m\u00fcssen die Produkte nachhaltig sein, ohne dass der Verbraucher sie bewusst ausw\u00e4hlen muss, denn seien wir ehrlich, das ist die gr\u00f6\u00dfte Gruppe.<\/p>\n<p>Das bedeutet, dass es f\u00fcr die Verwendung von Bamboozy-Produkten fast keine Nachteile im Vergleich zu regul\u00e4ren Produkten geben sollte, zusammen mit einem wettbewerbsf\u00e4higen Preis, um sicherzustellen, dass sie die gr\u00f6\u00dfte Wirkung erzielen.<\/p>\n<p><b>&#8222;Wir brauchen keine Handvoll Leute, die Zero Waste perfekt machen. Wir brauchen Millionen von Menschen, die es nicht perfekt machen.&#8220;<\/b><\/p>\n<p>In diesem Sinne bringen sie super sch\u00f6ne und qualitativ hochwertige nachhaltige Produkte auf den Markt. Denn nachhaltig zu sein muss nicht langweilig sein<\/p>\n<p class=\"text-center my-5\">Bamboozy hat es sich zur Aufgabe gemacht, nachhaltige Produkte f\u00fcr eine breite Gruppe von Menschen zug\u00e4nglicher zu machen.<\/p>\n<div class=\"row text-center\"><\/div>\n","protected":false},"excerpt":{"rendered":"<p>Weicher, griffiger, \u00fcberlaufsichere Kante und verbesserte Textur. Der fortschrittlichste Cup der Welt, basierend auf dem Feedback von 100 Frauen. So k\u00f6nnen Sie das Beste aus Ihrem Tag herausholen.<\/p>\n","protected":false},"featured_media":220453,"comment_status":"open","ping_status":"closed","template":"","meta":{"_acf_changed":false},"product_cat":[4604,8687,9290],"product_tag":[],"berocket_brand":[10018],"class_list":["post-220461","product","type-product","status-publish","has-post-thumbnail","hentry","product_cat-neu","product_cat-pflege","product_cat-pflege-produkte","product_shipping_class-pakket-de","berocket_brand-bamboozy-de"],"acf":[],"aioseo_notices":[],"_links":{"self":[{"href":"https:\/\/glownaturalliving.com\/de\/wp-json\/wp\/v2\/product\/220461","targetHints":{"allow":["GET"]}}],"collection":[{"href":"https:\/\/glownaturalliving.com\/de\/wp-json\/wp\/v2\/product"}],"about":[{"href":"https:\/\/glownaturalliving.com\/de\/wp-json\/wp\/v2\/types\/product"}],"replies":[{"embeddable":true,"href":"https:\/\/glownaturalliving.com\/de\/wp-json\/wp\/v2\/comments?post=220461"}],"wp:featuredmedia":[{"embeddable":true,"href":"https:\/\/glownaturalliving.com\/de\/wp-json\/wp\/v2\/media\/220453"}],"wp:attachment":[{"href":"https:\/\/glownaturalliving.com\/de\/wp-json\/wp\/v2\/media?parent=220461"}],"wp:term":[{"taxonomy":"product_cat","embeddable":true,"href":"https:\/\/glownaturalliving.com\/de\/wp-json\/wp\/v2\/product_cat?post=220461"},{"taxonomy":"product_tag","embeddable":true,"href":"https:\/\/glownaturalliving.com\/de\/wp-json\/wp\/v2\/product_tag?post=220461"},{"taxonomy":"berocket_brand","embeddable":true,"href":"https:\/\/glownaturalliving.com\/de\/wp-json\/wp\/v2\/berocket_brand?post=220461"}],"curies":[{"name":"wp","href":"https:\/\/api.w.org\/{rel}","templated":true}]}}