{"id":220560,"date":"2024-05-30T13:05:20","date_gmt":"2024-05-30T12:05:20","guid":{"rendered":"https:\/\/glownaturalliving.com\/winkel\/unkategorisiert\/bio-kuschel-diddy-ente\/"},"modified":"2024-05-30T13:05:20","modified_gmt":"2024-05-30T12:05:20","slug":"bio-kuschel-diddy-ente","status":"publish","type":"product","link":"https:\/\/glownaturalliving.com\/de\/winkel\/geschenk\/fur-kinder\/bio-kuschel-diddy-ente\/","title":{"rendered":"Bio-Kuscheltier \u2013 Diddy Duck"},"content":{"rendered":"<p>Dieses sch\u00f6ne und weiche Entlein nimmt Sie gerne unter ihre Fittiche. Sie ist s\u00fc\u00df, sanft und wird immer ein offenes Ohr f\u00fcr Ihre Geschichten haben. Diddy besteht aus <strong>100% Bio-Baumwolle<\/strong> mit einer F\u00fcllung aus recyceltem Polyester im Inneren.<\/p>\n<p>&nbsp;<\/p>\n","protected":false},"excerpt":{"rendered":"<p>Kuschelige Bio-Baumwolle<\/p>\n","protected":false},"featured_media":220558,"comment_status":"open","ping_status":"closed","template":"","meta":{"_acf_changed":false},"product_cat":[9994,9987,9384,8675],"product_tag":[],"berocket_brand":[9419],"class_list":["post-220560","product","type-product","status-publish","has-post-thumbnail","hentry","product_cat-fur-kinder","product_cat-geschenk","product_cat-wohnen-de","product_cat-spielzeuge","product_shipping_class-pakket-de","berocket_brand-snoozebaby-de-2"],"acf":[],"aioseo_notices":[],"_links":{"self":[{"href":"https:\/\/glownaturalliving.com\/de\/wp-json\/wp\/v2\/product\/220560","targetHints":{"allow":["GET"]}}],"collection":[{"href":"https:\/\/glownaturalliving.com\/de\/wp-json\/wp\/v2\/product"}],"about":[{"href":"https:\/\/glownaturalliving.com\/de\/wp-json\/wp\/v2\/types\/product"}],"replies":[{"embeddable":true,"href":"https:\/\/glownaturalliving.com\/de\/wp-json\/wp\/v2\/comments?post=220560"}],"wp:featuredmedia":[{"embeddable":true,"href":"https:\/\/glownaturalliving.com\/de\/wp-json\/wp\/v2\/media\/220558"}],"wp:attachment":[{"href":"https:\/\/glownaturalliving.com\/de\/wp-json\/wp\/v2\/media?parent=220560"}],"wp:term":[{"taxonomy":"product_cat","embeddable":true,"href":"https:\/\/glownaturalliving.com\/de\/wp-json\/wp\/v2\/product_cat?post=220560"},{"taxonomy":"product_tag","embeddable":true,"href":"https:\/\/glownaturalliving.com\/de\/wp-json\/wp\/v2\/product_tag?post=220560"},{"taxonomy":"berocket_brand","embeddable":true,"href":"https:\/\/glownaturalliving.com\/de\/wp-json\/wp\/v2\/berocket_brand?post=220560"}],"curies":[{"name":"wp","href":"https:\/\/api.w.org\/{rel}","templated":true}]}}