{"id":220579,"date":"2024-06-08T20:27:06","date_gmt":"2024-06-08T19:27:06","guid":{"rendered":"https:\/\/glownaturalliving.com\/?post_type=product&#038;p=220579"},"modified":"2025-05-26T10:25:21","modified_gmt":"2025-05-26T09:25:21","slug":"naturheilmittel-gegen-insektenstiche","status":"publish","type":"product","link":"https:\/\/glownaturalliving.com\/de\/winkel\/pflege\/pflege-produkte\/naturheilmittel-gegen-insektenstiche\/","title":{"rendered":"Nat\u00fcrliches Heilmittel gegen Insektenstiche"},"content":{"rendered":"<div class=\" product-block product-block--@app product-block--6ff195b1-7b80-41d0-9f5a-047247ad4b56 \">\n<div class=\"product-app\">\n<div id=\"station-tabs_6ff195b1-7b80-41d0-9f5a-047247ad4b56\" class=\"station-tabs rte is-initialized is-ready\" data-pro-tabs=\"true\" data-start-tab-element=\"h4\" data-default-tab=\"true\" data-default-tab-title=\"Productinformatie\" data-stop-tabs-element=\"false\" data-show-stop-element=\"true\" data-show-local-above=\"true\" data-show-global-above=\"true\" data-show-tabset=\"true\" data-show-local-below=\"true\" data-show-global-below=\"true\" data-layout=\"breakpoint\" data-layout-breakpoint=\"750\" data-deep-links=\"true\" data-allow-multiple-open=\"false\" data-open-first-tab=\"false\" data-clean-content-level=\"basic_tags\" data-station-tabs=\"i0\" data-uuid=\"uk8o8mu\">\n<div class=\"station-tabs-tabset mod-indicators mod-indicators-chevrons mod-indicators-after\">\n<div id=\"station-tabs-tabpanel_ht-i0-t19\" class=\"station-tabs-tabpanel station-tabs-default-tabpanel is-active\" role=\"tabpanel\" aria-labelledby=\"station-tabs-tab_ht-i0-t19\" aria-hidden=\"false\">\n<div class=\"station-tabs-tabcontent\">\n<div>INCIA Natural Remedy for Insect Bites besteht zu 100% aus nat\u00fcrlichen Inhaltsstoffen, enth\u00e4lt kein DEET und hilft, Insekten abzuwehren.<\/div>\n<ul>\n<li style=\"list-style-type: none;\">\n<ul>\n<li><b>Nat\u00fcrliches Heilmittel gegen Insektenstiche, Zeckenstiche und M\u00fccken<\/b><\/li>\n<li><b>Enth\u00e4lt kein DEET<\/b><\/li>\n<li><b>Bietet lang anhaltenden Schutz<\/b><\/li>\n<li><b>Geeignet f\u00fcr Babys, Kinder und Erwachsene<\/b><\/li>\n<li><strong>Mit mikroverkapseltem Zitronen-Eukalyptus\u00f6l  <\/strong><\/li>\n<\/ul>\n<\/li>\n<\/ul>\n<p><b>Zitronen-Eukalyptus\u00f6l gegen Insekten<\/b><b><br \/>\n<\/b>Bei der Herstellung von INCIA Natural Insect Bite Repellent wird rein nat\u00fcrliches, mikroverkapseltes Zitronen-Eukalyptus\u00f6l verwendet. Mikroverkapselung bedeutet, dass das \u00d6l in 100% nat\u00fcrlichen Mikrokapseln gelagert wird. Diese Kapseln sind mit blo\u00dfem Auge nicht zu erkennen. Die Kapseln setzen das nat\u00fcrliche Heilmittel gegen Insektenstiche kontrolliert frei.<\/p>\n<p>Der Vorteil dieses mikroverkapselten Zitronen-Eukalyptus\u00f6ls ist, dass das \u00d6l wirksamer ist. Der Duft, der hilft, Insekten abzuwehren, bleibt einige Zeit auf der Haut. Das Ergebnis ist ein lang anhaltender Schutz vor Insekten und M\u00fccken f\u00fcr bis zu sechs Stunden. Die Mikrokapseln werden dann v\u00f6llig sicher und umweltfreundlich abgebaut. Die Mikrokapseln werden nicht von der Haut aufgenommen.<\/p>\n<p><b>Insektenabwehr ohne DEET<\/b><b><br \/>\n<\/b>Viele M\u00fccken- und Insektenschutzmittel enthalten aggressive Chemikalien. Die bekannteste davon ist DEET. DEET ist gesundheitssch\u00e4dlich. DEET sollte daher nicht von gef\u00e4hrdeten Gruppen wie schwangeren oder stillenden Frauen oder Kindern unter dreizehn Jahren verwendet werden. INCIA Natural Insect Bite Remedy enth\u00e4lt kein DEET. Diese Lotion ist absolut sicher in der Anwendung. Die nat\u00fcrlichen Inhaltsstoffe in INCIA Natural Remedy for Insect Bites sind sogar f\u00fcr das empfindliche Immunsystem von Babys geeignet.<\/p>\n<p><b>Sicher f\u00fcr empfindliche Haut<\/b><b><br \/>\n<\/b>Neben den sch\u00fctzenden Eigenschaften hat das nat\u00fcrliche Heilmittel INCIA gegen Insektenstiche auch feuchtigkeitsspendende und beruhigende Eigenschaften. Die Lotion trocknet die Haut nicht aus, sondern pflegt und befeuchtet sie. Dies ist zum Teil auf das enthaltene Squalan und Vitamin E zur\u00fcckzuf\u00fchren. Aufgrund dieser Eigenschaften ist INCIA Natural Remedy for Insect Bites hypoallergen und auch f\u00fcr empfindliche Haut sehr gut geeignet.<\/p>\n<p><b>Inhalt pro Flasche INCIA Natural Insect Bites <\/b><br \/>\n Remedyca. 100 ml<\/p>\n<p><b>Tierversuchsfreie Produkte<\/b><b><br \/>\n<\/b>INCIA sch\u00fctzt die Natur und alle Lebewesen. Alle INCIA-Produkte sind daher tierversuchsfrei.<\/p>\n<\/div>\n<\/div>\n<h4 class=\"station-tabs-tabtitle\"><span id=\"station-tabs-tab_ht-i0-t25\" class=\"station-tabs-tab\" tabindex=\"-1\" role=\"tab\" aria-controls=\"station-tabs-tabpanel_ht-i0-t25\" data-slug=\"ingredienten\" aria-selected=\"false\"><span class=\"station-tabs-tabtext\">Zutaten:<\/span><\/span><\/h4>\n<p><span class=\"s1\">Wasser, Glycerin, Kokoscaprylat\/Caprat,<\/span> <span class=\"s1\">Sorbitanlaurat, Butylenglykol, Sorbit, Zitronen-Eukalyptus\u00f6l, Cetearylalkohol,<\/span> <span class=\"s1\">Plyglyceryl-4-Laurat, Dilaurylcitrat, <\/span><span class=\"s1\">Squalan, Xanthangummi, Zimtextrakt, Triethylcitrat, Clycerylcaprylat, Phytins\u00e4ure und Vitamin E.<\/span><\/p>\n<p class=\"p2\">* Alle Inhaltsstoffe der Lotion sind nat\u00fcrlichen Ursprungs<\/p>\n<p><b>Manuell<\/b><\/p>\n<p>INCIA Natural Remedy for Insect Bites ist eine Lotion. Verwenden Sie diese Lotion, um auf exponierter Haut zu reiben. Verwenden Sie jeweils eine kleine Menge und verteilen Sie sie gut. Wiederholen Sie dies alle sechs Stunden f\u00fcr einen optimalen Schutz vor Insekten.<\/p>\n<div id=\"station-tabs-tabpanel_ht-i0-t25\" class=\"station-tabs-tabpanel\" role=\"tabpanel\" aria-labelledby=\"station-tabs-tab_ht-i0-t25\" aria-hidden=\"true\">\n<div class=\"station-tabs-tabcontent\">\n<p>&nbsp;<\/p>\n<p>&nbsp;<\/p>\n<\/div>\n<\/div>\n<\/div>\n<\/div>\n<\/div>\n<\/div>\n<div class=\" product-block product-block--share product-block--share \">\n<div class=\"product-share\"><\/div>\n<\/div>\n","protected":false},"excerpt":{"rendered":"<p>INCIA Natural Remedy for Insect Bites besteht zu 100% aus nat\u00fcrlichen Inhaltsstoffen, enth\u00e4lt kein DEET und hilft, Insekten abzuwehren.<\/p>\n","protected":false},"featured_media":220589,"comment_status":"open","ping_status":"closed","template":"","meta":{"_acf_changed":false},"product_cat":[4604,8687,9290],"product_tag":[],"berocket_brand":[9679],"class_list":["post-220579","product","type-product","status-publish","has-post-thumbnail","hentry","product_cat-neu","product_cat-pflege","product_cat-pflege-produkte","product_shipping_class-pakket-de","berocket_brand-incia-de"],"acf":[],"aioseo_notices":[],"_links":{"self":[{"href":"https:\/\/glownaturalliving.com\/de\/wp-json\/wp\/v2\/product\/220579","targetHints":{"allow":["GET"]}}],"collection":[{"href":"https:\/\/glownaturalliving.com\/de\/wp-json\/wp\/v2\/product"}],"about":[{"href":"https:\/\/glownaturalliving.com\/de\/wp-json\/wp\/v2\/types\/product"}],"replies":[{"embeddable":true,"href":"https:\/\/glownaturalliving.com\/de\/wp-json\/wp\/v2\/comments?post=220579"}],"wp:featuredmedia":[{"embeddable":true,"href":"https:\/\/glownaturalliving.com\/de\/wp-json\/wp\/v2\/media\/220589"}],"wp:attachment":[{"href":"https:\/\/glownaturalliving.com\/de\/wp-json\/wp\/v2\/media?parent=220579"}],"wp:term":[{"taxonomy":"product_cat","embeddable":true,"href":"https:\/\/glownaturalliving.com\/de\/wp-json\/wp\/v2\/product_cat?post=220579"},{"taxonomy":"product_tag","embeddable":true,"href":"https:\/\/glownaturalliving.com\/de\/wp-json\/wp\/v2\/product_tag?post=220579"},{"taxonomy":"berocket_brand","embeddable":true,"href":"https:\/\/glownaturalliving.com\/de\/wp-json\/wp\/v2\/berocket_brand?post=220579"}],"curies":[{"name":"wp","href":"https:\/\/api.w.org\/{rel}","templated":true}]}}