{"id":220642,"date":"2024-06-13T13:47:32","date_gmt":"2024-06-13T12:47:32","guid":{"rendered":"https:\/\/glownaturalliving.com\/winkel\/unkategorisiert\/compostella-4-in-1-kuchenfolie-und-pergamentpapier-8m-x-38cm\/"},"modified":"2025-08-21T06:06:02","modified_gmt":"2025-08-21T05:06:02","slug":"compostella-4-in-1-kuchenfolie-und-pergamentpapier-8m-x-38cm","status":"publish","type":"product","link":"https:\/\/glownaturalliving.com\/de\/winkel\/wohnen-de\/essen-trinken\/compostella-4-in-1-kuchenfolie-und-pergamentpapier-8m-x-38cm\/","title":{"rendered":"Compostela \u2013 4-in-1 K\u00fcchenfolie und Backpapier \u2013 8m x 38cm"},"content":{"rendered":"<h4>Compostela \u2013 4-in-1 K\u00fcchenfolie und Backpapier \u2013 8m x 38cm<\/h4>\n<p>1.  <strong>Kein Pergamentpapier mehr!<\/strong><br \/>\nBestreichen Sie das Papier mit etwas Margarine oder Butter, dann eignet es sich ideal als nat\u00fcrliche Alternative zu silikonbeschichtetem Backpapier. Einfach die gew\u00fcnschte Papierl\u00e4nge abrei\u00dfen und auf das Backblech legen (und gut reiben! Sonst kleben der Kuchen oder die Kekse). Das Papier ist hitzebest\u00e4ndig bis 220 Grad. Es ist auch kostenlos und nat\u00fcrlich vollst\u00e4ndig kompostierbar!<\/p>\n<p>2. <strong>Keine Abdeckfolie mehr!<\/strong><br \/>\nAngemachte Lebensmittel und Essensreste bleiben l\u00e4nger frisch und schmackhaft, wenn sie mit dem 4-in-1-Papier abgedeckt werden. Es funktioniert wie folgt: Rei\u00dfen Sie die gew\u00fcnschte Papierl\u00e4nge ab, halten Sie das Papier unter den Wasserhahn, befeuchten Sie es gut, wringen Sie das Wasser wieder aus und falten Sie es vorsichtig auf. Legen Sie dann das Papier um den Rand der Schale\/Sch\u00fcssel. Das Papier klebt am Rand und sch\u00fctzt den Inhalt vor dem Austrocknen!<\/p>\n<p>3. <strong>Schluss mit Alufolie!<\/strong><br \/>\nDas 4-in-1-Pergamentpapier kann nun f\u00fcr fast alles verwendet werden, wo fr\u00fcher Alufolie verwendet wurde. Zum Beispiel k\u00f6nnen Ofenkartoffeln ohne Alufolie im Ofen gegart werden. Einfach das gew\u00fcnschte St\u00fcck Papier abrei\u00dfen, unter den Wasserhahn halten, gut befeuchten, das Wasser wieder auswringen, die Kartoffeln in das feuchte Papier einwickeln, in den Ofen schieben \u2013 fertig! Auch f\u00fcr Fisch, Fleisch und Gem\u00fcse geeignet.<\/p>\n<p>4. <strong>Keine Schrumpffolie mehr!<\/strong><br \/>\nFetthaltige Lebensmittel wie Wurst, K\u00e4se, ger\u00e4ucherter Fisch usw. bleiben l\u00e4nger frisch, wenn sie in COMPOSTELA 1 f\u00fcr 4 Papier verpackt sind. Dank eines speziellen Herstellungsverfahrens ist dieses naturreine Papier sowohl atmungsaktiv als auch fettfrei. Dadurch ist das Ausgie\u00dfen der verpackten Lebensmittel praktisch unm\u00f6glich. Das Papier ist zudem geschmacks- und geruchlos, d.h. es hat keinen Eigengeruch, der auf die darin enthaltenen Lebensmittel \u00fcbertragen werden kann. Garantiert frei von Recyclingpapier.<\/p>\n<div><b>Material = Papier<br \/>\n<\/b><\/div>\n<div>100% ungebleichte Zellulose aus europ\u00e4ischem Durchforstungsholz, FSC- und PEFC-zertifiziert.<\/div>\n<div>Chlor- und s\u00e4urefrei, frei von chemischen Zus\u00e4tzen, silikonfrei, fettfrei und hitzebest\u00e4ndig bis 220\u00b0 C. Lebensmittelecht, atmungsaktiv, v\u00f6llig nat\u00fcrlich, ohne Beschichtung, ohne Impr\u00e4gnierung, ohne Lack.<\/div>\n<div>Zudem ist die seidenmatt gl\u00e4nzende Oberfl\u00e4che nicht das Ergebnis einer F\u00e4rbung oder Impr\u00e4gnierung \u2013 sie wird w\u00e4hrend des Pressvorgangs durch hei\u00dfe Stahlwalzen (Kalandrieren), also rein mechanisch, hergestellt.<\/div>\n<div>Brennbar! Nicht in eine offene Flamme werfen!<\/div>\n<div><strong>Vorteile<\/strong><\/div>\n<div>In 4-in-1-Papier<strong> <\/strong>verpackte Lebensmittel schimmeln fast nie, da das Papier atmungsaktiv ist und einen st\u00e4ndigen Luft- und Feuchtigkeitsaustausch erm\u00f6glicht.<\/div>\n<div><\/div>\n<div>Das Besondere an dem Papier ist, dass es als \u00f6kologische Alternative zu Frischhaltefolie verwendet werden kann. Zum Beispiel bleiben ge\u00f6ffnete Lebensmittel und Essensreste l\u00e4nger frisch und schmackhaft, wenn sie mit Compostela-Haushaltspapier abgedeckt werden.<\/div>\n<div>\n<p>Auch Alufolie kann durch das Haushaltspapier ersetzt werden, um Rohstoffe zu sparen.<\/p>\n<p>Da das Papier fett- und hitzebest\u00e4ndig ist, kann es auch als Pergamentpapier verwendet werden.<\/p>\n<\/div>\n<p><strong>Dimensionen<br \/>\n<\/strong><\/p>\n<div>\n<div>Haushaltsrolle von 8 m, Breite: 38 cm<\/div>\n<\/div>\n<div><\/div>\n<div>\n<div><strong>Kompostierbarkeit<br \/>\n<\/strong><\/div>\n<div>100% kompostierbar: reines Naturmaterial, kann nach Gebrauch in den gr\u00fcnen M\u00fclleimer gegeben werden.<\/div>\n<\/div>\n","protected":false},"excerpt":{"rendered":"<p>Die nachhaltige Alternative zur Frischhaltefolie.<\/p>\n<div><\/div>\n","protected":false},"featured_media":220651,"comment_status":"open","ping_status":"closed","template":"","meta":{"_acf_changed":false},"product_cat":[4604,9384,8509],"product_tag":[],"berocket_brand":[],"class_list":["post-220642","product","type-product","status-publish","has-post-thumbnail","hentry","product_cat-neu","product_cat-wohnen-de","product_cat-essen-trinken","product_shipping_class-pakket-de"],"acf":[],"aioseo_notices":[],"_links":{"self":[{"href":"https:\/\/glownaturalliving.com\/de\/wp-json\/wp\/v2\/product\/220642","targetHints":{"allow":["GET"]}}],"collection":[{"href":"https:\/\/glownaturalliving.com\/de\/wp-json\/wp\/v2\/product"}],"about":[{"href":"https:\/\/glownaturalliving.com\/de\/wp-json\/wp\/v2\/types\/product"}],"replies":[{"embeddable":true,"href":"https:\/\/glownaturalliving.com\/de\/wp-json\/wp\/v2\/comments?post=220642"}],"wp:featuredmedia":[{"embeddable":true,"href":"https:\/\/glownaturalliving.com\/de\/wp-json\/wp\/v2\/media\/220651"}],"wp:attachment":[{"href":"https:\/\/glownaturalliving.com\/de\/wp-json\/wp\/v2\/media?parent=220642"}],"wp:term":[{"taxonomy":"product_cat","embeddable":true,"href":"https:\/\/glownaturalliving.com\/de\/wp-json\/wp\/v2\/product_cat?post=220642"},{"taxonomy":"product_tag","embeddable":true,"href":"https:\/\/glownaturalliving.com\/de\/wp-json\/wp\/v2\/product_tag?post=220642"},{"taxonomy":"berocket_brand","embeddable":true,"href":"https:\/\/glownaturalliving.com\/de\/wp-json\/wp\/v2\/berocket_brand?post=220642"}],"curies":[{"name":"wp","href":"https:\/\/api.w.org\/{rel}","templated":true}]}}