{"id":220668,"date":"2024-06-13T19:14:41","date_gmt":"2024-06-13T18:14:41","guid":{"rendered":"https:\/\/glownaturalliving.com\/winkel\/unkategorisiert\/wenn-es-dich-kummere-snack-sandwich-tuten-fsc-ungebleichtes-papier\/"},"modified":"2025-08-06T04:51:06","modified_gmt":"2025-08-06T03:51:06","slug":"wenn-es-dich-kummere-snack-sandwich-tuten-fsc-ungebleichtes-papier","status":"publish","type":"product","link":"https:\/\/glownaturalliving.com\/de\/winkel\/wohnen-de\/essen-trinken\/wenn-es-dich-kummere-snack-sandwich-tuten-fsc-ungebleichtes-papier\/","title":{"rendered":"If You Care \u2013 Snack- und Sandwichbeutel \u2013 FSC ungebleichtes Papier"},"content":{"rendered":"<h4>If You Care \u2013 Snack- und Sandwichbeutel \u2013 FSC ungebleichtes Papier \u2013 48 Stk. \u2013 19x16x5,7cm<\/h4>\n<p>Snack- und Sandwicht\u00fcten aus Papier. If You Care Snack- und Sandwichbeutel werden in Schweden aus ungebleichtem Zellstoff von skandinavischen Fichten \u2013 einer nat\u00fcrlichen, nachwachsenden Ressource \u2013 hergestellt und sind fettfrei, bieten eine nat\u00fcrliche Barriere und sind ideal f\u00fcr N\u00fcsse, Chips, Kekse und Butter, Mayonnaise oder \u00d6lsandwiches.<\/p>\n<p>Die Beutel sind auch f\u00fcr die Verwendung in der Mikrowelle geeignet. Wenn You Care Sandwich Bags nicht beschichtet sind, werden sie nicht mit Paraffinwachs auf Erd\u00f6lbasis, Soja oder einer anderen Art von Wachs behandelt.<\/p>\n<p>Wie alle Papierprodukte von If You Care sind auch diese Snack- und Sandwichbeutel v\u00f6llig chlorfrei, sodass kein Chlor oder Chlorderivate in unsere Seen, Fl\u00fcsse und B\u00e4che gelangen.<\/p>\n<ul>\n<li>Die Verpackung kann variieren.<\/li>\n<li>Minimaler Abfall<\/li>\n<li>Tinten, pflanzlich, zum Bedrucken<\/li>\n<li>Ungiftiger Kleber<\/li>\n<li>Ungebleichte Verpackungen aus recyceltem Karton<\/li>\n<li>Bessere Abschirmung der Produkte als Wachspapier<\/li>\n<li>Ersetzt erd\u00f6lbasierte Plastik-Sandwichbeutel<\/li>\n<li>Geeignet f\u00fcr Vegetarier und Veganer<\/li>\n<li>Mikrowellengeeignet<\/li>\n<li>Glutenfrei<\/li>\n<li>Allergenfrei<\/li>\n<\/ul>\n<div id=\"product-description\">\n<p class=\"header-product-details\"><strong>Umweltinformationen zu Snack &amp; Sandwich Bags  <\/strong><\/p>\n<p>If You Care ist eine Marke, die eine Reihe umweltfreundlicher Haushaltsprodukte herstellt, darunter Sandwichbeutel. If You Care verwendet nachhaltige und erneuerbare Materialien in seinen Produkten, wie ungebleichtes Papier aus FSC-zertifizierten W\u00e4ldern und nat\u00fcrliches, ungestrichenes und chlorfreies Papier.<\/p>\n<p>Dies unterscheidet sie von anderen Marken von Sandwichbeuteln, die m\u00f6glicherweise umweltsch\u00e4dliche oder nicht biologisch abbaubare Materialien verwenden. If You Care-Sandwichbeutel sind auch in privaten und industriellen Kompostieranlagen als kompostierbar zertifiziert, was ihr Engagement f\u00fcr Nachhaltigkeit weiter unterstreicht.<\/p><\/div>\n<div><\/div>\n","protected":false},"excerpt":{"rendered":"<p>Hergestellt in Schweden aus ungebleichtem Fruchtfleisch skandinavischer Fichten \u2013 einer nat\u00fcrlichen, nachwachsenden Ressource \u2013 sind sie fettfrei, bieten eine nat\u00fcrliche Barriere und sind ideal f\u00fcr N\u00fcsse, Chips, Kekse und Sandwiches mit Butter, Mayonnaise oder \u00d6l.<\/p>\n","protected":false},"featured_media":220667,"comment_status":"open","ping_status":"closed","template":"","meta":{"_acf_changed":false},"product_cat":[4604,9384,8509],"product_tag":[],"berocket_brand":[],"class_list":["post-220668","product","type-product","status-publish","has-post-thumbnail","hentry","product_cat-neu","product_cat-wohnen-de","product_cat-essen-trinken","product_shipping_class-pakket-de"],"acf":[],"aioseo_notices":[],"_links":{"self":[{"href":"https:\/\/glownaturalliving.com\/de\/wp-json\/wp\/v2\/product\/220668","targetHints":{"allow":["GET"]}}],"collection":[{"href":"https:\/\/glownaturalliving.com\/de\/wp-json\/wp\/v2\/product"}],"about":[{"href":"https:\/\/glownaturalliving.com\/de\/wp-json\/wp\/v2\/types\/product"}],"replies":[{"embeddable":true,"href":"https:\/\/glownaturalliving.com\/de\/wp-json\/wp\/v2\/comments?post=220668"}],"wp:featuredmedia":[{"embeddable":true,"href":"https:\/\/glownaturalliving.com\/de\/wp-json\/wp\/v2\/media\/220667"}],"wp:attachment":[{"href":"https:\/\/glownaturalliving.com\/de\/wp-json\/wp\/v2\/media?parent=220668"}],"wp:term":[{"taxonomy":"product_cat","embeddable":true,"href":"https:\/\/glownaturalliving.com\/de\/wp-json\/wp\/v2\/product_cat?post=220668"},{"taxonomy":"product_tag","embeddable":true,"href":"https:\/\/glownaturalliving.com\/de\/wp-json\/wp\/v2\/product_tag?post=220668"},{"taxonomy":"berocket_brand","embeddable":true,"href":"https:\/\/glownaturalliving.com\/de\/wp-json\/wp\/v2\/berocket_brand?post=220668"}],"curies":[{"name":"wp","href":"https:\/\/api.w.org\/{rel}","templated":true}]}}