{"id":220678,"date":"2024-06-18T13:01:44","date_gmt":"2024-06-18T12:01:44","guid":{"rendered":"https:\/\/glownaturalliving.com\/?post_type=product&#038;p=220678"},"modified":"2024-11-13T11:31:24","modified_gmt":"2024-11-13T10:31:24","slug":"oko-spulmaschinentabs-25er-pack","status":"publish","type":"product","link":"https:\/\/glownaturalliving.com\/de\/winkel\/wohnen-de\/reinigen\/oko-spulmaschinentabs-25er-pack\/","title":{"rendered":"\u00d6ko Sp\u00fclmaschinentabs \u2013 25 St\u00fcck"},"content":{"rendered":"<h4>\u00d6ko Sp\u00fclmaschinentabs \u2013 25 St\u00fcck<\/h4>\n<div>\u00d6kologisch verantwortungsvolle Sp\u00fclmaschinentabs ohne unn\u00f6tige Chemie. AlmaWin Sp\u00fclmaschinentabs sind 100% nat\u00fcrlich und vegan. Bestehend aus nat\u00fcrlichen, hautfreundlichen Inhaltsstoffen pflanzlichen Ursprungs. Gut f\u00fcr die Natur und unbedenklich f\u00fcr Sie und Ihre Familie!\n<\/div>\n<ul>\n<li>Frei von Phosphat, Chlor und GVO<\/li>\n<li>Enth\u00e4rtet das Wasser<\/li>\n<li>Verhindert Kalkablagerungen auf dem Geschirr<\/li>\n<li>Milde, umweltfreundliche Sauerstoffbleiche hilft, Speisereste abzubauen<\/li>\n<li>Parf\u00fcmiert mit Bio-Zitronen\u00f6l<\/li>\n<li>Protease (ein nat\u00fcrliches Enzym) entfernt hartn\u00e4ckige Speisereste<\/li>\n<li>Nicht an Tieren getestet<\/li>\n<li>ECOcert zertifiziert<\/li>\n<li>FSC-zertifizierte Verpackung<\/li>\n<\/ul>\n<div><\/div>\n<div><strong>Zutaten<\/strong><\/div>\n<div>&gt;=15% &lt;30% sauerstoffhaltige Bleichmittel, &lt;5% nichtionische Tenside (pflanzliche Zuckertenside), Enzyme (Protease, Amylase gentechnikfrei), Duftstoffe, Limonen, Zitrone. Weitere Inhaltsstoffe: Natriumcitrat, Natriumcarbonat, TAED (Bleichaktivator), Natriumpolyaspartat, Wasser, Sorbit, Natriumhydrogencarbonat, Natriumsilikat, Bentonit, Pflanzen\u00f6l, Natriumsalz der Bernsteins\u00e4ure. 91,0% der Inhaltsstoffe sind nat\u00fcrlichen Ursprungs.<\/div>\n<div><\/div>\n<div><\/div>\n","protected":false},"excerpt":{"rendered":"<p>\u00d6kologisch verantwortungsvolle Sp\u00fclmaschinentabs ohne unn\u00f6tige Chemie. 100% nat\u00fcrlich und vegan. Bestehend aus nat\u00fcrlichen, hautfreundlichen Inhaltsstoffen pflanzlichen Ursprungs. Gut f\u00fcr die Natur und unbedenklich f\u00fcr Sie und Ihre Familie!<\/p>\n","protected":false},"featured_media":220682,"comment_status":"open","ping_status":"closed","template":"","meta":{"_acf_changed":false},"product_cat":[9713,4604,9384],"product_tag":[],"berocket_brand":[],"class_list":["post-220678","product","type-product","status-publish","has-post-thumbnail","hentry","product_cat-reinigen","product_cat-neu","product_cat-wohnen-de","product_shipping_class-pakket-de"],"acf":[],"aioseo_notices":[],"_links":{"self":[{"href":"https:\/\/glownaturalliving.com\/de\/wp-json\/wp\/v2\/product\/220678","targetHints":{"allow":["GET"]}}],"collection":[{"href":"https:\/\/glownaturalliving.com\/de\/wp-json\/wp\/v2\/product"}],"about":[{"href":"https:\/\/glownaturalliving.com\/de\/wp-json\/wp\/v2\/types\/product"}],"replies":[{"embeddable":true,"href":"https:\/\/glownaturalliving.com\/de\/wp-json\/wp\/v2\/comments?post=220678"}],"wp:featuredmedia":[{"embeddable":true,"href":"https:\/\/glownaturalliving.com\/de\/wp-json\/wp\/v2\/media\/220682"}],"wp:attachment":[{"href":"https:\/\/glownaturalliving.com\/de\/wp-json\/wp\/v2\/media?parent=220678"}],"wp:term":[{"taxonomy":"product_cat","embeddable":true,"href":"https:\/\/glownaturalliving.com\/de\/wp-json\/wp\/v2\/product_cat?post=220678"},{"taxonomy":"product_tag","embeddable":true,"href":"https:\/\/glownaturalliving.com\/de\/wp-json\/wp\/v2\/product_tag?post=220678"},{"taxonomy":"berocket_brand","embeddable":true,"href":"https:\/\/glownaturalliving.com\/de\/wp-json\/wp\/v2\/berocket_brand?post=220678"}],"curies":[{"name":"wp","href":"https:\/\/api.w.org\/{rel}","templated":true}]}}