{"id":220700,"date":"2024-06-21T10:59:56","date_gmt":"2024-06-21T09:59:56","guid":{"rendered":"https:\/\/glownaturalliving.com\/?post_type=product&#038;p=220700"},"modified":"2025-03-01T11:43:36","modified_gmt":"2025-03-01T10:43:36","slug":"rosmarin-wasser-bio-300ml","status":"publish","type":"product","link":"https:\/\/glownaturalliving.com\/de\/winkel\/pflege\/pflege-produkte\/rosmarin-wasser-bio-300ml\/","title":{"rendered":"Rosmarinwasser Bio (300ml)"},"content":{"rendered":"<div>\n<h4>Rosmarinwasser Bio (300ml)<\/h4>\n<ul>\n<li>Entz\u00fcndungshemmend durch das Vorhandensein von Carnosol<\/li>\n<li>Unterst\u00fctzend bei Haarwuchsproblemen<\/li>\n<li>Vollgepackt mit nat\u00fcrlichen Antioxidantien<\/li>\n<li>Pur als Gesichts- und K\u00f6rperspray verwenden<\/li>\n<li>F\u00fcr alle Hauttypen geeignet<\/li>\n<\/ul>\n<p data-guid=\"2c1ee32a-5c05-48d4-8261-7febf6e9a0a3\" data-pm-slice=\"1 1 []\">Das erfrischende Rosmarinwasser wird durch Wasserdampfdestillation der getrockneten Bl\u00e4tter der Rosmarinpflanze hergestellt. Als Spray zur Stimulierung des Haarwachstums oder als Gesichts- und K\u00f6rperspray verwenden.<\/p>\n<\/div>\n<div>\n<h4 data-pm-slice=\"1 1 []\">Was ist Rosmarinwasser?<\/h4>\n<p data-guid=\"6b69ca38-024e-499c-95e6-d5c840e56e77\">Rosmarinwasser ist ein Hydrolat, das aus dem Laub des Rosmarinus officinalis gewonnen wird. Dieses erfrischende Wasser wird durch Wasserdampfdestillation der getrockneten Bl\u00e4tter der Rosmarinpflanze gewonnen. Rosmarinus Officinalis ist eine mehrj\u00e4hrige krautige Pflanze und stammt aus dem Mittelmeerraum. Neben seinen antibakteriellen, entz\u00fcndungshemmenden und beruhigenden Eigenschaften auf der Haut stimuliert Rosmarinwasser auch das Haarwachstum. Es ist ein super sch\u00f6nes Produkt f\u00fcr Ihre Haut und Ihr Haar.<\/p>\n<h4>Vorteile von Rosmarinwasser<\/h4>\n<p data-guid=\"73e84ee7-c60f-4c6a-8d7c-c2b42db2eecd\"><strong>Gegen Hautalterung<\/strong><\/p>\n<p data-guid=\"6d7dec1f-f726-4f7a-a0f7-6f1bbfcf971e\">Rosmarinwasser ist reich an Flavonoiden und Phenols\u00e4uren. Es mag logisch klingen, aber Rosmarins\u00e4ure ist die aktivste Substanz in diesem Hydrolat. Rosmarins\u00e4ure ist ein sehr starkes Antioxidans, das in seiner reinen Form in der Lage ist, andere \u00d6le vor Oxidation zu sch\u00fctzen. In diesem Hydrolat tr\u00e4gt Rosmarins\u00e4ure dazu bei, die Haut vor freien Radikalen zu sch\u00fctzen. Antioxidantien neutralisieren freie Radikale und beugen so der Hautalterung vor. Rosmarinwasser ist daher hervorragend f\u00fcr reife Haut geeignet.<\/p>\n<p data-guid=\"9009ebd2-19d4-49be-b629-105bc6577085\"><strong>Stimuliert das Haarwachstum<\/strong><\/p>\n<p data-guid=\"895ef026-cb90-479b-a129-eb39a10a1c02\">In der Wissenschaft wird Rosmarin mit der Stimulierung des Haarwachstums in Verbindung gebracht. Nicht nur das, sondern es w\u00fcrde auch Haarausfall verhindern und das Haar st\u00e4rker und straffer machen.<\/p>\n<p data-guid=\"db673b36-d00e-42d5-8a55-ce456118b078\"><strong>Beruhigt die Haut<\/strong><\/p>\n<p data-guid=\"f12e6033-2955-43ea-93cb-401e1edff6dd\">Rosmarinwasser beruhigt die Haut und kann daher bei empfindlicher Haut angewendet werden<\/p>\n<h4>Wie verwendet man Rosmarinwasser?<\/h4>\n<p data-guid=\"e1ec6af2-f2b9-4fda-932a-ddc0c5dbfe57\"><strong>K\u00f6rper- und Gesichtsspray<\/strong><\/p>\n<p data-guid=\"2d1a064a-4739-4987-a7bf-eb1f65ce777c\">Verwenden Sie Rosmarinwasser als erfrischendes K\u00f6rper- und Gesichtsspray. Es beruhigt die Haut und der Duft von Rosmarin l\u00e4sst Sie wieder klar denken.<\/p>\n<p data-guid=\"7f34b218-65ac-45f7-acf7-0d0c6d262754\"><strong>Haarlotion\/Shampoo<\/strong><\/p>\n<p data-guid=\"a647ab77-e777-495d-97fe-d140fbc51f6a\">Rosmarinwasser auf die Kopfhaut spr\u00fchen und einmassieren. Rosmarinwasser verbessert die Durchblutung Ihrer Kopfhaut. Es wird in der Lage sein, mehr N\u00e4hrstoffe aufzunehmen. Dadurch wird Ihre DIY-Haarmaske noch saugf\u00e4higer und effektiver. Und wenn Sie gewinnen, werden Ihre Haare auch super gut riechen!<\/p>\n<p data-guid=\"ffd5f9b5-037d-439e-bb94-669f714d1a09\"><strong>St\u00e4rkungsmittel<\/strong><\/p>\n<p data-guid=\"076063b7-6b06-4e3d-9055-26e09a46cfb8\">Verwenden Sie nach der Reinigung Ihrer Haut Rosmarinwasser als Tonikum, um die Haut auszugleichen. Ein wenig auf ein Wattepad auftragen und die Haut einklopfen oder direkt auf das Gesicht spr\u00fchen.<\/p>\n<p data-guid=\"7cad1fa3-d936-48ca-a80c-6676c3610dc7\">\n<h2>Was ist das Besondere an Rosmarinwasser?<\/h2>\n<p data-guid=\"9645351e-b345-4934-8416-5308759a9fae\">Normalerweise wird der Duft, den Sie riechen, in den Bl\u00fcten freigesetzt. Bei Rosmarin ist das etwas anders, denn es sind die Bl\u00e4tter, die so wunderbar duften.<\/p>\n<\/div>\n<div><\/div>\n","protected":false},"excerpt":{"rendered":"<p id=\"isPasted\">Verwenden Sie Rosmarinwasser als Spray zur Stimulierung des Haarwachstums oder als Gesichts- und K\u00f6rperspray.<\/p>\n<div><\/div>\n","protected":false},"featured_media":220708,"comment_status":"open","ping_status":"closed","template":"","meta":{"_acf_changed":false},"product_cat":[4604,8687,9290],"product_tag":[],"berocket_brand":[9683],"class_list":["post-220700","product","type-product","status-publish","has-post-thumbnail","hentry","product_cat-neu","product_cat-pflege","product_cat-pflege-produkte","product_shipping_class-pakket-de","berocket_brand-natural-heroes"],"acf":[],"aioseo_notices":[],"_links":{"self":[{"href":"https:\/\/glownaturalliving.com\/de\/wp-json\/wp\/v2\/product\/220700","targetHints":{"allow":["GET"]}}],"collection":[{"href":"https:\/\/glownaturalliving.com\/de\/wp-json\/wp\/v2\/product"}],"about":[{"href":"https:\/\/glownaturalliving.com\/de\/wp-json\/wp\/v2\/types\/product"}],"replies":[{"embeddable":true,"href":"https:\/\/glownaturalliving.com\/de\/wp-json\/wp\/v2\/comments?post=220700"}],"wp:featuredmedia":[{"embeddable":true,"href":"https:\/\/glownaturalliving.com\/de\/wp-json\/wp\/v2\/media\/220708"}],"wp:attachment":[{"href":"https:\/\/glownaturalliving.com\/de\/wp-json\/wp\/v2\/media?parent=220700"}],"wp:term":[{"taxonomy":"product_cat","embeddable":true,"href":"https:\/\/glownaturalliving.com\/de\/wp-json\/wp\/v2\/product_cat?post=220700"},{"taxonomy":"product_tag","embeddable":true,"href":"https:\/\/glownaturalliving.com\/de\/wp-json\/wp\/v2\/product_tag?post=220700"},{"taxonomy":"berocket_brand","embeddable":true,"href":"https:\/\/glownaturalliving.com\/de\/wp-json\/wp\/v2\/berocket_brand?post=220700"}],"curies":[{"name":"wp","href":"https:\/\/api.w.org\/{rel}","templated":true}]}}