{"id":220757,"date":"2024-06-27T11:51:07","date_gmt":"2024-06-27T10:51:07","guid":{"rendered":"https:\/\/glownaturalliving.com\/?post_type=product&#038;p=220757"},"modified":"2025-02-17T18:51:54","modified_gmt":"2025-02-17T17:51:54","slug":"ol-fur-die-kopfhaut-rosmarin-und-biotin","status":"publish","type":"product","link":"https:\/\/glownaturalliving.com\/de\/winkel\/pflege\/pflege-produkte\/ol-fur-die-kopfhaut-rosmarin-und-biotin\/","title":{"rendered":"\u00d6l f\u00fcr die Kopfhaut | Rosmarin und Biotin"},"content":{"rendered":"<p>\u00d6l f\u00fcr die Kopfhaut | Rosmarin und Biotin<\/p>\n<p>100% Pflanzen\u00f6l mit Rosmarinextrakt und Biotin Unterst\u00fctzt die Gesundheit der Kopfhaut und die Haarst\u00e4rke von der Wurzel bis zur Spitze. Eine antioxidantienreiche Mischung aus Argan-, Jojoba- und Rizinus\u00f6l, um Ihr Haar und Ihre Kopfhaut zu n\u00e4hren. Wirkt bei allen Haartypen, um Ablagerungen zu l\u00f6sen und die Kopfhaut zu n\u00e4hren. Der Lavendelduft l\u00e4dt Sie ein, sich zu entspannen und einen Spa-Moment zu Hause zu genie\u00dfen.<\/p>\n<p>Die Flasche besteht zu 100% aus recycelbarem Aluminium. Dropper wird aus recyceltem Kunststoff hergestellt.<\/p>\n<p>Anwendung: Vor dem Shampoo die gew\u00fcnschte Menge \u00d6l auftragen und auf die Kopfhaut einmassieren Vor dem Waschen mindestens 10 Minuten einwirken lassen.<\/p>\n<p>*Nat\u00fcrlicher Duft aus Pflanzen<\/p>\n<p>Frei von Parabenen, Phthalaten, Silikonen, Sulfaten und k\u00fcnstlichen Duftstoffen<\/p>\n<p>Duft Lavendel<\/p>\n<p>Leaping Bunny zertifiziert!<\/p>\n","protected":false},"excerpt":{"rendered":"<p>100% Pflanzen\u00f6l mit Rosmarinextrakt und Biotin Unterst\u00fctzt die Gesundheit der Kopfhaut und die Haarst\u00e4rke von der Wurzel bis zur Spitze.<\/p>\n","protected":false},"featured_media":220761,"comment_status":"open","ping_status":"closed","template":"","meta":{"_acf_changed":false},"product_cat":[4604,8687,9290],"product_tag":[],"berocket_brand":[10020],"class_list":["post-220757","product","type-product","status-publish","has-post-thumbnail","hentry","product_cat-neu","product_cat-pflege","product_cat-pflege-produkte","product_shipping_class-pakket-de","berocket_brand-kitsch-de"],"acf":[],"aioseo_notices":[],"_links":{"self":[{"href":"https:\/\/glownaturalliving.com\/de\/wp-json\/wp\/v2\/product\/220757","targetHints":{"allow":["GET"]}}],"collection":[{"href":"https:\/\/glownaturalliving.com\/de\/wp-json\/wp\/v2\/product"}],"about":[{"href":"https:\/\/glownaturalliving.com\/de\/wp-json\/wp\/v2\/types\/product"}],"replies":[{"embeddable":true,"href":"https:\/\/glownaturalliving.com\/de\/wp-json\/wp\/v2\/comments?post=220757"}],"wp:featuredmedia":[{"embeddable":true,"href":"https:\/\/glownaturalliving.com\/de\/wp-json\/wp\/v2\/media\/220761"}],"wp:attachment":[{"href":"https:\/\/glownaturalliving.com\/de\/wp-json\/wp\/v2\/media?parent=220757"}],"wp:term":[{"taxonomy":"product_cat","embeddable":true,"href":"https:\/\/glownaturalliving.com\/de\/wp-json\/wp\/v2\/product_cat?post=220757"},{"taxonomy":"product_tag","embeddable":true,"href":"https:\/\/glownaturalliving.com\/de\/wp-json\/wp\/v2\/product_tag?post=220757"},{"taxonomy":"berocket_brand","embeddable":true,"href":"https:\/\/glownaturalliving.com\/de\/wp-json\/wp\/v2\/berocket_brand?post=220757"}],"curies":[{"name":"wp","href":"https:\/\/api.w.org\/{rel}","templated":true}]}}