{"id":220785,"date":"2024-06-27T12:07:45","date_gmt":"2024-06-27T11:07:45","guid":{"rendered":"https:\/\/glownaturalliving.com\/?post_type=product&#038;p=220785"},"modified":"2024-11-13T11:31:09","modified_gmt":"2024-11-13T10:31:09","slug":"shampoo-bar-reisekoffer-recycelter-kunststoff","status":"publish","type":"product","link":"https:\/\/glownaturalliving.com\/de\/winkel\/pflege\/pflege-produkte\/shampoo-bar-reisekoffer-recycelter-kunststoff\/","title":{"rendered":"Shampoo Bar Reiseetui \u2013 Recycelter Kunststoff"},"content":{"rendered":"<h4 class=\"sc-ccad7eb4-0 kYucWs\" data-test-id=\"product-name\">Shampoo Bar Reiseetui \u2013 Recycelter Kunststoff<\/h4>\n<p><span class=\"_1588d354 _1588d3518 _1588d3519 _1588d351j _1588d351r _1588d351u _1588d355 sc-9d339c51-3 huXjyt\" data-test-id=\"accordion-text\">Gehst du irgendwohin? Nehmen Sie Ihre Bottle Free Beauty-Routine mit! Dieser schicke und tragbare Reisekoffer wurde entwickelt, um mehrere Riegel aufzubewahren und sicherzustellen, dass sie trocken und sauber bleiben, egal wohin Sie gehen.  <\/span><\/p>\n<ul>\n<li><span class=\"_1588d354 _1588d3518 _1588d3519 _1588d351j _1588d351r _1588d351u _1588d355 sc-9d339c51-3 huXjyt\" data-test-id=\"accordion-text\">  Kompakter Reisebeutel f\u00fcr 2 Riegel (kompatibel mit Kitsch Solid Shampoo &amp; Solid Conditioner)  <\/span><\/li>\n<li><span class=\"_1588d354 _1588d3518 _1588d3519 _1588d351j _1588d351r _1588d351u _1588d355 sc-9d339c51-3 huXjyt\" data-test-id=\"accordion-text\">Schickes und funktionales Design mit abnehmbarem Silikonband f\u00fcr einen auslaufsicheren Verschluss \u2013  <\/span><\/li>\n<li><span class=\"_1588d354 _1588d3518 _1588d3519 _1588d351j _1588d351r _1588d351u _1588d355 sc-9d339c51-3 huXjyt\" data-test-id=\"accordion-text\">Verf\u00fcgt \u00fcber eine Trennwand f\u00fcr \u00fcbersichtliche Aufbewahrung  <\/span><\/li>\n<li><span class=\"_1588d354 _1588d3518 _1588d3519 _1588d351j _1588d351r _1588d351u _1588d355 sc-9d339c51-3 huXjyt\" data-test-id=\"accordion-text\">Das Design der unteren Rille hilft, Ihre Stangen trocken zu halten, damit sie l\u00e4nger halten  <\/span><\/li>\n<li><span class=\"_1588d354 _1588d3518 _1588d3519 _1588d351j _1588d351r _1588d351u _1588d355 sc-9d339c51-3 huXjyt\" data-test-id=\"accordion-text\">Umweltfreundlich; Hergestellt aus 100 % recyceltem Kunststoff<\/span><\/li>\n<\/ul>\n<div class=\"_16l1vmk2i _16l1vmk5 _16l1vmk1j _16l1vmk28\"><\/div>\n<div class=\"_7b0f147b _7b0f146m _7b0f146c\">\n<p>&nbsp;<\/p>\n<\/div>\n","protected":false},"excerpt":{"rendered":"<p><span class=\"_1588d354 _1588d3518 _1588d3519 _1588d351j _1588d351r _1588d351u _1588d355 sc-9d339c51-3 huXjyt\" data-test-id=\"accordion-text\">Gehst du irgendwohin? Nehmen Sie Ihre Bottle Free Beauty-Routine mit! Dieser schicke und tragbare Reisekoffer wurde entwickelt, um mehrere Riegel aufzubewahren und sicherzustellen, dass sie trocken und sauber bleiben, egal wohin Sie gehen.<\/span><\/p>\n","protected":false},"featured_media":220789,"comment_status":"open","ping_status":"closed","template":"","meta":{"_acf_changed":false},"product_cat":[4604,8687,9290],"product_tag":[],"berocket_brand":[10020],"class_list":["post-220785","product","type-product","status-publish","has-post-thumbnail","hentry","product_cat-neu","product_cat-pflege","product_cat-pflege-produkte","product_shipping_class-pakket-de","berocket_brand-kitsch-de"],"acf":[],"aioseo_notices":[],"_links":{"self":[{"href":"https:\/\/glownaturalliving.com\/de\/wp-json\/wp\/v2\/product\/220785","targetHints":{"allow":["GET"]}}],"collection":[{"href":"https:\/\/glownaturalliving.com\/de\/wp-json\/wp\/v2\/product"}],"about":[{"href":"https:\/\/glownaturalliving.com\/de\/wp-json\/wp\/v2\/types\/product"}],"replies":[{"embeddable":true,"href":"https:\/\/glownaturalliving.com\/de\/wp-json\/wp\/v2\/comments?post=220785"}],"wp:featuredmedia":[{"embeddable":true,"href":"https:\/\/glownaturalliving.com\/de\/wp-json\/wp\/v2\/media\/220789"}],"wp:attachment":[{"href":"https:\/\/glownaturalliving.com\/de\/wp-json\/wp\/v2\/media?parent=220785"}],"wp:term":[{"taxonomy":"product_cat","embeddable":true,"href":"https:\/\/glownaturalliving.com\/de\/wp-json\/wp\/v2\/product_cat?post=220785"},{"taxonomy":"product_tag","embeddable":true,"href":"https:\/\/glownaturalliving.com\/de\/wp-json\/wp\/v2\/product_tag?post=220785"},{"taxonomy":"berocket_brand","embeddable":true,"href":"https:\/\/glownaturalliving.com\/de\/wp-json\/wp\/v2\/berocket_brand?post=220785"}],"curies":[{"name":"wp","href":"https:\/\/api.w.org\/{rel}","templated":true}]}}