{"id":220839,"date":"2024-06-27T14:14:41","date_gmt":"2024-06-27T13:14:41","guid":{"rendered":"https:\/\/glownaturalliving.com\/?post_type=product&#038;p=220839"},"modified":"2025-07-05T09:34:38","modified_gmt":"2025-07-05T08:34:38","slug":"reis-wasser-protein-conditioner-riegel-fur-haarwuchs","status":"publish","type":"product","link":"https:\/\/glownaturalliving.com\/de\/winkel\/pflege\/pflege-produkte\/reis-wasser-protein-conditioner-riegel-fur-haarwuchs\/","title":{"rendered":"Reiswasser-Protein-Conditioner-Riegel f\u00fcr das Haarwachstum"},"content":{"rendered":"<h4 data-test-id=\"product-name\">Reiswasser-Protein-Conditioner-Riegel f\u00fcr das Haarwachstum<\/h4>\n<h4 class=\"sc-ccad7eb4-0 kYucWs\" data-test-id=\"product-name\">Conditioner Bar mit Reiswasser, um gesch\u00e4digte Haarfollikel zu reparieren und Spliss zu verhindern. Reisprotein erh\u00f6ht nachweislich das Haarvolumen nach 5 Haarw\u00e4schen um 20 %* N\u00e4hrt und f\u00f6rdert die allgemeine Haarl\u00e4nge und -dichte Erh\u00f6ht den Glanz von stumpfem, trockenem Haar<\/h4>\n<h4 class=\"sc-ccad7eb4-0 kYucWs\" data-test-id=\"product-name\">Frei von Parabenen, Phthalaten, Silikonen, Sulfaten und k\u00fcnstlichen Duftstoffen.<\/h4>\n<h4 class=\"sc-ccad7eb4-0 kYucWs\" data-test-id=\"product-name\">Sicher f\u00fcr coloriertes Haar.<\/h4>\n<h4 class=\"sc-ccad7eb4-0 kYucWs\" data-test-id=\"product-name\">Reduziert Einwegplastik: spart zwei Flaschen fl\u00fcssiges Shampoo\/Conditioner.<\/h4>\n<h4 class=\"sc-ccad7eb4-0 kYucWs\" data-test-id=\"product-name\">*Basierend auf einer TRI-K Rice Tein NPNF-Studie nach 5 W\u00e4schen<\/h4>\n<p>Zutaten: Cetearylalkohol, Behentrimoniumchlorid, Kokos\u00f6l (Kokosnuss), Helianthus Annuus (Sonnenblumen) Samen\u00f6l, Lauryllaurat, Guarhydroxypropyltrimoniumchlorid, hydrolysiertes Reisprotein, nat\u00fcrlicher Duft*<\/p>\n<h4 class=\"sc-ccad7eb4-0 kYucWs\" data-test-id=\"product-name\">*Nat\u00fcrlicher Duft aus Pflanzen. Duft: wei\u00dfer Tee und Mandarine<\/h4>\n<h4 class=\"sc-ccad7eb4-0 kYucWs\" data-test-id=\"product-name\">So erzielen Sie Ergebnisse in Salonqualit\u00e4t: Reiben Sie nach der Haarw\u00e4sche Ihre H\u00e4nde und verteilen Sie sie \u00fcber Ihr Haar oder &#8222;f\u00e4rben&#8220; Sie es von der L\u00e4nge bis zu den Spitzen.<\/h4>\n<div class=\"_7b0f147b _7b0f146m _7b0f146c\">\n<p>&nbsp;<\/p>\n<\/div>\n","protected":false},"excerpt":{"rendered":"<div class=\"_16l1vmk2i _16l1vmk5 _16l1vmk1j _16l1vmk28\">\n<h4 class=\"sc-ccad7eb4-0 kYucWs\" data-test-id=\"product-name\">Conditioner Bar mit Reiswasser, um gesch\u00e4digte Haarfollikel zu reparieren und Spliss zu verhindern.<\/h4>\n<\/div>\n","protected":false},"featured_media":220846,"comment_status":"open","ping_status":"closed","template":"","meta":{"_acf_changed":false},"product_cat":[4604,8687,9290],"product_tag":[],"berocket_brand":[10020],"class_list":["post-220839","product","type-product","status-publish","has-post-thumbnail","hentry","product_cat-neu","product_cat-pflege","product_cat-pflege-produkte","product_shipping_class-pakket-de","berocket_brand-kitsch-de"],"acf":[],"aioseo_notices":[],"_links":{"self":[{"href":"https:\/\/glownaturalliving.com\/de\/wp-json\/wp\/v2\/product\/220839","targetHints":{"allow":["GET"]}}],"collection":[{"href":"https:\/\/glownaturalliving.com\/de\/wp-json\/wp\/v2\/product"}],"about":[{"href":"https:\/\/glownaturalliving.com\/de\/wp-json\/wp\/v2\/types\/product"}],"replies":[{"embeddable":true,"href":"https:\/\/glownaturalliving.com\/de\/wp-json\/wp\/v2\/comments?post=220839"}],"wp:featuredmedia":[{"embeddable":true,"href":"https:\/\/glownaturalliving.com\/de\/wp-json\/wp\/v2\/media\/220846"}],"wp:attachment":[{"href":"https:\/\/glownaturalliving.com\/de\/wp-json\/wp\/v2\/media?parent=220839"}],"wp:term":[{"taxonomy":"product_cat","embeddable":true,"href":"https:\/\/glownaturalliving.com\/de\/wp-json\/wp\/v2\/product_cat?post=220839"},{"taxonomy":"product_tag","embeddable":true,"href":"https:\/\/glownaturalliving.com\/de\/wp-json\/wp\/v2\/product_tag?post=220839"},{"taxonomy":"berocket_brand","embeddable":true,"href":"https:\/\/glownaturalliving.com\/de\/wp-json\/wp\/v2\/berocket_brand?post=220839"}],"curies":[{"name":"wp","href":"https:\/\/api.w.org\/{rel}","templated":true}]}}