{"id":220854,"date":"2024-06-27T14:22:06","date_gmt":"2024-06-27T13:22:06","guid":{"rendered":"https:\/\/glownaturalliving.com\/?post_type=product&#038;p=220854"},"modified":"2025-06-03T09:39:17","modified_gmt":"2025-06-03T08:39:17","slug":"lila-toning-solide-shampoobar","status":"publish","type":"product","link":"https:\/\/glownaturalliving.com\/de\/winkel\/pflege\/pflege-produkte\/lila-toning-solide-shampoobar\/","title":{"rendered":"Lila Toning Festes Shampoo Bar"},"content":{"rendered":"<h4 class=\"sc-ccad7eb4-0 kYucWs\" data-test-id=\"product-name\">Lila Toning Festes Shampoo Bar<\/h4>\n<div class=\"_7b0f147b _7b0f146m _7b0f146c\">\n<p>Das weltweit erste feste lila silberne Shampoo Bar mit Biotin! Sicher f\u00fcr Blondinen, graues und wei\u00dfes Haar: gef\u00e4rbt, akzentuiert und nat\u00fcrlich. Neutralisiert unerw\u00fcnschte Messingt\u00f6ne und gelbe Untert\u00f6ne. Angereichert mit Biotin, um den Glanz zu steigern, Mattheit zu reduzieren und Ihr Haar zu st\u00e4rken Genie\u00dfen Sie glatteres, kr\u00e4ftigeres und lebendigeres blondes Haar nach nur einer Anwendung!<\/p>\n<p>Frei von Parabenen, Phthalaten, Silikonen, Sulfaten und k\u00fcnstlichen Duftstoffen.<\/p>\n<p>Reduziert Einwegplastik: spart zwei Flaschen fl\u00fcssiges Shampoo\/Conditioner.<\/p>\n<p>Zutaten: Natriumcocoylisethionat, Natriummethylcocoyltaurat, pflanzliches Glycerin, hydriertes Rizinus\u00f6l, Guarhydroxypropyltrimoniumchlorid, nat\u00fcrlicher Duftstoff*, Biotin (Vitamin B7), Veilchen Nr. 2 (CI 60730).<\/p>\n<p>Duft: Orangenbl\u00fcte &amp; Jasmin *Nat\u00fcrlicher Duft aus Pflanzen.<\/p>\n<p>Leaping Bunny zertifiziert!<\/p>\n<p>So erhalten Sie Ergebnisse in Salonqualit\u00e4t: Befeuchten Sie Ihr Haar; Reiben Sie den Riegel zwischen den H\u00e4nden, um einen reichhaltigen Schaum zu bilden, oder &#8222;malen&#8220; Sie direkt auf Ihre Kopfhaut. Mit den Fingerspitzen einmassieren, dann absp\u00fclen und nach Belieben wiederholen.<\/p>\n<\/div>\n","protected":false},"excerpt":{"rendered":"<div class=\"_16l1vmk2i _16l1vmk5 _16l1vmk1j _16l1vmk28\">\n<h4 class=\"sc-ccad7eb4-0 kYucWs\" data-test-id=\"product-name\">Das weltweit erste feste lila silberne Shampoo Bar mit Biotin! Sicher f\u00fcr Blondinen, graues und wei\u00dfes Haar: gef\u00e4rbt, akzentuiert und nat\u00fcrlich. Neutralisiert unerw\u00fcnschte Messingt\u00f6ne und gelbe Untert\u00f6ne.<\/h4>\n<\/div>\n","protected":false},"featured_media":220858,"comment_status":"open","ping_status":"closed","template":"","meta":{"_acf_changed":false},"product_cat":[4604,8687,9290],"product_tag":[],"berocket_brand":[10020],"class_list":["post-220854","product","type-product","status-publish","has-post-thumbnail","hentry","product_cat-neu","product_cat-pflege","product_cat-pflege-produkte","product_shipping_class-pakket-de","berocket_brand-kitsch-de"],"acf":[],"aioseo_notices":[],"_links":{"self":[{"href":"https:\/\/glownaturalliving.com\/de\/wp-json\/wp\/v2\/product\/220854","targetHints":{"allow":["GET"]}}],"collection":[{"href":"https:\/\/glownaturalliving.com\/de\/wp-json\/wp\/v2\/product"}],"about":[{"href":"https:\/\/glownaturalliving.com\/de\/wp-json\/wp\/v2\/types\/product"}],"replies":[{"embeddable":true,"href":"https:\/\/glownaturalliving.com\/de\/wp-json\/wp\/v2\/comments?post=220854"}],"wp:featuredmedia":[{"embeddable":true,"href":"https:\/\/glownaturalliving.com\/de\/wp-json\/wp\/v2\/media\/220858"}],"wp:attachment":[{"href":"https:\/\/glownaturalliving.com\/de\/wp-json\/wp\/v2\/media?parent=220854"}],"wp:term":[{"taxonomy":"product_cat","embeddable":true,"href":"https:\/\/glownaturalliving.com\/de\/wp-json\/wp\/v2\/product_cat?post=220854"},{"taxonomy":"product_tag","embeddable":true,"href":"https:\/\/glownaturalliving.com\/de\/wp-json\/wp\/v2\/product_tag?post=220854"},{"taxonomy":"berocket_brand","embeddable":true,"href":"https:\/\/glownaturalliving.com\/de\/wp-json\/wp\/v2\/berocket_brand?post=220854"}],"curies":[{"name":"wp","href":"https:\/\/api.w.org\/{rel}","templated":true}]}}