{"id":221012,"date":"2024-07-10T09:53:00","date_gmt":"2024-07-10T08:53:00","guid":{"rendered":"https:\/\/glownaturalliving.com\/winkel\/unkategorisiert\/naturbelassener-wc-reiniger-2\/"},"modified":"2025-03-11T08:58:54","modified_gmt":"2025-03-11T07:58:54","slug":"naturbelassener-wc-reiniger-2","status":"publish","type":"product","link":"https:\/\/glownaturalliving.com\/de\/winkel\/wohnen-de\/reinigen\/naturbelassener-wc-reiniger-2\/","title":{"rendered":"Nat\u00fcrlicher Toilettenreiniger"},"content":{"rendered":"<h4>Nat\u00fcrlicher Toilettenreiniger<\/h4>\n<p>Toiletten mit gutem Gewissen: Revolution der sicheren und nat\u00fcrlichen Toilettenreinigung.<\/p>\n<p>Suchen Sie nach einem Toilettenreiniger, der Kalkablagerungen bek\u00e4mpft, Flecken entfernt und gesundheitlich unbedenklich ist? Suchen Sie nicht weiter! Diese revolution\u00e4re Formel auf Gelbasis nutzt die Kraft der Natur f\u00fcr ein gutes Gewissen und eine gl\u00e4nzende Toilette.<br \/>\nDies ist kein durchschnittlicher Toilettenreiniger. Aggressive Chemikalien wurden durch sanfte, aber hochwirksame pflanzliche Inhaltsstoffe ersetzt, die f\u00fcr Kl\u00e4rgruben sicher sind.<\/p>\n<p>Pflanzliche Leistung f\u00fcr strahlende Sauberkeit!<\/p>\n<p>Nutzen Sie nur die Kraft der Natur, um Ihre Toilette effektiv zu reinigen.<br \/>\nDie Tenside auf pflanzlicher Basis entfernen Schmutz und Dreck, ohne die Umwelt zu sch\u00e4digen, was diesen Reiniger zur perfekten Wahl f\u00fcr umweltbewusste Haushalte und Menschen mit Allergien oder Empfindlichkeiten gegen\u00fcber aggressiven Chemikalien macht.<\/p>\n<p>Atmen Sie ruhig ein mit einer frischen, langanhaltenden Reinigung<\/p>\n<p>Vergessen Sie die aggressiven chemischen Ger\u00fcche und sch\u00e4dlichen Bleichmittel, die in herk\u00f6mmlichen Reinigungsprodukten enthalten sind. Der nat\u00fcrliche Zirben\u00f6lduft ersetzt sie durch einen k\u00f6stlichen, belebenden Duft, der Ihr Badezimmer erfrischt, ohne Ihre Sinne zu \u00fcberw\u00e4ltigen. Dar\u00fcber hinaus tr\u00e4gt jede Sp\u00fclung dank ihrer vollst\u00e4ndig biologisch abbaubaren Formel zu einem gr\u00fcneren Planeten bei.<\/p>\n<p>Erleben Sie den Unterschied: Nat\u00fcrliche Reinigung leicht gemacht<\/p>\n<p>Die Verwendung dieses nat\u00fcrlichen Gel-Toilettenreinigers ist einfach und effektiv. Tragen Sie das Gel einfach unter den Rand der Sch\u00fcssel auf, lassen Sie die Magie wirken und sp\u00fclen Sie es dann f\u00fcr eine strahlend saubere Toilette ab. Es ist sanft genug f\u00fcr den t\u00e4glichen Gebrauch in Kl\u00e4rgruben und stark genug, um selbst die hartn\u00e4ckigsten Flecken zu bek\u00e4mpfen, und das alles ohne den Einsatz von aggressiven Chemikalien oder Bleichmitteln.<\/p>\n<p>Langanhaltende Sauberkeit in einer praktischen Nachf\u00fcllung<\/p>\n<p>Dank der 3-Liter-Nachf\u00fcllung bleibt Ihre WC-Reinigerflasche l\u00e4nger voll, was den Abfall reduziert und Ihnen Geld spart. Die konzentrierte Formel, die f\u00fcr Kl\u00e4rgruben und hartes Wasser geeignet ist, sorgt f\u00fcr eine lang anhaltende Reinigung, sodass Sie die nat\u00fcrliche Kraft unseres Toilettenreinigers genie\u00dfen k\u00f6nnen.<\/p>\n<p>\u00d6ko-Garantie<\/p>\n<p>Unser WC-Reiniger ist mit Ecogarantie ausgestattet.<br \/>\nAlle Inhaltsstoffe sind nat\u00fcrlichen Ursprungs, umweltfreundlich und abwasserfreundlich.<br \/>\nEines der strengsten und unabh\u00e4ngigsten Zertifikate, bei dem der Kunde sicher sein kann, dass ein Produkt mit diesem Label die strengsten Anforderungen erf\u00fcllt.<\/p>\n<h4>\u00dcber Terra Gaia<\/h4>\n<p>Wir sind ein tschechischer Hersteller mit Schwerpunkt auf bewusster Haushaltsf\u00fchrung: Wasch- und Reinigungsmittel mit minimalen Auswirkungen auf den Planeten und unsere Gesundheit, abfallfreie Haushaltsprodukte, nat\u00fcrliche Biokosmetik und K\u00f6rperpflege sowie Baby- und Frauenpflege aus Bio-Baumwolle.<\/p>\n<p>Unsere Mission ist es, den Menschen zu zeigen, wie sie jeden Tag bewusste Entscheidungen treffen k\u00f6nnen, um giftige Chemikalien, Abfall und unn\u00f6tiges Plastik in unseren H\u00e4usern zu minimieren und zu eliminieren.<\/p>\n","protected":false},"excerpt":{"rendered":"<p>Suchen Sie nach einem Toilettenreiniger, der Kalkablagerungen bek\u00e4mpft, Flecken entfernt und gesundheitlich unbedenklich ist? Suchen Sie nicht weiter! Diese revolution\u00e4re Formel auf Gelbasis nutzt die Kraft der Natur f\u00fcr ein gutes Gewissen und eine gl\u00e4nzende Toilette.<\/p>\n","protected":false},"featured_media":221005,"comment_status":"open","ping_status":"closed","template":"","meta":{"_acf_changed":false},"product_cat":[9713,4604,9384],"product_tag":[],"berocket_brand":[],"class_list":["post-221012","product","type-product","status-publish","has-post-thumbnail","hentry","product_cat-reinigen","product_cat-neu","product_cat-wohnen-de","product_shipping_class-pakket-de"],"acf":[],"aioseo_notices":[],"_links":{"self":[{"href":"https:\/\/glownaturalliving.com\/de\/wp-json\/wp\/v2\/product\/221012","targetHints":{"allow":["GET"]}}],"collection":[{"href":"https:\/\/glownaturalliving.com\/de\/wp-json\/wp\/v2\/product"}],"about":[{"href":"https:\/\/glownaturalliving.com\/de\/wp-json\/wp\/v2\/types\/product"}],"replies":[{"embeddable":true,"href":"https:\/\/glownaturalliving.com\/de\/wp-json\/wp\/v2\/comments?post=221012"}],"wp:featuredmedia":[{"embeddable":true,"href":"https:\/\/glownaturalliving.com\/de\/wp-json\/wp\/v2\/media\/221005"}],"wp:attachment":[{"href":"https:\/\/glownaturalliving.com\/de\/wp-json\/wp\/v2\/media?parent=221012"}],"wp:term":[{"taxonomy":"product_cat","embeddable":true,"href":"https:\/\/glownaturalliving.com\/de\/wp-json\/wp\/v2\/product_cat?post=221012"},{"taxonomy":"product_tag","embeddable":true,"href":"https:\/\/glownaturalliving.com\/de\/wp-json\/wp\/v2\/product_tag?post=221012"},{"taxonomy":"berocket_brand","embeddable":true,"href":"https:\/\/glownaturalliving.com\/de\/wp-json\/wp\/v2\/berocket_brand?post=221012"}],"curies":[{"name":"wp","href":"https:\/\/api.w.org\/{rel}","templated":true}]}}