{"id":221043,"date":"2024-07-10T10:19:00","date_gmt":"2024-07-10T09:19:00","guid":{"rendered":"https:\/\/glownaturalliving.com\/?post_type=product&#038;p=221043"},"modified":"2024-11-13T11:30:44","modified_gmt":"2024-11-13T10:30:44","slug":"vees-wrap-set-3-tlg-vegan","status":"publish","type":"product","link":"https:\/\/glownaturalliving.com\/de\/winkel\/wohnen-de\/essen-trinken\/vees-wrap-set-3-tlg-vegan\/","title":{"rendered":"Vee \u0301s Wrap 3er-Set (vegan)"},"content":{"rendered":"<h4>Vee \u0301s Wrap 3er-Set (vegan)<\/h4>\n<p>Vegane pflanzliche Mehrwegverpackungen f\u00fcr Lebensmittel:<br \/>\nEntwickelt, um weniger Plastik zu verwenden und Lebensmittelverschwendung zu reduzieren. Einfach verpacken, waschen und wiederverwenden. Ein nachhaltiger und nat\u00fcrlicher Ersatz f\u00fcr Einwegverpackungen.<\/p>\n<p>Wir sch\u00fctzen die Bienenwelt:<br \/>\nBei der Herstellung unserer T\u00fccher werden keine tierischen Inhaltsstoffe, insbesondere Bienenwachs, verwendet. Durch die Verwendung einer gesunden Alternative zu pflanzlichen Wachsen in unseren Vee&#8217;s WRAPS \u00fcberlassen wir das Bienenwachs den Bienen.<\/p>\n<p>Frische Lebensmittel f\u00fcr l\u00e4ngere Zeit:<br \/>\nDie Kombination aus nat\u00fcrlichen Inhaltsstoffen und Bio-Baumwolle l\u00e4sst die Servietten &#8222;atmen&#8220; und h\u00e4lt Lebensmittel l\u00e4nger frisch<br \/>\nPlastikverpackungen\/-t\u00fcten hingegen beschleunigen den Verderbprozess.<\/p>\n<p>Vielseitig:<br \/>\nDie Wraps eignen sich ideal zum Abdecken, Aufbewahren und Verpacken von Lebensmitteln, die Sie normalerweise in Frischhaltefolie oder Plastikt\u00fcten aufbewahren. Sie halten Ihre Sandwiches und Snacks frisch, transportieren frisches Obst und Gem\u00fcse, lagern K\u00e4se und Brot oder decken Teller und Sch\u00fcsseln mit Ihren Resten ab.<\/p>\n<p>Waschbar und wiederverwendbar:<br \/>\nSparen Sie an Einwegverpackungen, waschen Sie sie bei Bedarf mit kaltem Wasser, trocknen Sie sie oder lassen Sie sie frei an der Luft trocknen. Bei liebevoller Pflege kann es bis zu einem Jahr verwendet werden.<\/p>\n<p>100% biologisch und kompostierbar:<br \/>\nHergestellt aus GOTS-zertifizierter Bio-Baumwolle, pflanzlichen Bio-Wachsen und Harzen. Sie sind absolut umweltfreundlich und auch lebensmittelfreundlich.<\/p>\n<p>Wie verwendet man die Wraps von VEE?<br \/>\nVerpacken von Lebensmitteln und Snacks, Aufbewahren von Resten, Konservieren von Brot und anderem Geb\u00e4ck, Abdecken von Gl\u00e4sern, Karaffen oder Flaschen<br \/>\nSchneiden Sie sie am Ende ihrer Lebensdauer einfach in kleine St\u00fccke und geben Sie sie in den normalen Kompost.<\/p>\n<p>3 Gr\u00f6\u00dfen in einer Packung:<br \/>\nS \u2013 Klein \u2013 20 x 18 cm \u2013 f\u00fcr Gl\u00e4ser, Flaschen etc<br \/>\nM \u2013 Medium 25 x 28 cm \u2013 f\u00fcr Sandwiches<br \/>\nL \u2013 Gro\u00df 33cm x 35cm \u2013 f\u00fcr Brot, Frittiertes, Teller<\/p>\n<h4>\u00dcber Terra Gaia<\/h4>\n<p>Wir sind ein tschechischer Hersteller mit Schwerpunkt auf bewusster Haushaltsf\u00fchrung: Wasch- und Reinigungsmittel mit minimalen Auswirkungen auf den Planeten und unsere Gesundheit, abfallfreie Haushaltsprodukte, nat\u00fcrliche Biokosmetik und K\u00f6rperpflege sowie Baby- und Frauenpflege aus Bio-Baumwolle.<\/p>\n<p>Unsere Mission ist es, den Menschen zu zeigen, wie sie jeden Tag bewusste Entscheidungen treffen k\u00f6nnen, um giftige Chemikalien, Abfall und unn\u00f6tiges Plastik in unseren H\u00e4usern zu minimieren und zu eliminieren.<\/p>\n","protected":false},"excerpt":{"rendered":"<p>Vegane, wiederverwendbare Lebensmittelverpackungen auf pflanzlicher Basis. Entwickelt, um weniger Plastik zu verwenden und Lebensmittelverschwendung zu reduzieren.<\/p>\n","protected":false},"featured_media":221101,"comment_status":"open","ping_status":"closed","template":"","meta":{"_acf_changed":false},"product_cat":[4604,9384,8509],"product_tag":[],"berocket_brand":[],"class_list":["post-221043","product","type-product","status-publish","has-post-thumbnail","hentry","product_cat-neu","product_cat-wohnen-de","product_cat-essen-trinken","product_shipping_class-pakket-de"],"acf":[],"aioseo_notices":[],"_links":{"self":[{"href":"https:\/\/glownaturalliving.com\/de\/wp-json\/wp\/v2\/product\/221043","targetHints":{"allow":["GET"]}}],"collection":[{"href":"https:\/\/glownaturalliving.com\/de\/wp-json\/wp\/v2\/product"}],"about":[{"href":"https:\/\/glownaturalliving.com\/de\/wp-json\/wp\/v2\/types\/product"}],"replies":[{"embeddable":true,"href":"https:\/\/glownaturalliving.com\/de\/wp-json\/wp\/v2\/comments?post=221043"}],"wp:featuredmedia":[{"embeddable":true,"href":"https:\/\/glownaturalliving.com\/de\/wp-json\/wp\/v2\/media\/221101"}],"wp:attachment":[{"href":"https:\/\/glownaturalliving.com\/de\/wp-json\/wp\/v2\/media?parent=221043"}],"wp:term":[{"taxonomy":"product_cat","embeddable":true,"href":"https:\/\/glownaturalliving.com\/de\/wp-json\/wp\/v2\/product_cat?post=221043"},{"taxonomy":"product_tag","embeddable":true,"href":"https:\/\/glownaturalliving.com\/de\/wp-json\/wp\/v2\/product_tag?post=221043"},{"taxonomy":"berocket_brand","embeddable":true,"href":"https:\/\/glownaturalliving.com\/de\/wp-json\/wp\/v2\/berocket_brand?post=221043"}],"curies":[{"name":"wp","href":"https:\/\/api.w.org\/{rel}","templated":true}]}}