{"id":221169,"date":"2024-07-10T14:57:23","date_gmt":"2024-07-10T13:57:23","guid":{"rendered":"https:\/\/glownaturalliving.com\/?post_type=product&#038;p=221169"},"modified":"2025-05-13T13:39:12","modified_gmt":"2025-05-13T12:39:12","slug":"naturliches-waschmittel","status":"publish","type":"product","link":"https:\/\/glownaturalliving.com\/de\/winkel\/wohnen-de\/reinigen\/naturliches-waschmittel\/","title":{"rendered":"Nat\u00fcrliches Waschmittel"},"content":{"rendered":"<h4>Nat\u00fcrliches Waschmittel<\/h4>\n<p><strong>Recycelbare Glasflasche \u2013 Nat\u00fcrliches Waschmittel mit Marseiller Seife<\/strong><\/p>\n<p><em>Schauen Sie sich unsere stilvolle, umweltfreundliche Glasflasche an, um ein au\u00dfergew\u00f6hnliches nat\u00fcrliches Waschmittel zu erhalten<\/em><\/p>\n<p><strong>Eine Flasche, die einen Unterschied macht:<\/strong><\/p>\n<p><strong>Die umweltfreundliche Wahl: <\/strong>Unsere Glasflasche wurde entwickelt, um Plastikm\u00fcll zu reduzieren und einen nachhaltigeren Ansatz zu f\u00f6rdern. W\u00e4hlen Sie eine stilvolle L\u00f6sung, die sich perfekt in Ihre W\u00e4scheroutine einf\u00fcgt.<\/p>\n<p><strong>Zeitloses Design: <\/strong>Die Glasflasche ist pur und von hoher Qualit\u00e4t. Die schlanke \u00c4sthetik passt sich jeder Umgebung an und verleiht Ihrer Waschk\u00fcche eine raffinierte Note.<\/p>\n<p><strong>Funktionen, die den Unterschied machen:<\/strong><\/p>\n<p><strong>Marseiller Seife: <\/strong><strong>Marseiller Seife <\/strong>ist das Herzst\u00fcck unseres nat\u00fcrlichen Wachses. Es ist bekannt f\u00fcr seine hervorragende Reinigungswirkung und entfernt Flecken auf einem weichen und z\u00e4hmen gleichzeitig die Weichheit Ihrer Kleidung.<\/p>\n<p><strong>Natriumbicarbonat: <\/strong>Dieser vielseitige Inhaltsstoff erh\u00f6ht die Wirksamkeit unseres Waschmittels. Es wirkt als Lufterfrischer, Weichmacher und Entfetter und h\u00e4lt Ihre Textilien frisch und sauber.<\/p>\n<p><strong>Soda-Kristalle: <\/strong>Die <strong>Sodakristalle verleihen dem Waschen <\/strong>eine zus\u00e4tzliche Kraft. Die gr\u00fcndliche Reinigungswirkung entfernt hartn\u00e4ckige R\u00fcckst\u00e4nde und h\u00e4lt die Zartheit von Ihrer Kleidung.<\/p>\n<p><strong>Ein gut gepflegtes Waschmittel:<\/strong><\/p>\n<p><strong>Geeignet f\u00fcr alle textilen Gewebe: <\/strong>Unser Wachs ist f\u00fcr eine Vielzahl von Textilien bestimmt, auch f\u00fcr die zerbrechlichsten. Es reinigt gr\u00fcndlich und bewahrt die Farben und die Weichheit Ihrer Kleidung.<\/p>\n<p><strong>\u00d6kologisches Engagement: <\/strong>Wenn Sie sich f\u00fcr unsere recycelbare Glasflasche entscheiden, gehen Sie einen konkreten Schritt f\u00fcr die Umwelt. Reduzieren Sie Plastikm\u00fcll und seien Sie respektvoll.<\/p>\n<p><strong>Hergestellt in Frankreich: <\/strong>Jede Flasche wird in unserer Werkstatt in Frankreich von Hand gefertigt. Mit handwerklicher Aufmerksamkeit und Qualit\u00e4t.<\/p>\n<h4>\u00dcber einfache Dinge<\/h4>\n<p>\u00abWas, wenn wir daraus ein Gesch\u00e4ft machen?\u00bb<br \/>\nSimple Things wurde auf diese nat\u00fcrliche und spontane Weise geboren. Mit Leidenschaft f\u00fcr Heimwerken und im Bewusstsein des Eindrucks, den Industrieprodukte auf unserer Erde hinterlassen, haben wir vor einigen Jahren mit meinem Begleiter Nicolas begonnen, alltagstaugliche Produkte f\u00fcr unser Zuhause zu kreieren, ohne jeglichen Anspruch. Wir sind nicht wenig stolz auf das Ergebnis und lassen sie von unseren Freunden und Familienmitgliedern testen, die sie sofort adoptieren. Sogar der Gro\u00dfvater, der anfangs unsensibel ist, ist ein Fan!<\/p>\n<p>Einfache, effektive und umweltfreundliche Produkte, die in S\u00fcdfrankreich von zwei jungen Mittvierzigern hergestellt werden, die st\u00e4ndig versuchen, ihr Leben zu verbessern.<\/p>\n<p>Der Wunsch, es jeden Tag ein bisschen besser zu machen.<br \/>\nDer Wunsch, sich in Richtung nachhaltigeres Verhalten zu entwickeln.<br \/>\nDer Wunsch, unseren Kindern und Enkelkindern einen gesunden Planeten zu hinterlassen.<\/p>\n<p>Anne &amp; Nicholass<\/p>\n","protected":false},"excerpt":{"rendered":"<p>Endlich ein Reinigungsmittel mit einer sauberen Zusammensetzung. Ein 100% nat\u00fcrliches Familienrezept, bestehend aus nur 3 Zutaten.<\/p>\n","protected":false},"featured_media":221182,"comment_status":"open","ping_status":"closed","template":"","meta":{"_acf_changed":false},"product_cat":[9713,4604,9384],"product_tag":[],"berocket_brand":[10099],"class_list":["post-221169","product","type-product","status-publish","has-post-thumbnail","hentry","product_cat-reinigen","product_cat-neu","product_cat-wohnen-de","product_shipping_class-pakket-de","berocket_brand-einfache-dinge"],"acf":[],"aioseo_notices":[],"_links":{"self":[{"href":"https:\/\/glownaturalliving.com\/de\/wp-json\/wp\/v2\/product\/221169","targetHints":{"allow":["GET"]}}],"collection":[{"href":"https:\/\/glownaturalliving.com\/de\/wp-json\/wp\/v2\/product"}],"about":[{"href":"https:\/\/glownaturalliving.com\/de\/wp-json\/wp\/v2\/types\/product"}],"replies":[{"embeddable":true,"href":"https:\/\/glownaturalliving.com\/de\/wp-json\/wp\/v2\/comments?post=221169"}],"wp:featuredmedia":[{"embeddable":true,"href":"https:\/\/glownaturalliving.com\/de\/wp-json\/wp\/v2\/media\/221182"}],"wp:attachment":[{"href":"https:\/\/glownaturalliving.com\/de\/wp-json\/wp\/v2\/media?parent=221169"}],"wp:term":[{"taxonomy":"product_cat","embeddable":true,"href":"https:\/\/glownaturalliving.com\/de\/wp-json\/wp\/v2\/product_cat?post=221169"},{"taxonomy":"product_tag","embeddable":true,"href":"https:\/\/glownaturalliving.com\/de\/wp-json\/wp\/v2\/product_tag?post=221169"},{"taxonomy":"berocket_brand","embeddable":true,"href":"https:\/\/glownaturalliving.com\/de\/wp-json\/wp\/v2\/berocket_brand?post=221169"}],"curies":[{"name":"wp","href":"https:\/\/api.w.org\/{rel}","templated":true}]}}