{"id":221193,"date":"2024-07-10T15:12:35","date_gmt":"2024-07-10T14:12:35","guid":{"rendered":"https:\/\/glownaturalliving.com\/?post_type=product&#038;p=221193"},"modified":"2025-05-13T13:38:57","modified_gmt":"2025-05-13T12:38:57","slug":"fleckenentfernerstick-terre-de-sommieres-savon-de-marseille-vegan","status":"publish","type":"product","link":"https:\/\/glownaturalliving.com\/de\/winkel\/wohnen-de\/reinigen\/fleckenentfernerstick-terre-de-sommieres-savon-de-marseille-vegan\/","title":{"rendered":"Fleckenentferner-Stick Terre de Sommi\u00e8res &amp; Savon de Marseille (vegan)"},"content":{"rendered":"<h4 class=\"text-24 font-500\">Fleckenentferner-Stick Terre de Sommi\u00e8res &amp; Savon de Marseille<\/h4>\n<p><strong>Die Kraft der Natur f\u00fcr eine tadellose Reinigung:<\/strong><\/p>\n<p><strong>Die perfekte Verschmelzung von zwei Zutaten: <\/strong>Unser Schmackhaft ist das Ergebnis einer einfachen, aber kraftvollen Rezeptur. Durch die Kombination von LaTerre<strong> de Sommi\u00e8res <\/strong>mit unserer <strong>palm\u00f6lfreien Seife aus Marseille <\/strong> haben wir einen nat\u00fcrlichen Verb\u00fcndeten geschaffen, um selbst die hartn\u00e4ckigsten Flecken zu entfernen.<\/p>\n<p><strong>Die absorbierenden Eigenschaften von Terre de Sommi\u00e8res: <\/strong>Seit dem 19. Jahrhundert wird Terre de Sommi\u00e8res, ein nat\u00fcrliches Tonpulver, zur Trennung einer Vielzahl von trockenen Materialien verwendet. Seine absorbierenden Eigenschaften wirken wie ein Fleckenmagnet.<\/p>\n<p><strong>Die entfettende Kraft der Marseiller Seife: <\/strong>Unsere reine, hypoallergene Marseiller Seife sorgt f\u00fcr eine gr\u00fcndliche Reinigung, ohne die Umwelt zu beeintr\u00e4chtigen. Dank seiner biologischen Abbaubarkeit und entfettenden Wirkung ist es f\u00fcr die Entfernung von Flecken unerl\u00e4sslich.<\/p>\n<p><strong>K\u00e4mpfe gegen alle Aufgaben:<\/strong><\/p>\n<p><strong>Fett-, Farb- und Seeflecken: <\/strong>Keine Aufgabe kann der Kombination von Terre de Sommi\u00e8res und Marseiller Seife widerstehen. Von Make-up \u00fcber \u00d6l, Blutflecken bis hin zu Schlammflecken funktioniert unser Fleckenentfernungsstift erfolgreich.<\/p>\n<p><strong>Kompatibel mit allen Stoffen: Haben Sie <\/strong>keine Angst mehr vor Flecken auf Ihren kostbaren Stoffen. Verwenden Sie unsere Klebestoffe, Sessel, Sofas und Teppiche.<\/p>\n<p><strong>Respekt vor Natur und Tieren: <\/strong>Bei Simple Things sind wir stolz auf unser Engagement f\u00fcr die Natur und die Tiere. Unser Fleckenentferner ist nicht nur leistungsstark, sondern auch vegan f\u00fcr eine sanfte Reinigung.<\/p>\n<p><em>Begegnen Sie hartn\u00e4ckigen Aufgaben mit einer nat\u00fcrlichen, veganen L\u00f6sung. Entscheiden Sie sich f\u00fcr unseren schmutzabweisenden Stick und geben Sie Ihren Textilien ein neues Leben.<\/em><\/p>\n<p><span style=\"color: #333333; font-size: 14.4px;\">\u00dcber einfache Dinge<\/span><\/p>\n<p>\u00abWas, wenn wir daraus ein Gesch\u00e4ft machen?\u00bb<br \/>\nSimple Things wurde auf diese nat\u00fcrliche und spontane Weise geboren. Mit Leidenschaft f\u00fcr Heimwerken und im Bewusstsein des Eindrucks, den Industrieprodukte auf unserer Erde hinterlassen, haben wir vor einigen Jahren mit meinem Begleiter Nicolas begonnen, alltagstaugliche Produkte f\u00fcr unser Zuhause zu kreieren, ohne jeglichen Anspruch. Wir sind nicht wenig stolz auf das Ergebnis und lassen sie von unseren Freunden und Familienmitgliedern testen, die sie sofort adoptieren. Sogar der Gro\u00dfvater, der anfangs unsensibel ist, ist ein Fan!<\/p>\n<p>Einfache, effektive und umweltfreundliche Produkte, die in S\u00fcdfrankreich von zwei jungen Mittvierzigern hergestellt werden, die st\u00e4ndig versuchen, ihr Leben zu verbessern.<\/p>\n<p>Der Wunsch, es jeden Tag ein bisschen besser zu machen.<br \/>\nDer Wunsch, sich in Richtung nachhaltigeres Verhalten zu entwickeln.<br \/>\nDer Wunsch, unseren Kindern und Enkelkindern einen gesunden Planeten zu hinterlassen.<\/p>\n<p>Anne &amp; Nicholass<\/p>\n","protected":false},"excerpt":{"rendered":"<p>Das unverzichtbare vegane Accessoire, um hartn\u00e4ckige Flecken zu entfernen. Bestehend aus nur 2 Zutaten:<\/p>\n","protected":false},"featured_media":221197,"comment_status":"open","ping_status":"closed","template":"","meta":{"_acf_changed":false},"product_cat":[9713,4604,9384],"product_tag":[],"berocket_brand":[10099],"class_list":["post-221193","product","type-product","status-publish","has-post-thumbnail","hentry","product_cat-reinigen","product_cat-neu","product_cat-wohnen-de","product_shipping_class-pakket-de","berocket_brand-einfache-dinge"],"acf":[],"aioseo_notices":[],"_links":{"self":[{"href":"https:\/\/glownaturalliving.com\/de\/wp-json\/wp\/v2\/product\/221193","targetHints":{"allow":["GET"]}}],"collection":[{"href":"https:\/\/glownaturalliving.com\/de\/wp-json\/wp\/v2\/product"}],"about":[{"href":"https:\/\/glownaturalliving.com\/de\/wp-json\/wp\/v2\/types\/product"}],"replies":[{"embeddable":true,"href":"https:\/\/glownaturalliving.com\/de\/wp-json\/wp\/v2\/comments?post=221193"}],"wp:featuredmedia":[{"embeddable":true,"href":"https:\/\/glownaturalliving.com\/de\/wp-json\/wp\/v2\/media\/221197"}],"wp:attachment":[{"href":"https:\/\/glownaturalliving.com\/de\/wp-json\/wp\/v2\/media?parent=221193"}],"wp:term":[{"taxonomy":"product_cat","embeddable":true,"href":"https:\/\/glownaturalliving.com\/de\/wp-json\/wp\/v2\/product_cat?post=221193"},{"taxonomy":"product_tag","embeddable":true,"href":"https:\/\/glownaturalliving.com\/de\/wp-json\/wp\/v2\/product_tag?post=221193"},{"taxonomy":"berocket_brand","embeddable":true,"href":"https:\/\/glownaturalliving.com\/de\/wp-json\/wp\/v2\/berocket_brand?post=221193"}],"curies":[{"name":"wp","href":"https:\/\/api.w.org\/{rel}","templated":true}]}}