{"id":221282,"date":"2024-07-23T13:47:10","date_gmt":"2024-07-23T12:47:10","guid":{"rendered":"https:\/\/glownaturalliving.com\/?post_type=product&#038;p=221282"},"modified":"2024-11-13T11:30:23","modified_gmt":"2024-11-13T10:30:23","slug":"diy-waschmittel-selbstwaschmittel-flussig-machen","status":"publish","type":"product","link":"https:\/\/glownaturalliving.com\/de\/winkel\/wohnen-de\/reinigen\/diy-waschmittel-selbstwaschmittel-flussig-machen\/","title":{"rendered":"DIY Waschmittel \u2013 Machen Sie Ihr eigenes Waschmittel (fl\u00fcssig)"},"content":{"rendered":"<h4>DIY Waschmittel \u2013 Machen Sie Ihr eigenes Waschmittel (fl\u00fcssig)<\/h4>\n<p>Mit diesem erschwinglichen DIY-Set haben Sie alle Zutaten, die Sie ben\u00f6tigen, um Ihr eigenes Waschmittel ohne giftige Chemikalien herzustellen.  <\/p>\n<p>Inhalt DIY-Paket<\/p>\n<ul>\n<li>Marseiller Seifenflocken 750 Gramm (ohne Palm\u00f6l)<\/li>\n<li>Limonade 1000 Gramm<\/li>\n<\/ul>\n&#13;\n<p>Die Herstellung Ihres eigenen Waschmittels ist eine gro\u00dfartige M\u00f6glichkeit, zu kontrollieren, welche Zutaten Sie verwenden, und eine ungiftige Alternative zu schaffen. Hier ist ein einfaches Rezept f\u00fcr die Herstellung Ihres eigenen Waschmittels, sowohl f\u00fcr Fl\u00fcssigwaschmittel als auch f\u00fcr Waschpulver:<\/p>&#13;\n\r\n<p>&#13;\n<h4 class=\"wp-block-heading\">Zutaten f\u00fcr die Herstellung von Fl\u00fcssigwaschmittel<\/h4>&#13;\n<p><\/p>\r\n\r\n<\/p>\r\n<ul class=\"wp-block-list\">&#13;\n<li><strong>20 Gramm Marseiller Seife (Flocken)<\/strong><\/li>&#13;\n\r\n\r\n&#13;\n<li><strong>10 Gramm Limonade (f\u00fcr wei\u00dfe W\u00e4sche)<\/strong><\/li>&#13;\n\r\n\r\n&#13;\n<li><strong>1 Liter Wasser<\/strong><\/li>&#13;\n\r\n\r\n&#13;\n<li><strong>20 Tropfen \u00e4therisches \u00d6l<\/strong><\/li>&#13;\n<\/ul>\r\n<p>\r\n\r\n&#13;\n<h4 class=\"wp-block-heading\">Anweisungen<\/h4>&#13;\n<p><\/p>\r\n\r\n<\/p>\r\n<ol class=\"wp-block-list\">&#13;\n<li><strong>Kochendes Wasser<\/strong><br\/>1 Liter Wasser in einem Topf zum Kochen bringen. Dies ist die Basis Ihres Waschmittels und hilft der Seife, sich besser aufzul\u00f6sen.<\/li>&#13;\n\r\n\r\n&#13;\n<li><strong>Hinzuf\u00fcgen von Seife<\/strong><br\/>Geben Sie 20 Gramm Marseiller Seifenflocken in das kochende Wasser. Gut umr\u00fchren, bis sich die Seife vollst\u00e4ndig aufgel\u00f6st hat. Marseiller Seife ist eine nat\u00fcrliche, pflanzliche Seife, die sanft zur Haut ist und effektiv reinigt.<\/li>&#13;\n\r\n\r\n&#13;\n<li><strong>Hinzuf\u00fcgen von Soda<\/strong><br\/>F\u00fcr die wei\u00dfe W\u00e4sche k\u00f6nnen Sie 10 Gramm Soda hinzuf\u00fcgen. Natron wirkt als nat\u00fcrliches Bleichmittel und hilft, hartn\u00e4ckige Flecken zu entfernen. Stellen Sie sicher, dass das Soda gut in der Mischung aufgel\u00f6st ist.<\/li>&#13;\n\r\n\r\n&#13;\n<li><strong>Abk\u00fchlen lassen und \u00e4therisches \u00d6l hinzuf\u00fcgen<\/strong><br\/>Lassen Sie die Mischung vollst\u00e4ndig abk\u00fchlen, bevor Sie 20 Tropfen \u00e4therisches \u00d6l hinzuf\u00fcgen. Lavendel\u00f6l ist eine gute Wahl f\u00fcr einen beruhigenden Duft, w\u00e4hrend Zitronen\u00f6l f\u00fcr einen frischen, sauberen Duft sorgt und f\u00fcr zus\u00e4tzliche Reinigungskraft sorgt.<\/li>&#13;\n\r\n\r\n&#13;\n<li><strong>Erhalten<\/strong><br\/>Gie\u00dfen Sie die abgek\u00fchlte Mischung in eine wiederverwendbare Flasche oder ein wiederverwendbares Glas. Stellen Sie sicher, dass die Flasche fest verschlossen ist, um die Frische zu erhalten. Ihr selbstgemachtes Waschmittel ist jetzt gebrauchsfertig!<\/li>&#13;\n&#13;\n<ol><\/ol><\/ol>\r\n<p><\/p>\r\n<p>Wenn Sie Ihr selbstgemachtes Waschmittel verwenden, verwenden Sie ca. 100 ml pro W\u00e4sche. Bei gr\u00f6\u00dferen oder st\u00e4rker verschmutzten Lasten k\u00f6nnen Sie die Menge leicht erh\u00f6hen. Sie werden feststellen, dass Ihre Kleidung frisch und sauber ist, ohne die aggressiven Chemikalien herk\u00f6mmlicher Waschmittel.<\/p>\r\n","protected":false},"excerpt":{"rendered":"<p>Mit diesem erschwinglichen DIY-Set haben Sie alle Zutaten, die Sie ben\u00f6tigen, um Ihr eigenes Waschmittel ohne giftige Chemikalien herzustellen.  <\/p>\n","protected":false},"featured_media":221286,"comment_status":"open","ping_status":"closed","template":"","meta":{"_acf_changed":false},"product_cat":[9713,4604,9384],"product_tag":[],"berocket_brand":[],"class_list":["post-221282","product","type-product","status-publish","has-post-thumbnail","hentry","product_cat-reinigen","product_cat-neu","product_cat-wohnen-de","product_shipping_class-pakket-de"],"acf":[],"aioseo_notices":[],"_links":{"self":[{"href":"https:\/\/glownaturalliving.com\/de\/wp-json\/wp\/v2\/product\/221282","targetHints":{"allow":["GET"]}}],"collection":[{"href":"https:\/\/glownaturalliving.com\/de\/wp-json\/wp\/v2\/product"}],"about":[{"href":"https:\/\/glownaturalliving.com\/de\/wp-json\/wp\/v2\/types\/product"}],"replies":[{"embeddable":true,"href":"https:\/\/glownaturalliving.com\/de\/wp-json\/wp\/v2\/comments?post=221282"}],"wp:featuredmedia":[{"embeddable":true,"href":"https:\/\/glownaturalliving.com\/de\/wp-json\/wp\/v2\/media\/221286"}],"wp:attachment":[{"href":"https:\/\/glownaturalliving.com\/de\/wp-json\/wp\/v2\/media?parent=221282"}],"wp:term":[{"taxonomy":"product_cat","embeddable":true,"href":"https:\/\/glownaturalliving.com\/de\/wp-json\/wp\/v2\/product_cat?post=221282"},{"taxonomy":"product_tag","embeddable":true,"href":"https:\/\/glownaturalliving.com\/de\/wp-json\/wp\/v2\/product_tag?post=221282"},{"taxonomy":"berocket_brand","embeddable":true,"href":"https:\/\/glownaturalliving.com\/de\/wp-json\/wp\/v2\/berocket_brand?post=221282"}],"curies":[{"name":"wp","href":"https:\/\/api.w.org\/{rel}","templated":true}]}}