{"id":221306,"date":"2024-07-23T14:18:39","date_gmt":"2024-07-23T13:18:39","guid":{"rendered":"https:\/\/glownaturalliving.com\/?post_type=product&#038;p=221306"},"modified":"2025-01-27T13:15:20","modified_gmt":"2025-01-27T12:15:20","slug":"marseille-seife-locken-ohne-palmol-oliven-750g","status":"publish","type":"product","link":"https:\/\/glownaturalliving.com\/de\/winkel\/wohnen-de\/reinigen\/marseille-seife-locken-ohne-palmol-oliven-750g\/","title":{"rendered":"\u00d6kologische Seifenflocken 1kg"},"content":{"rendered":"<section class=\"elementor-section elementor-top-section elementor-element elementor-element-d49528d elementor-section-boxed elementor-section-height-default elementor-section-height-default\" data-id=\"d49528d\" data-element_type=\"section\">\n<div class=\"elementor-container elementor-column-gap-default\">\n<div class=\"elementor-row\">\n<div class=\"elementor-column elementor-col-66 elementor-top-column elementor-element elementor-element-2f3c9a0\" data-id=\"2f3c9a0\" data-element_type=\"column\">\n<div class=\"elementor-column-wrap elementor-element-populated\">\n<div class=\"elementor-widget-wrap\">\n<div class=\"elementor-element elementor-element-3547767 elementor-widget elementor-widget-text-editor\" data-id=\"3547767\" data-element_type=\"widget\" data-widget_type=\"text-editor.default\">\n<div class=\"elementor-widget-container\">\n<div class=\"elementor-text-editor elementor-clearfix\">\n<p><strong>\u00d6kologische Waschseifenflocken \u2013 1kg | Pflanzlich, hypoallergen &amp; geruchsfrei<\/strong><\/p>\n<p>Diese \u00f6kologischen Waschseifenflocken sind die ideale Wahl f\u00fcr das Waschen von W\u00e4sche in der Waschmaschine und mit der Hand. Geeignet f\u00fcr bis zu 130 Maschinenw\u00e4schen bieten diese Seifenflocken eine umweltfreundliche und wirtschaftliche Alternative zu herk\u00f6mmlichen Waschmitteln. Die Seife besteht ausschlie\u00dflich aus pflanzlichen \u00d6len aus kontrolliert biologischem Anbau (Kokos- und Palm\u00f6l) und enth\u00e4lt keine Zusatz-, Konservierungs- oder Duftstoffe.  <\/p>\n<p><strong>Hauptmerkmale:<\/strong><\/p>\n<ul>\n<li><strong>Pflanzliche Formulierung<\/strong>: hergestellt aus Bio-Kokosnuss und Palm\u00f6l aus kontrolliert angebautem Anbau.<\/li>\n<li><strong>Hypoallergen<\/strong>: von Natur aus hypoallergen und f\u00fcr empfindliche Haut geeignet. Ideal f\u00fcr Babykleidung, Allergien und empfindliche Stoffe wie Seide, Dessous und Wolle. <\/li>\n<li><strong>Ohne chemische Zus\u00e4tze<\/strong>: Enth\u00e4lt keine Duft-, Farb- oder Konservierungsstoffe und ist daher perfekt f\u00fcr Menschen mit empfindlicher Haut oder Allergien.<\/li>\n<li><strong>ECOCERT-zertifiziert<\/strong>: Dieses Produkt ist von ECOCERT Greenlife nach dem ECOCERT-Standard zertifiziert, was es zu einer zuverl\u00e4ssigen Wahl f\u00fcr eine \u00f6kologische Waschroutine macht.<\/li>\n<li><strong>Made in France<\/strong>: Unsere Seifenflocken werden in Frankreich unter Ber\u00fccksichtigung der Umwelt hergestellt und verpackt.<\/li>\n<li><strong>Kraftverpackung<\/strong>: Die 1-kg-Verpackung ist vollst\u00e4ndig recycelt und wiederverwendbar, was sie nicht nur gut f\u00fcr Ihre Kleidung, sondern auch f\u00fcr den Planeten macht.<\/li>\n<\/ul>\n<p>Mit einer hohen Konzentration an Seife bieten unsere Waschseifenflocken ein breites Anwendungsspektrum, von der Handw\u00e4sche bis zur Maschinenw\u00e4sche, ohne dabei an Wirksamkeit einzub\u00fc\u00dfen.<\/p>\n<p><strong>Warum sollten Sie sich f\u00fcr \u00f6kologische Waschseifenflocken entscheiden?<\/strong><\/p>\n<ul>\n<li>Ideal zum Waschen von empfindlichen Stoffen und Babykleidung<\/li>\n<li>Ohne synthetische Zus\u00e4tze oder Parf\u00fcm<\/li>\n<li>Nachhaltig und \u00f6kologisch verantwortungsvoll<\/li>\n<li>Sparsam im Verbrauch: bis zu 130 Maschinenw\u00e4schen<\/li>\n<li>Perfekt f\u00fcr Menschen mit empfindlicher Haut oder Allergien<\/li>\n<\/ul>\n<p><strong>Anwendung<\/strong>: F\u00fcgen Sie 20-30 g Seifenflocken pro W\u00e4sche hinzu, um eine optimale Reinigung zu gew\u00e4hrleisten. Die Seife ist sowohl f\u00fcr kaltes als auch f\u00fcr hei\u00dfes Wasser geeignet und kann sicher in allen Arten von Waschmaschinen und zum H\u00e4ndewaschen verwendet werden. Entscheiden Sie sich f\u00fcr eine sauberere Umwelt und weichere W\u00e4sche mit diesen \u00f6kologischen Waschseifenflocken! <\/p>\n<\/div>\n<\/div>\n<\/div>\n<\/div>\n<\/div>\n<\/div>\n<\/div>\n<\/div>\n<\/section>\n<section class=\"elementor-section elementor-top-section elementor-element elementor-element-b6a5f29 elementor-section-boxed elementor-section-height-default elementor-section-height-default\" data-id=\"b6a5f29\" data-element_type=\"section\">\n<div class=\"elementor-container elementor-column-gap-default\">\n<div class=\"elementor-row\">\n<div class=\"elementor-column elementor-col-66 elementor-top-column elementor-element elementor-element-f60a2ea\" data-id=\"f60a2ea\" data-element_type=\"column\">\n<div class=\"elementor-column-wrap elementor-element-populated\">\n<div class=\"elementor-widget-wrap\">\n<div class=\"elementor-element elementor-element-f8d6528 elementor-widget elementor-widget-text-editor\" data-id=\"f8d6528\" data-element_type=\"widget\" data-widget_type=\"text-editor.default\">\n<div class=\"elementor-widget-container\">\n<div class=\"elementor-text-editor elementor-clearfix\">\n<p class=\"qc383m4 qc383m18 qc383m1b qc383m1i qc383m1q qc383m1u qc383m5\"><strong>\u00dcber La Droguerie Ecologique<\/strong><\/p>\n<p class=\"_1lb9jjd7b _1lb9jjd3u _1lb9jjd62\">Als Pionier in Sachen DIY (Do It Yourself) und Naturdrogerie lautet unser Motto seit \u00fcber 20 Jahren &#8222;Make your own cleaning products&#8220;. F\u00fcr das Haus, die Werkstatt, den Garten&#8230; Wir entwickeln \u00f6kologische, smarte, n\u00fctzliche, konzentrierte (oder wasserfreie), multifunktionale und \u00f6konomische Produkte. Unsere Produkte werden in Frankreich oder Westeuropa aus nat\u00fcrlichen, mineralischen oder pflanzlichen Rohstoffen mit einem Maximum an biologischen Zutaten und einem Minimum an Energie hergestellt, um unsere Umwelt zu sch\u00fctzen. Unsere minimalistische und plastikfreie Verpackung ist zudem darauf ausgelegt, die nat\u00fcrlichen Ressourcen zu schonen.   <\/p>\n<\/div>\n<\/div>\n<\/div>\n<\/div>\n<\/div>\n<\/div>\n<\/div>\n<\/div>\n<\/section>\n","protected":false},"excerpt":{"rendered":"<p>Zum \u00f6kologischen und \u00f6konomischen Waschen von W\u00e4sche in der Maschine und von Hand (bis zu 130 W\u00e4schen in der Maschine). Vollst\u00e4ndig aus pflanzlichen \u00d6len aus kontrolliert biologischem Anbau zusammengesetzt. <\/p>\n","protected":false},"featured_media":222132,"comment_status":"open","ping_status":"closed","template":"","meta":{"_acf_changed":false},"product_cat":[9713,4604,9384],"product_tag":[],"berocket_brand":[10094],"class_list":["post-221306","product","type-product","status-publish","has-post-thumbnail","hentry","product_cat-reinigen","product_cat-neu","product_cat-wohnen-de","product_shipping_class-pakket-de","berocket_brand-la-drogerie-ecologiue-de"],"acf":[],"aioseo_notices":[],"_links":{"self":[{"href":"https:\/\/glownaturalliving.com\/de\/wp-json\/wp\/v2\/product\/221306","targetHints":{"allow":["GET"]}}],"collection":[{"href":"https:\/\/glownaturalliving.com\/de\/wp-json\/wp\/v2\/product"}],"about":[{"href":"https:\/\/glownaturalliving.com\/de\/wp-json\/wp\/v2\/types\/product"}],"replies":[{"embeddable":true,"href":"https:\/\/glownaturalliving.com\/de\/wp-json\/wp\/v2\/comments?post=221306"}],"wp:featuredmedia":[{"embeddable":true,"href":"https:\/\/glownaturalliving.com\/de\/wp-json\/wp\/v2\/media\/222132"}],"wp:attachment":[{"href":"https:\/\/glownaturalliving.com\/de\/wp-json\/wp\/v2\/media?parent=221306"}],"wp:term":[{"taxonomy":"product_cat","embeddable":true,"href":"https:\/\/glownaturalliving.com\/de\/wp-json\/wp\/v2\/product_cat?post=221306"},{"taxonomy":"product_tag","embeddable":true,"href":"https:\/\/glownaturalliving.com\/de\/wp-json\/wp\/v2\/product_tag?post=221306"},{"taxonomy":"berocket_brand","embeddable":true,"href":"https:\/\/glownaturalliving.com\/de\/wp-json\/wp\/v2\/berocket_brand?post=221306"}],"curies":[{"name":"wp","href":"https:\/\/api.w.org\/{rel}","templated":true}]}}