{"id":221329,"date":"2024-07-23T19:58:22","date_gmt":"2024-07-23T18:58:22","guid":{"rendered":"https:\/\/glownaturalliving.com\/winkel\/unkategorisiert\/ozn-basic-set-nagelpflege-set\/"},"modified":"2024-07-23T19:58:22","modified_gmt":"2024-07-23T18:58:22","slug":"ozn-basic-set-nagelpflege-set","status":"publish","type":"product","link":"https:\/\/glownaturalliving.com\/de\/winkel\/pflege\/nagelpolitur\/ozn-basic-set-nagelpflege-set\/","title":{"rendered":"OZN Basic Set \u2013 Nagelpflege-Set"},"content":{"rendered":"<h4>OZN Basic Set \u2013 Nagelpflege-Set<\/h4>\n<p>  Das OZN BASIC SET 2 besteht aus drei unserer absoluten OZN Favoriten!<br \/>\nMila ist die perfekte, durchscheinende rosa Farbe, die wir alle lieben.<br \/>\nLuftig, elegant und somit in jeder Situation einsetzbar.<br \/>\nElly, ein Top und Base Coat, l\u00e4sst Ihre Manik\u00fcre bis zu 10 Tage lang fantastisch aussehen.<br \/>\nUnd weil eine gute Nagelpflege extrem wichtig ist, tragen Sie unser Bio Nagel\u00f6l regelm\u00e4\u00dfig auf Nagel und Nagelhaut auf und massieren Sie diese sanft ein.<br \/>\nIm Set enthalten sind: Mila ist der perfekte, leicht durchscheinende Akt, den wir alle lieben.<br \/>\nLuftig, elegant und somit in jeder Situation einsetzbar.<br \/>\nDer perfekte Schliff f\u00fcr das wichtige Meeting.<br \/>\nElly, ein Deck- und Basislack, der den Lack sch\u00fctzt und seine Haltbarkeit verl\u00e4ngert.<br \/>\nDie Farbe bleibt intensiv und strahlend.<br \/>\nMeva, das Bio-Nagel\u00f6l aus Sonnenblumenkernen, belebt den Nagel und die Nagelhaut.<br \/>\nPflegt, n\u00e4hrt und regeneriert das Nagelbett.<br \/>\n90% der von uns verwendeten Zutaten stammen aus nachhaltig angebauten, pflanzlichen Rohstoffen.             Alle OZN-Produkte sind zu 100% vegan. *Die Originalfarbe der Farbe kann leicht von der online angezeigten Farbe abweichen.<br \/>\nDie Farbe auf den N\u00e4geln sieht oft etwas anders aus als in der Flasche.<br \/>\nBestehend aus: 1 x OZN Mila 12 ml 1 x OZN Elly 12 ml 1 x OZN Meva 12 ml<br \/>\n<b>Inhaltsstoffe<\/b><strong>: <\/strong>BUTYLACETAT, ETHYLACETAT, NITROCELLULOSE, ISOPROPYLALKOHOL, POLYESTER\/COPOLYESTER-ACRYL-COPOLYMER, ALIPHATISCHES URETHANACRYLAT, DIACETONALKOHOL, GLAS, ACRYLAT-COPOLYMER, BENZOYLISOPROPANOL, CI 77891, KIESELS\u00c4URE, Polyurethanharz, Zinnoxid     <\/p>\n<p id=\"tw-target-text\" class=\"tw-data-text tw-text-large tw-ta\" dir=\"ltr\" data-placeholder=\"Vertaling\" aria-label=\"Vertaalde tekst\" data-ved=\"2ahUKEwjDgMD6-MOFAxWw7rsIHeorCrcQ3ewLegQIERAU\"><strong><span class=\"Y2IQFc\" lang=\"nl\">\u00dcber OZN<\/span><\/strong><\/p>\n<p class=\"tw-data-text tw-text-large tw-ta\" dir=\"ltr\" data-placeholder=\"Vertaling\" aria-label=\"Vertaalde tekst\" data-ved=\"2ahUKEwjDgMD6-MOFAxWw7rsIHeorCrcQ3ewLegQIERAU\"><span class=\"Y2IQFc\" lang=\"nl\">OZN ist eine Marke, die Wert auf Authentizit\u00e4t und Transparenz legt. Deshalb informieren sie ausf\u00fchrlich \u00fcber die verwendeten Inhaltsstoffe.  <\/span><\/p>\n<p class=\"tw-data-text tw-text-large tw-ta\" dir=\"ltr\" data-placeholder=\"Vertaling\" aria-label=\"Vertaalde tekst\" data-ved=\"2ahUKEwjDgMD6-MOFAxWw7rsIHeorCrcQ3ewLegQIERAU\"><span class=\"Y2IQFc\" lang=\"nl\">Gem\u00fcse!  <\/span><\/p>\n<p class=\"tw-data-text tw-text-large tw-ta\" dir=\"ltr\" data-placeholder=\"Vertaling\" aria-label=\"Vertaalde tekst\" data-ved=\"2ahUKEwjDgMD6-MOFAxWw7rsIHeorCrcQ3ewLegQIERAU\"><span class=\"Y2IQFc\" lang=\"nl\">90% der von OZN verwendeten Zutaten stammen aus nachhaltig angebauten, pflanzlichen Rohstoffen wie Holz, Kartoffeln, Rote Bete, Dinkel, Zuckerrohr, Maniok oder Mais.  <\/span><\/p>\n<p class=\"tw-data-text tw-text-large tw-ta\" dir=\"ltr\" data-placeholder=\"Vertaling\" aria-label=\"Vertaalde tekst\" data-ved=\"2ahUKEwjDgMD6-MOFAxWw7rsIHeorCrcQ3ewLegQIERAU\"><span class=\"Y2IQFc\" lang=\"nl\">Nehmen Sie Ihre Vitamine!  <\/span><\/p>\n<p class=\"tw-data-text tw-text-large tw-ta\" dir=\"ltr\" data-placeholder=\"Vertaling\" aria-label=\"Vertaalde tekst\" data-ved=\"2ahUKEwjDgMD6-MOFAxWw7rsIHeorCrcQ3ewLegQIERAU\"><span class=\"Y2IQFc\" lang=\"nl\">F\u00fcr die perfekte Pflege haben sie ihrem Nagellack die Vitamine A, C, E und Pro B5 hinzugef\u00fcgt. Diese Vitamine n\u00e4hren und st\u00e4rken den Nagel und erhalten seine nat\u00fcrliche Flexibilit\u00e4t und Festigkeit. Das Ergebnis kann sich sehen lassen: keine br\u00fcchigen N\u00e4gel mehr, keine Splitter oder Knicke mehr.<\/span><\/p>\n<p id=\"tw-target-text\" class=\"tw-data-text tw-text-large tw-ta\" dir=\"ltr\" data-placeholder=\"Vertaling\" aria-label=\"Vertaalde tekst\" data-ved=\"2ahUKEwjDgMD6-MOFAxWw7rsIHeorCrcQ3ewLegQIERAU\">Der Nagellack von OZN ist 100% vegan und tierversuchsfrei.<\/p>\n","protected":false},"excerpt":{"rendered":"<p>OZN Basic Set \u2013 Nagelpflege-Set Das OZN BASIC SET 2 besteht aus drei unserer absoluten OZN Favoriten! Mila ist die perfekte, durchscheinende rosa Farbe, die wir alle lieben. Luftig, elegant und somit in jeder Situation einsetzbar. Elly, ein Top und Base Coat, l\u00e4sst Ihre Manik\u00fcre bis zu 10 Tage lang fantastisch aussehen. Und weil eine [&#8230;]\n","protected":false},"featured_media":221327,"comment_status":"open","ping_status":"closed","template":"","meta":{"_acf_changed":false},"product_cat":[9715,4604,8687],"product_tag":[],"berocket_brand":[9725],"class_list":["post-221329","product","type-product","status-publish","has-post-thumbnail","hentry","product_cat-nagelpolitur","product_cat-neu","product_cat-pflege","product_shipping_class-pakket-de","berocket_brand-ozn-de-2"],"acf":[],"aioseo_notices":[],"_links":{"self":[{"href":"https:\/\/glownaturalliving.com\/de\/wp-json\/wp\/v2\/product\/221329","targetHints":{"allow":["GET"]}}],"collection":[{"href":"https:\/\/glownaturalliving.com\/de\/wp-json\/wp\/v2\/product"}],"about":[{"href":"https:\/\/glownaturalliving.com\/de\/wp-json\/wp\/v2\/types\/product"}],"replies":[{"embeddable":true,"href":"https:\/\/glownaturalliving.com\/de\/wp-json\/wp\/v2\/comments?post=221329"}],"wp:featuredmedia":[{"embeddable":true,"href":"https:\/\/glownaturalliving.com\/de\/wp-json\/wp\/v2\/media\/221327"}],"wp:attachment":[{"href":"https:\/\/glownaturalliving.com\/de\/wp-json\/wp\/v2\/media?parent=221329"}],"wp:term":[{"taxonomy":"product_cat","embeddable":true,"href":"https:\/\/glownaturalliving.com\/de\/wp-json\/wp\/v2\/product_cat?post=221329"},{"taxonomy":"product_tag","embeddable":true,"href":"https:\/\/glownaturalliving.com\/de\/wp-json\/wp\/v2\/product_tag?post=221329"},{"taxonomy":"berocket_brand","embeddable":true,"href":"https:\/\/glownaturalliving.com\/de\/wp-json\/wp\/v2\/berocket_brand?post=221329"}],"curies":[{"name":"wp","href":"https:\/\/api.w.org\/{rel}","templated":true}]}}