{"id":221331,"date":"2024-07-23T19:59:53","date_gmt":"2024-07-23T18:59:53","guid":{"rendered":"https:\/\/glownaturalliving.com\/?post_type=product&#038;p=221331"},"modified":"2024-11-13T11:30:13","modified_gmt":"2024-11-13T10:30:13","slug":"nagellack-entferner-glasdose","status":"publish","type":"product","link":"https:\/\/glownaturalliving.com\/de\/winkel\/pflege\/nagelpolitur\/nagellack-entferner-glasdose\/","title":{"rendered":"Nagellackentferner \u2013 Glas"},"content":{"rendered":"<h4>Nagellackentferner \u2013 Glas<\/h4>\n<p>  Nagellackentferner in einem Glas.<br \/>\nDer Schwamm im Inneren hat ein Loch in der Mitte.<br \/>\nEinfach den Finger hineinstecken, drehen und fertig.<br \/>\nWir verwenden zweibasischen Ester f\u00fcr unseren Nagellackentferner.<br \/>\nDieses L\u00f6sungsmittel ist eine klare, farblose Fl\u00fcssigkeit, hat einen angenehm milden Geruch und ist absolut \u00f6kologisch unbedenklich.<br \/>\nEs entsteht durch die Reaktion einer S\u00e4ure und eines Alkohols unter Ausscheidung von Wasser und muss nicht als gef\u00e4hrlicher Stoff gekennzeichnet werden.<br \/>\nWeitere Inhaltsstoffe sind: Vitamin E-Acetat, eine \u00f6lige, geruchlose, wasserunl\u00f6sliche Fl\u00fcssigkeit.<br \/>\nDieses synthetische Provitamin E wird nicht nur als Zusatzstoff f\u00fcr Kosmetika, sondern auch f\u00fcr die Herstellung von Arzneimitteln verwendet.<br \/>\nD-Phantenol\/50P ist eine Verbindung, die auch als Wirkstoff bei der Behandlung von Haut und Schleimh\u00e4uten sowie in der medizinischen Hautpflege eingesetzt wird.<br \/>\nAloe Vera Gel, gewonnen aus dem Wasserspeichergewebe der Aloe Vera Bl\u00e4tter.<br \/>\nEs wirkt entz\u00fcndungshemmend, wundheilend und feuchtigkeitsspendend.           Glycerin ist ein Zuckeralkohol. Aufgrund seiner wasserbindenden Eigenschaften wird Glycerin als Feuchtigkeitsspender bei der Herstellung von Kosmetika verwendet.<br \/>\n<strong>Zutaten:<\/strong> Dibasischer Ester, Glycerin, Aloe barbadensis, PANTHENOL, Tocopherol,<br \/>\n<strong>Zutaten:<\/strong> DPE 2, E-Acetat-Vitamin, D-Phantenol\/50P, Aloe-Vera-Gel, Gel-Kalium, Natriumbenzoat, Wasser, Glycerin    <\/p>\n<p id=\"tw-target-text\" class=\"tw-data-text tw-text-large tw-ta\" dir=\"ltr\" data-placeholder=\"Vertaling\" aria-label=\"Vertaalde tekst\" data-ved=\"2ahUKEwjDgMD6-MOFAxWw7rsIHeorCrcQ3ewLegQIERAU\"><strong><span class=\"Y2IQFc\" lang=\"nl\">\u00dcber OZN<\/span><\/strong><\/p>\n<p class=\"tw-data-text tw-text-large tw-ta\" dir=\"ltr\" data-placeholder=\"Vertaling\" aria-label=\"Vertaalde tekst\" data-ved=\"2ahUKEwjDgMD6-MOFAxWw7rsIHeorCrcQ3ewLegQIERAU\"><span class=\"Y2IQFc\" lang=\"nl\">OZN ist eine Marke, die Wert auf Authentizit\u00e4t und Transparenz legt. Deshalb informieren sie ausf\u00fchrlich \u00fcber die verwendeten Inhaltsstoffe.  <\/span><\/p>\n<p class=\"tw-data-text tw-text-large tw-ta\" dir=\"ltr\" data-placeholder=\"Vertaling\" aria-label=\"Vertaalde tekst\" data-ved=\"2ahUKEwjDgMD6-MOFAxWw7rsIHeorCrcQ3ewLegQIERAU\"><span class=\"Y2IQFc\" lang=\"nl\">Gem\u00fcse!  <\/span><\/p>\n<p class=\"tw-data-text tw-text-large tw-ta\" dir=\"ltr\" data-placeholder=\"Vertaling\" aria-label=\"Vertaalde tekst\" data-ved=\"2ahUKEwjDgMD6-MOFAxWw7rsIHeorCrcQ3ewLegQIERAU\"><span class=\"Y2IQFc\" lang=\"nl\">90% der von OZN verwendeten Zutaten stammen aus nachhaltig angebauten, pflanzlichen Rohstoffen wie Holz, Kartoffeln, Rote Bete, Dinkel, Zuckerrohr, Maniok oder Mais.  <\/span><\/p>\n<p class=\"tw-data-text tw-text-large tw-ta\" dir=\"ltr\" data-placeholder=\"Vertaling\" aria-label=\"Vertaalde tekst\" data-ved=\"2ahUKEwjDgMD6-MOFAxWw7rsIHeorCrcQ3ewLegQIERAU\"><span class=\"Y2IQFc\" lang=\"nl\">Nehmen Sie Ihre Vitamine!  <\/span><\/p>\n<p class=\"tw-data-text tw-text-large tw-ta\" dir=\"ltr\" data-placeholder=\"Vertaling\" aria-label=\"Vertaalde tekst\" data-ved=\"2ahUKEwjDgMD6-MOFAxWw7rsIHeorCrcQ3ewLegQIERAU\"><span class=\"Y2IQFc\" lang=\"nl\">F\u00fcr die perfekte Pflege haben sie ihrem Nagellack die Vitamine A, C, E und Pro B5 hinzugef\u00fcgt. Diese Vitamine n\u00e4hren und st\u00e4rken den Nagel und erhalten seine nat\u00fcrliche Flexibilit\u00e4t und Festigkeit. Das Ergebnis kann sich sehen lassen: keine br\u00fcchigen N\u00e4gel mehr, keine Splitter oder Knicke mehr.<\/span><\/p>\n<p id=\"tw-target-text\" class=\"tw-data-text tw-text-large tw-ta\" dir=\"ltr\" data-placeholder=\"Vertaling\" aria-label=\"Vertaalde tekst\" data-ved=\"2ahUKEwjDgMD6-MOFAxWw7rsIHeorCrcQ3ewLegQIERAU\">Der Nagellack von OZN ist 100% vegan und tierversuchsfrei.<\/p>\n","protected":false},"excerpt":{"rendered":"<p>Nagellackentferner im Glas<\/p>\n","protected":false},"featured_media":221335,"comment_status":"open","ping_status":"closed","template":"","meta":{"_acf_changed":false},"product_cat":[9715,4604,8687],"product_tag":[],"berocket_brand":[9725],"class_list":["post-221331","product","type-product","status-publish","has-post-thumbnail","hentry","product_cat-nagelpolitur","product_cat-neu","product_cat-pflege","product_shipping_class-pakket-de","berocket_brand-ozn-de-2"],"acf":[],"aioseo_notices":[],"_links":{"self":[{"href":"https:\/\/glownaturalliving.com\/de\/wp-json\/wp\/v2\/product\/221331","targetHints":{"allow":["GET"]}}],"collection":[{"href":"https:\/\/glownaturalliving.com\/de\/wp-json\/wp\/v2\/product"}],"about":[{"href":"https:\/\/glownaturalliving.com\/de\/wp-json\/wp\/v2\/types\/product"}],"replies":[{"embeddable":true,"href":"https:\/\/glownaturalliving.com\/de\/wp-json\/wp\/v2\/comments?post=221331"}],"wp:featuredmedia":[{"embeddable":true,"href":"https:\/\/glownaturalliving.com\/de\/wp-json\/wp\/v2\/media\/221335"}],"wp:attachment":[{"href":"https:\/\/glownaturalliving.com\/de\/wp-json\/wp\/v2\/media?parent=221331"}],"wp:term":[{"taxonomy":"product_cat","embeddable":true,"href":"https:\/\/glownaturalliving.com\/de\/wp-json\/wp\/v2\/product_cat?post=221331"},{"taxonomy":"product_tag","embeddable":true,"href":"https:\/\/glownaturalliving.com\/de\/wp-json\/wp\/v2\/product_tag?post=221331"},{"taxonomy":"berocket_brand","embeddable":true,"href":"https:\/\/glownaturalliving.com\/de\/wp-json\/wp\/v2\/berocket_brand?post=221331"}],"curies":[{"name":"wp","href":"https:\/\/api.w.org\/{rel}","templated":true}]}}