{"id":221343,"date":"2024-07-24T11:13:05","date_gmt":"2024-07-24T10:13:05","guid":{"rendered":"https:\/\/glownaturalliving.com\/winkel\/unkategorisiert\/attitude-nature-waschmittel-lib-4l-wildblumen-160-waschen\/"},"modified":"2024-07-24T12:18:56","modified_gmt":"2024-07-24T11:18:56","slug":"attitude-nature-waschmittel-lib-4l-wildblumen-160-waschen","status":"publish","type":"product","link":"https:\/\/glownaturalliving.com\/de\/winkel\/wohnen-de\/reinigen\/attitude-nature-waschmittel-lib-4l-wildblumen-160-waschen\/","title":{"rendered":"Attitude \u2013 Nature + \u2013 Waschmittel BIB \u2013 4L \u2013 Wildblumen 160 W\u00e4schen"},"content":{"rendered":"<h4>Attitude \u2013 Nature + \u2013 Waschmittel BIB \u2013 4L \u2013 Wildblumen 160 W\u00e4schen<\/h4>\n<div>Fl\u00fcssigwaschmittel von Attitude.<br \/>\nGut f\u00fcr 160 W\u00e4schen!<br \/>\nFassungsverm\u00f6gen: 4 L  <\/div>\n<div>\n<div>Nat\u00fcrlich will jeder nur das Beste f\u00fcr die Familie.<br \/>\nAus diesem Grund bietet Attitude ein Waschmittel an, das hartn\u00e4ckige Flecken auf der W\u00e4sche auf nat\u00fcrliche und effiziente Weise bek\u00e4mpft. <\/div>\n<p> <strong> Vorteile<\/strong>:  <\/div>\n<ul>\n<li>Hochwirksames Fl\u00fcssigwaschmittel<\/li>\n<li>Enzymfreie Formel zur Verringerung des Allergierisikos<\/li>\n<li>Geeignet f\u00fcr synthetische und nat\u00fcrliche Fasern<\/li>\n<li>F\u00fcr farbige und wei\u00dfe W\u00e4sche<\/li>\n<li>Konzentriert: Ein kleines Produkt h\u00e4lt lange.<br \/>\n1,05 Liter f\u00fcr 35 W\u00e4schen <\/li>\n<li>Konzipiert f\u00fcr den Einsatz in kaltem Wasser<\/li>\n<li>Ohne tierische Inhaltsstoffe wie Talg (Fette)<\/li>\n<li>Phosphatfrei<\/li>\n<li>Ohne Farbstoffe<\/li>\n<li>Ohne optische Aufheller<\/li>\n<\/ul>\n<div>\n<p><strong>Verwendung<\/strong>:  <\/p>\n<div>\n<div>Dosierung gem\u00e4\u00df Tabelle.<br \/>\nBei hartn\u00e4ckigen Flecken eine kleine Menge direkt auf den Fleck gie\u00dfen und vor dem Waschen einreiben oder einweichen lassen.<br \/>\n\u00dcberpr\u00fcfen Sie immer das Etikett auf spezielle Anweisungen.<br \/>\nAu\u00dferhalb der Reichweite von Kindern aufbewahren.   <\/div>\n<\/div>\n<\/div>\n<div><\/div>\n<div>\n<div>\n<div>Anionisches Tensid aus Kokosnuss (5%-15%), nichtionische Tenside aus Mais und Kokosnuss (5%-15%), Natriumcitrat (&lt;5%), Natriumgluconat (&lt;5%), Duftstoffe (&lt;5%), Wasser (&gt;30%).<br \/>\nEs steht eine geruchlose Variante zur Verf\u00fcgung. <\/div>\n<div><\/div>\n<p><strong>Merkmale aller Haushaltsprodukte von Attitude:  <\/strong><\/p>\n<\/div>\n<ul>\n<li>Alle Inhaltsstoffe, einschlie\u00dflich Parf\u00fcms, sind frei von krebserregenden Chemikalien (einschlie\u00dflich 1,4-Dioxan und Ethylenoxid), Mutagenen und fortpflanzungsgef\u00e4hrdenden Stoffen.<br \/>\nVon einem unabh\u00e4ngigen Labor getestet <\/li>\n<li>Zertifiziert als umweltfreundlich durch UL-EcoLogo, die anerkannteste Zertifizierung in Nordamerika<\/li>\n<li>CO2-neutral: ATTITUDE-Produkte werden zu 100 % aus erneuerbarer Energie hergestellt und wir pflanzen B\u00e4ume, um unsere unvermeidbaren Treibhausgasemissionen auszugleichen<\/li>\n<li>Nicht an Tieren getestet<\/li>\n<li>Hypoallergen<\/li>\n<li>Duft aus nat\u00fcrlichen Inhaltsstoffen, hypoallergen, gem\u00e4\u00df den Standards der IFRA (International Fragrance Association)<\/li>\n<li>Kann sicher in einer Kl\u00e4rgrube entsorgt werden<\/li>\n<li>Veganes Produkt<\/li>\n<li>Pflanzlich und biologisch abbaubar (OECD 301)<\/li>\n<li>Hergestellt in Kanada<\/li>\n<\/ul>\n<h4>\u00dcber Attitude<\/h4>\n<div id=\"blurbtxt1\">  Attitude ist ein junges kanadisches Unternehmen, das eine breite Palette an nat\u00fcrlichen Produkten anbietet, von \u00f6kologischen Reinigungsprodukten bis hin zur nat\u00fcrlichen Pflege f\u00fcr die ganze Familie, einschlie\u00dflich unserer vierbeinigen Freunde.  <\/div>\n<div id=\"blurbelow\">\n<div id=\"blurbtxt2\">  Viele Eltern setzen auf das nat\u00fcrliche Waschmittel f\u00fcr Babys und die plastikfreien Babyt\u00fccher von Attitude.<br \/>\nDie Ges\u00e4\u00dft\u00fccher sind parf\u00fcmfrei und zu 100% biologisch abbaubar.<br \/>\nAlle Waschmittel und Weichsp\u00fcler von Attitude sind dermatologisch getestet und schonend f\u00fcr die Haut und den Planeten.<br \/>\nJedes Attitude-Produkt wird so hergestellt, dass es h\u00e4lt, was es verspricht, unter Ber\u00fccksichtigung der Gesundheit unserer Familie und der Auswirkungen auf die Umwelt.<br \/>\nUm hohe \u00f6kologische Standards zu gew\u00e4hrleisten, orientiert sich Attitude an den Kriterien renommierter Zertifizierungen wie ECOLOGO und EWG und alle Produkte sind zu 100 % vegan.      <\/div>\n<\/div>\n<\/div>\n","protected":false},"excerpt":{"rendered":"<p>Nat\u00fcrlich will jeder nur das Beste f\u00fcr die Familie.<br \/>\nAus diesem Grund bietet Attitude ein Waschmittel an, das hartn\u00e4ckige Flecken auf der W\u00e4sche auf nat\u00fcrliche und effiziente Weise bek\u00e4mpft. <\/p>\n","protected":false},"featured_media":221342,"comment_status":"open","ping_status":"closed","template":"","meta":{"_acf_changed":false},"product_cat":[9713,4604,9384],"product_tag":[],"berocket_brand":[10044],"class_list":["post-221343","product","type-product","status-publish","has-post-thumbnail","hentry","product_cat-reinigen","product_cat-neu","product_cat-wohnen-de","product_shipping_class-pakket-de","berocket_brand-attitude-de"],"acf":[],"aioseo_notices":[],"_links":{"self":[{"href":"https:\/\/glownaturalliving.com\/de\/wp-json\/wp\/v2\/product\/221343","targetHints":{"allow":["GET"]}}],"collection":[{"href":"https:\/\/glownaturalliving.com\/de\/wp-json\/wp\/v2\/product"}],"about":[{"href":"https:\/\/glownaturalliving.com\/de\/wp-json\/wp\/v2\/types\/product"}],"replies":[{"embeddable":true,"href":"https:\/\/glownaturalliving.com\/de\/wp-json\/wp\/v2\/comments?post=221343"}],"wp:featuredmedia":[{"embeddable":true,"href":"https:\/\/glownaturalliving.com\/de\/wp-json\/wp\/v2\/media\/221342"}],"wp:attachment":[{"href":"https:\/\/glownaturalliving.com\/de\/wp-json\/wp\/v2\/media?parent=221343"}],"wp:term":[{"taxonomy":"product_cat","embeddable":true,"href":"https:\/\/glownaturalliving.com\/de\/wp-json\/wp\/v2\/product_cat?post=221343"},{"taxonomy":"product_tag","embeddable":true,"href":"https:\/\/glownaturalliving.com\/de\/wp-json\/wp\/v2\/product_tag?post=221343"},{"taxonomy":"berocket_brand","embeddable":true,"href":"https:\/\/glownaturalliving.com\/de\/wp-json\/wp\/v2\/berocket_brand?post=221343"}],"curies":[{"name":"wp","href":"https:\/\/api.w.org\/{rel}","templated":true}]}}