{"id":221373,"date":"2024-07-25T15:05:18","date_gmt":"2024-07-25T14:05:18","guid":{"rendered":"https:\/\/glownaturalliving.com\/?post_type=product&#038;p=221373"},"modified":"2024-11-13T11:30:08","modified_gmt":"2024-11-13T10:30:08","slug":"vegan-mehrzweck-balsam-schimmer-kastanie","status":"publish","type":"product","link":"https:\/\/glownaturalliving.com\/de\/winkel\/geschenk\/fuer-sie\/vegan-mehrzweck-balsam-schimmer-kastanie\/","title":{"rendered":"Veganer Mehrzweck-Balsam \u2013 Schimmer Kastanie"},"content":{"rendered":"<h4>Veganer Mehrzweck-Balsam \u2013 Schimmer Kastanie<\/h4>\n<p>  Strahlende Bronze mit leuchtendem Kupferglanz.<br \/>\nDAS PRODUKT IST eine 3-in-1-Mehrzweckfarbe f\u00fcr Augen, Lippen und Wangen.<br \/>\nIm Grunde \u00fcberall.   PRODUKTBESCHREIBUNG Lip-to-Member Balmies sind umweltfreundliche, \u00fcberall zu tragende Buntstifte, die wie Balsam Feuchtigkeit spenden. Vollgepackt mit \u00d6len, Butter und Antioxidantien wie Holunder-, Hanf- und Pflaumen\u00f6l, um die Haut zu n\u00e4hren, zu heilen und mit Feuchtigkeit zu versorgen. Balmies sind 100% Zero Waste, was bedeutet, dass sie frei von Tuben und Verschl\u00fcssen sind.<br \/>\nSie sind in Papier eingewickelt und werden in einer recycelbaren Tragetasche geliefert.<br \/>\nANWENDUNG Direkt auf Augen, Lippen und Wangen auftragen und mit den Fingern verteilen.   VERPACKUNG Rei\u00dfen Sie das recycelbare Papier bei Bedarf und lagern Sie Balmie in der roten, recycelbaren Box. Boxen, die von einer Frauenkooperative in Bali aus recyceltem Abfall handgefertigt wurden.<br \/>\nSynthetisch parf\u00fcmfrei Alkoholfrei Glutenfrei Vegan Peta-zertifiziert ZUTATEN Bio-Rizinus\u00f6l, Kokum-Butter, Bio-Sonnenblumen\u00f6l, Sonnenblumenkernwachs, Hanfsamen\u00f6l, Pflaumensamen\u00f6l, Vitamin-E-\u00d6l (aus Soja gewonnen), Holunderbeerextrakt, Neemsamen\u00f6l.<br \/>\nKann enthalten: Glimmer (CI 77019), Titandioxid (CI 77891), Zinnoxid (CI 77861), Eisenoxid (CI 77491, CI 77492, CI 77499), Manganviolett (CI 77742), synthetisches Fluorphlogopit, Kiesels\u00e4ure    <\/p>\n<p dir=\"ltr\" data-placeholder=\"Vertaling\">\n","protected":false},"excerpt":{"rendered":"<p><span class=\"Y2IQFc\" lang=\"nl\">Lip-to-Lid Balmies sind plastikfreie, multifunktionale Buntstifte f\u00fcr Augen, Lippen und Wangen. Vollgepackt mit \u00d6len, Butter und Antioxidantien wie Hanf- und Pflaumen\u00f6l, um die Haut zu n\u00e4hren und mit Feuchtigkeit zu versorgen. 100% vegan, tierversuchsfrei und palm\u00f6lfrei.  <\/span><\/p>\n","protected":false},"featured_media":221377,"comment_status":"open","ping_status":"closed","template":"","meta":{"_acf_changed":false},"product_cat":[9646,9998,9987,4604,8687,9290],"product_tag":[],"berocket_brand":[9656],"class_list":["post-221373","product","type-product","status-publish","has-post-thumbnail","hentry","product_cat-naturliches-make-up","product_cat-fuer-sie","product_cat-geschenk","product_cat-neu","product_cat-pflege","product_cat-pflege-produkte","product_shipping_class-pakket-de","berocket_brand-axiology-de"],"acf":[],"aioseo_notices":[],"_links":{"self":[{"href":"https:\/\/glownaturalliving.com\/de\/wp-json\/wp\/v2\/product\/221373","targetHints":{"allow":["GET"]}}],"collection":[{"href":"https:\/\/glownaturalliving.com\/de\/wp-json\/wp\/v2\/product"}],"about":[{"href":"https:\/\/glownaturalliving.com\/de\/wp-json\/wp\/v2\/types\/product"}],"replies":[{"embeddable":true,"href":"https:\/\/glownaturalliving.com\/de\/wp-json\/wp\/v2\/comments?post=221373"}],"wp:featuredmedia":[{"embeddable":true,"href":"https:\/\/glownaturalliving.com\/de\/wp-json\/wp\/v2\/media\/221377"}],"wp:attachment":[{"href":"https:\/\/glownaturalliving.com\/de\/wp-json\/wp\/v2\/media?parent=221373"}],"wp:term":[{"taxonomy":"product_cat","embeddable":true,"href":"https:\/\/glownaturalliving.com\/de\/wp-json\/wp\/v2\/product_cat?post=221373"},{"taxonomy":"product_tag","embeddable":true,"href":"https:\/\/glownaturalliving.com\/de\/wp-json\/wp\/v2\/product_tag?post=221373"},{"taxonomy":"berocket_brand","embeddable":true,"href":"https:\/\/glownaturalliving.com\/de\/wp-json\/wp\/v2\/berocket_brand?post=221373"}],"curies":[{"name":"wp","href":"https:\/\/api.w.org\/{rel}","templated":true}]}}