{"id":221428,"date":"2024-07-30T14:33:17","date_gmt":"2024-07-30T13:33:17","guid":{"rendered":"https:\/\/glownaturalliving.com\/?post_type=product&#038;p=221428"},"modified":"2025-05-13T14:03:08","modified_gmt":"2025-05-13T13:03:08","slug":"naturliche-kinderzahnpasta-grune-minze-aloe-vera","status":"publish","type":"product","link":"https:\/\/glownaturalliving.com\/de\/winkel\/pflege\/pflege-produkte\/naturliche-kinderzahnpasta-grune-minze-aloe-vera\/","title":{"rendered":"Nat\u00fcrliche Zahnpasta f\u00fcr Kinder \u2013 Spearmint &amp; Aloe Vera"},"content":{"rendered":"<p>Nat\u00fcrliche Zahnpasta f\u00fcr Kinder \u2013 Spearmint &amp; Aloe Vera<\/p>\n<p>100% nat\u00fcrliche, biologische und vegane Zahncreme speziell f\u00fcr Babys und Kinder. Diese bio-zertifizierte und vegane Zahnpasta ist frei von Fluorid, SLS und sicher f\u00fcr das Zahnfleisch und die Milchz\u00e4hne von Babys. <\/p>\n<h4>Eigenschaften<\/h4>\n<ul>\n<li>Nat\u00fcrliche, biologische und vegane Zahnpasta;<\/li>\n<li>Speziell f\u00fcr Babys und Kinder;<\/li>\n<li>Sanft zu Z\u00e4hnen und Zahnfleisch;<\/li>\n<li>100% nat\u00fcrlich \u2013 frei von SLS und Fluorid;<\/li>\n<li>Entfernt Plaque und reduziert das Wachstum von Bakterien;<\/li>\n<li>Wirkt beruhigend und antibakteriell;<\/li>\n<li>Hilft, das Zahnfleisch zu sch\u00fctzen;<\/li>\n<li>87% zertifizierte Bio-Inhaltsstoffe;<\/li>\n<li>Sicher f\u00fcr Kinder und Babys, ungiftig beim Verschlucken;<\/li>\n<li>Kann ab 3+ Monaten verwendet werden;<\/li>\n<li>Ohne Fluorid, SLS, Triclosan, Sorbit, Parabene, k\u00fcnstliche S\u00fc\u00dfstoffe und Farbstoffe.<\/li>\n<\/ul>\n<h4>Wichtige Bio-Zutaten<\/h4>\n<p>Aloe Vera, Pfefferminze und Gr\u00fcne Minze<\/p>\n<p>Wie verwenden Sie die Bio Kinder Mandarine Zahnpasta?<\/p>\n<p>Nimm eine kleine Menge vegane Zahnpasta zum sanften Z\u00e4hneputzen morgens und abends. Es ist nicht n\u00f6tig, die restliche Zahnpasta wegzusp\u00fclen \u2013 verbleibt sie im Mund, hat die Zahnpasta eine sch\u00fctzende Wirkung gegen Bakterienwachstum. <\/p>\n<h4>Zutaten<\/h4>\n<p>CALCIUMCARBONAT, GLYCERIN*, AQUA (REINES WASSER), BETAIN, XANTHANGUMMI, ALOE BARBADENSIS BLATTSAFTPULVER*, AROMA [MENTHA PIPERITA \u00d6L*^, MENTHA SPICATA \u00d6L*^, COMMIPHORA MYRRHA \u00d6L^], OLEA EUROPAEA BLATTEXTRAKT, LIMONEN*. *87,5% ZUTATEN AUS KONTROLLIERT BIOLOGISCHEM ANBAU, ^FAIR GEHANDELT <\/p>\n<h4>\u00dcber Green People<\/h4>\n<p>Mit viel Wissen und Erfahrung bietet Green People ein komplettes Sortiment an zertifizierten Bio-Produkten f\u00fcr die ganze Familie. Die Produkte von Green People enthalten bis zu 99 % aktive nat\u00fcrliche und biologische Inhaltsstoffe, um Ihren K\u00f6rper zu sch\u00fctzen, zu n\u00e4hren, auszugleichen und vor allem zu respektieren. <\/p>\n","protected":false},"excerpt":{"rendered":"<p>100% nat\u00fcrliche, biologische und vegane Zahncreme speziell f\u00fcr Babys und Kinder. Diese bio-zertifizierte und vegane Zahnpasta ist frei von Fluorid, SLS und sicher f\u00fcr das Zahnfleisch und die Milchz\u00e4hne von Babys. <\/p>\n","protected":false},"featured_media":221432,"comment_status":"open","ping_status":"closed","template":"","meta":{"_acf_changed":false},"product_cat":[4604,8687,9290],"product_tag":[],"berocket_brand":[10102],"class_list":["post-221428","product","type-product","status-publish","has-post-thumbnail","hentry","product_cat-neu","product_cat-pflege","product_cat-pflege-produkte","product_shipping_class-pakket-de","berocket_brand-green-people-de"],"acf":[],"aioseo_notices":[],"_links":{"self":[{"href":"https:\/\/glownaturalliving.com\/de\/wp-json\/wp\/v2\/product\/221428","targetHints":{"allow":["GET"]}}],"collection":[{"href":"https:\/\/glownaturalliving.com\/de\/wp-json\/wp\/v2\/product"}],"about":[{"href":"https:\/\/glownaturalliving.com\/de\/wp-json\/wp\/v2\/types\/product"}],"replies":[{"embeddable":true,"href":"https:\/\/glownaturalliving.com\/de\/wp-json\/wp\/v2\/comments?post=221428"}],"wp:featuredmedia":[{"embeddable":true,"href":"https:\/\/glownaturalliving.com\/de\/wp-json\/wp\/v2\/media\/221432"}],"wp:attachment":[{"href":"https:\/\/glownaturalliving.com\/de\/wp-json\/wp\/v2\/media?parent=221428"}],"wp:term":[{"taxonomy":"product_cat","embeddable":true,"href":"https:\/\/glownaturalliving.com\/de\/wp-json\/wp\/v2\/product_cat?post=221428"},{"taxonomy":"product_tag","embeddable":true,"href":"https:\/\/glownaturalliving.com\/de\/wp-json\/wp\/v2\/product_tag?post=221428"},{"taxonomy":"berocket_brand","embeddable":true,"href":"https:\/\/glownaturalliving.com\/de\/wp-json\/wp\/v2\/berocket_brand?post=221428"}],"curies":[{"name":"wp","href":"https:\/\/api.w.org\/{rel}","templated":true}]}}